{"id":5928,"date":"2019-03-21T16:05:29","date_gmt":"2019-03-21T15:05:29","guid":{"rendered":"http:\/\/turboair.com\/spain\/?page_id=5928"},"modified":"2023-02-27T12:34:12","modified_gmt":"2023-02-27T11:34:12","slug":"contactos","status":"publish","type":"page","link":"https:\/\/turboair.com\/spain\/contactos\/","title":{"rendered":"Contactos"},"content":{"rendered":"<p><strong>ELICA ESPA\u00d1A<\/strong><br \/>\nAvda. Generalitat De Catalunya, 21, Esc.9 Bajo 1<br \/>\n08960 Sant Just Desvern<br \/>\nBarcelona Espa\u00f1a<br \/>\n<strong>Asistencia t\u00e9cnica Espa\u00f1a:<\/strong> +34 933 71 98 96<\/p>\n","protected":false},"excerpt":{"rendered":"<p>ELICA ESPA\u00d1A Avda. Generalitat De Catalunya, 21, Esc.9 Bajo 1 08960 Sant Just Desvern Barcelona Espa\u00f1a Asistencia t\u00e9cnica Espa\u00f1a: +34 933 71 98 96<\/p>\n","protected":false},"author":7,"featured_media":0,"parent":0,"menu_order":0,"comment_status":"open","ping_status":"open","template":"page_r.php","meta":[],"_links":{"self":[{"href":"https:\/\/turboair.com\/spain\/wp-json\/wp\/v2\/pages\/5928"}],"collection":[{"href":"https:\/\/turboair.com\/spain\/wp-json\/wp\/v2\/pages"}],"about":[{"href":"https:\/\/turboair.com\/spain\/wp-json\/wp\/v2\/types\/page"}],"author":[{"embeddable":true,"href":"https:\/\/turboair.com\/spain\/wp-json\/wp\/v2\/users\/7"}],"replies":[{"embeddable":true,"href":"https:\/\/turboair.com\/spain\/wp-json\/wp\/v2\/comments?post=5928"}],"version-history":[{"count":6,"href":"https:\/\/turboair.com\/spain\/wp-json\/wp\/v2\/pages\/5928\/revisions"}],"predecessor-version":[{"id":6942,"href":"https:\/\/turboair.com\/spain\/wp-json\/wp\/v2\/pages\/5928\/revisions\/6942"}],"wp:attachment":[{"href":"https:\/\/turboair.com\/spain\/wp-json\/wp\/v2\/media?parent=5928"}],"curies":[{"name":"wp","href":"https:\/\/api.w.org\/{rel}","templated":true}]}}