{"id":5366,"date":"2015-08-25T10:24:03","date_gmt":"2015-08-25T08:24:03","guid":{"rendered":"http:\/\/turboair.com\/spain\/the-italian-spirit\/"},"modified":"2016-09-27T15:31:43","modified_gmt":"2016-09-27T13:31:43","slug":"the-italian-spirit","status":"publish","type":"page","link":"https:\/\/turboair.com\/spain\/the-italian-spirit\/","title":{"rendered":"Esp\u00edritu italiano"},"content":{"rendered":"<p>Italia es un pa\u00eds hecho de inventiva, creatividad y sabidur\u00eda constructiva, con la voluntad de destacarse y hacerse reconocer.<\/p>\n<p>La italianidad es la historia de un pa\u00eds que con los objetos de la vida cotidiana ha construido una identidad, reconocida en el mundo.<\/p>\n<p>Turboair pertenece al mundo, con responsabilidad, con respeto de las diferentes almas, con atenci\u00f3n para con el planeta.<\/p>\n<p>El encuentro entre experiencias, la fusi\u00f3n de los saberes entre cultura art\u00edstica e industrial y la voluntad de afirmarse han construido una marca, presente simult\u00e1neamente en varios lugares.<\/p>\n<p>Pensar, proyectar, construir y distribuir productos en cualquier parte del globo, adquiriendo una identidad com\u00fan, significa producir objetos de calidad, hechos para habitar, para calificar la vivienda humana.<\/p>\n<p>Con su territorialidad y capacidad industrial, desde el distrito industrial de Fabriano, a trav\u00e9s de la experiencia constructiva, los conocimientos fluidodin\u00e1micos y la vocaci\u00f3n cualitativa, Turboair lleva Italia al mundo.<\/p>\n","protected":false},"excerpt":{"rendered":"<p>Italia es un pa\u00eds hecho de inventiva, creatividad y sabidur\u00eda constructiva, con la voluntad de destacarse y hacerse reconocer. La italianidad es la historia de un pa\u00eds que con los objetos de la vida cotidiana ha construido una identidad, reconocida en el mundo. Turboair pertenece al [&hellip;]<\/p>\n","protected":false},"author":4,"featured_media":0,"parent":0,"menu_order":1,"comment_status":"open","ping_status":"open","template":"page_r.php","meta":[],"_links":{"self":[{"href":"https:\/\/turboair.com\/spain\/wp-json\/wp\/v2\/pages\/5366"}],"collection":[{"href":"https:\/\/turboair.com\/spain\/wp-json\/wp\/v2\/pages"}],"about":[{"href":"https:\/\/turboair.com\/spain\/wp-json\/wp\/v2\/types\/page"}],"author":[{"embeddable":true,"href":"https:\/\/turboair.com\/spain\/wp-json\/wp\/v2\/users\/4"}],"replies":[{"embeddable":true,"href":"https:\/\/turboair.com\/spain\/wp-json\/wp\/v2\/comments?post=5366"}],"version-history":[{"count":1,"href":"https:\/\/turboair.com\/spain\/wp-json\/wp\/v2\/pages\/5366\/revisions"}],"predecessor-version":[{"id":5423,"href":"https:\/\/turboair.com\/spain\/wp-json\/wp\/v2\/pages\/5366\/revisions\/5423"}],"wp:attachment":[{"href":"https:\/\/turboair.com\/spain\/wp-json\/wp\/v2\/media?parent=5366"}],"curies":[{"name":"wp","href":"https:\/\/api.w.org\/{rel}","templated":true}]}}