{"id":5112,"date":"2015-10-18T10:07:34","date_gmt":"2015-10-18T08:07:34","guid":{"rendered":"http:\/\/turboair.com\/spain\/use-of-cookies-on-the-site\/"},"modified":"2022-05-30T15:06:19","modified_gmt":"2022-05-30T13:06:19","slug":"cookie-policy","status":"publish","type":"page","link":"https:\/\/turboair.com\/spain\/cookie-policy\/","title":{"rendered":"Cookie Policy"},"content":{"rendered":"<p>Esta informaci\u00f3n, destinada a todas las personas que navegan por el sitio web (en adelante, &#8220;<strong>Sitio<\/strong>&#8220;), se emite de conformidad con el art. 13 del Reg. (UE) n. 2016\/679 (en adelante, &#8220;<strong>GDPR<\/strong>&#8220;) y del art. 122 del d. lgs. 196\/2003 (en adelante, &#8220;<strong>C\u00f3digo de Privacidad<\/strong>&#8220;), as\u00ed como de acuerdo con la disposici\u00f3n del Garante de Privacidad &#8220;Identificaci\u00f3n de las modalidades simplificadas para la informaci\u00f3n y la obtenci\u00f3n del consentimiento para el uso de las cookies&#8221; del 8 de mayo de 2014, como complementado por &#8220;Directrices sobre cookies y otras herramientas de seguimiento&#8221; de 10 de junio de 2021 (en adelante, &#8220;<strong>Medida&#8221;<\/strong>).<\/p>\n<ol>\n<li><strong>Identidad y datos de contacto del responsable del tratamiento<\/strong><\/li>\n<\/ol>\n<p>El responsable del tratamineto es \u00a0Elica S.p.A., situada en Via Ermanno Casoli n. 2 &#8211; 60044 Fabriano (AN) \u2013 Italia, C.F.REG.IMP. AN 00096570429, Tel\u00e9fono +39 0732 610 1, Fax +39 0732 610 249, e-mail: elicaspa@sicurezzapostale.it (a continuaci\u00f3n, \u201c<strong>Responsable<\/strong>\u201d).<\/p>\n<ol start=\"2\">\n<li><strong>Responsable de la protecci\u00f3n de datos (DPO)<\/strong><\/li>\n<\/ol>\n<p>El DPO se puede contactar a la siguiente direcci\u00f3n e-mail: <a href=\"mailto:dpo@elica.com\">dpo@elica.com<\/a><\/p>\n<ol start=\"3\">\n<li><strong>Tipos de datos tratados<\/strong><\/li>\n<\/ol>\n<p>El Sito usa cookies.<\/p>\n<p><strong>Qu\u00e9 son las cookies<\/strong><\/p>\n<p>Las cookies (o marcadores) son peque\u00f1os archivos de texto que se env\u00edan desde el servidor web visitado por el usuario en el dispositivo del usuario (generalmente al navegador), en el momento en que este accede a un determinado sitio con el fin de almacenar y transportar informaci\u00f3n. Se memorizan para que pueda reconocer ese dispositivo la pr\u00f3xima vez que lo visite. En cada visita siguiente, de hecho, las cookies son reenviadas desde el dispositivo del usuario al sitio.<\/p>\n<p>Cada cookie generalmente contiene el nombre del servidor desde el que se envi\u00f3 la cookie y el vencimiento y un valor, generalmente un n\u00famero \u00fanico generado aleatoriamente por el ordenador.<\/p>\n<p><strong>Cookies de primera parte y de tercera parte<\/strong><\/p>\n<p>Las cookies pueden ser instaladas no solo por el mismo operador del sitio visitado por el usuario (cookies de primera parte), sino tambi\u00e9n por un sitio diferente que las instala a trav\u00e9s del primer sitio (cookies de tercera parte) y puede reconocerlas. Esto se debe a que en el sitio visitado pueden estar presentes elementos (im\u00e1genes, mapas, sonidos, enlaces a p\u00e1ginas web de otros dominios, etc.) que residen en servidores distintos al del sitio visitado.<\/p>\n<p><strong>Cookies t\u00e9cnicas, anal\u00edticas y de elaboraci\u00f3n de perfiles<\/strong><\/p>\n<p>En funci\u00f3n de la finalidad, las cookies se distinguen en cookies t\u00e9cnicas y en cookies de creaci\u00f3n de perfiles.<\/p>\n<p><strong>Las cookies t\u00e9cnicas<\/strong> se instalan con el \u00fanico prop\u00f3sito de &#8220;efectuar la transmisi\u00f3n de una comunicaci\u00f3n a trav\u00e9s de una red de comunicaciones electr\u00f3nicas, o en la medida estrictamente necesaria para el proveedor de un servicio de la sociedad de la informaci\u00f3n expresamente solicitado por el abonado o el usuario para prestar dicho servicio&#8221; (Cfr. art. 122, co. 1, C\u00f3digo Privacy). Por lo general, se utilizan para permitir una navegaci\u00f3n eficiente entre las p\u00e1ginas, almacenar las preferencias de los usuarios, almacenar informaci\u00f3n sobre configuraciones espec\u00edficas de los usuarios, autenticar a los usuarios, etc.<\/p>\n<p>Las cookies t\u00e9cnicas se pueden dividir en cookies de navegaci\u00f3n, utilizadas para registrar datos \u00fatiles para la navegaci\u00f3n normal y el uso del sitio web en el ordenador del usuario (permitiendo, por ejemplo, recordar el tama\u00f1o preferido de la p\u00e1gina en una lista) y cookies funcionales, que permiten al sitio web recordar las elecciones realizadas por el usuario para optimizar sus funciones (por ejemplo, las cookies funcionales permiten que el sitio recuerde la configuraci\u00f3n espec\u00edfica del usuario, como la selecci\u00f3n del pa\u00eds y, si est\u00e1 configurado, el estado de acceso permanente). Algunas de estas cookies (llamadas esenciales o strictly necessary) habilitan funciones sin las cuales no ser\u00eda posible realizar algunas operaciones.<\/p>\n<p>De conformidad con el art. 122, co. 1, C\u00f3digo de Privacidad, el uso de cookies t\u00e9cnicas no requiere el consentimiento de los usuarios, sino que solo requiere la obligaci\u00f3n de informar a los usuarios.<\/p>\n<p>De acuerdo con la Disposici\u00f3n, las cookies t\u00e9cnicas se asimilan &#8211; y, por lo tanto, para su instalaci\u00f3n, no se requiere el consentimiento de los usuarios &#8211; las cookies de cd. analytics si:<\/p>\n<ol>\n<li>realizados y utilizados directamente por el operador del sitio web en primera parte (sin intervenci\u00f3n de terceros) con fines de optimizaci\u00f3n del mismo para recoger informaci\u00f3n agregada sobre el n\u00famero de usuarios y sobre c\u00f3mo estos visitan el sitio web, as\u00ed como<\/li>\n<\/ol>\n<ol>\n<li>realizados y puestos a disposici\u00f3n por terceras partes si:\n<ol>\n<li>utilizados por la primera parte para fines estad\u00edsticos, cuando se adopten medidas de minimizaci\u00f3n adecuadas para reducir su poder de identificaci\u00f3n (por ejemplo, mediante el enmascaramiento de partes adecuadas de la direcci\u00f3n IP) y utilizados \u00fanicamente para la elaboraci\u00f3n de estad\u00edsticas agregadas y, por regla general, en relaci\u00f3n con un \u00fanico sitio o aplicaci\u00f3n m\u00f3vil, de manera que no se permita el seguimiento de la navegaci\u00f3n de la persona que utiliza diferentes aplicaciones o navega por diferentes sitios web;<\/li>\n<li>los terceros, que proporcionan al sitio el servicio de medici\u00f3n web, no combinen, enriquezcan o crucen los datos, incluso minimizados como anteriormente dicho, con otra informaci\u00f3n de la que disponen dichos terceros (p. ej., archivos de clientes o estad\u00edsticas de visitas a otros sitios) ni los transmitan a terceros adicionales.<\/li>\n<\/ol>\n<\/li>\n<\/ol>\n<p><strong>Las cookies de perfil<\/strong> sirven para rastrear la navegaci\u00f3n del usuario, analizar su comportamiento con fines de marketing y crear perfiles sobre sus gustos, h\u00e1bitos, opciones, etc. para transmitir mensajes publicitarios adaptados a sus intereses y en l\u00ednea con las preferencias manifestadas en la navegaci\u00f3n en l\u00ednea. Estas cookies, de conformidad con el art. 122 del C\u00f3digo de Privacidad, solo se pueden instalar en el terminal del usuario si \u00e9ste ha expresado su consentimiento despu\u00e9s de haber sido informado con las modalidades simplificadas indicadas por el Garante en la Medida (publicaci\u00f3n en el sitio de una nota informativa &#8220;breve&#8221; contenida en un banner que aparece inmediatamente en la p\u00e1gina de inicio (u otra p\u00e1gina a trav\u00e9s de la cual el usuario puede acceder al sitio), que remite a una nota informativa &#8220;ampliada&#8221;, a la que se accede a trav\u00e9s de un enlace al que el usuario puede hacer clic).<\/p>\n<p><strong>Cookies persistentes y de sesi\u00f3n<\/strong><\/p>\n<p>En funci\u00f3n de su duraci\u00f3n, las cookies se distinguen en <strong>persistentes,<\/strong> que permanecen almacenados, hasta su vencimiento, en el dispositivo del usuario, salvo eliminaci\u00f3n por parte de este \u00faltimo, y <strong>de sesi\u00f3n<\/strong>, que no se almacenan de forma persistente en el dispositivo del usuario y desaparecen con el cierre del navegador.<\/p>\n<p><strong><u>Lista de cookies utilizadas por este sitio web<\/u><\/strong><\/p>\n<p><strong>Cookies t\u00e9cnicas<\/strong><\/p>\n<p>Este sitio utiliza cookies t\u00e9cnicas, instaladas por el propio sitio para los fines indicados a continuaci\u00f3n.<\/p>\n<p>Este tipo de cookies no se puede desactivar y para su instalaci\u00f3n, como indicado anteriormente, no se requiere el consentimiento previo de los usuarios de acuerdo con el art. 122 del C\u00f3digo de Privacidad.<\/p>\n<table width=\"642\">\n<tbody>\n<tr>\n<td width=\"201\">Nombre<\/td>\n<td width=\"143\">Primera o tercera parte<\/td>\n<td width=\"167\">F\u00edn<\/td>\n<td width=\"131\">Duraci\u00f3n<\/td>\n<\/tr>\n<tr>\n<td width=\"201\">PHPSESSID<\/td>\n<td width=\"143\">Elica<\/td>\n<td width=\"167\">Memoriza el estado de la sesi\u00f3n.<\/td>\n<td width=\"131\">Sesi\u00f3n<\/td>\n<\/tr>\n<tr>\n<td width=\"201\">_icl_current_language<\/td>\n<td width=\"143\">Elica<\/td>\n<td width=\"167\">Memoriza la lengua seleccionada.<\/td>\n<td width=\"131\">1 d\u00eda<\/td>\n<\/tr>\n<\/tbody>\n<\/table>\n<p><strong>Cookies anal\u00edticas anonimizadas<\/strong><\/p>\n<p>El sitio usa cookies anal\u00edticas realizadas y puestas a disposici\u00f3n por terceros para analizar estad\u00edsticamente los accesos o las visitas al sitio, permitir al Responsable mejorar la estructura, las l\u00f3gicas de navegaci\u00f3n y los contenidos y recoger informaci\u00f3n sobre el uso del sitio.<\/p>\n<p>Para m\u00e1s detalles e informaci\u00f3n, visite el siguiente enlace: \u00a0<a href=\"https:\/\/support.google.com\/analytics\/answer\/1011397\">https:\/\/support.google.com\/analytics\/answer\/1011397<\/a><\/p>\n<p>Estas cookies, convenientemente anonimizadas (mediante el enmascaramiento de porciones significativas de la direcci\u00f3n IP), permiten la recopilaci\u00f3n de informaci\u00f3n agregada sobre el n\u00famero de usuarios y sobre c\u00f3mo estos visitan el sitio sin poder identificar al usuario individual. Por lo tanto, no se requiere el consentimiento previo de los usuarios de acuerdo con lo establecido en la Medida.<\/p>\n<table width=\"642\">\n<tbody>\n<tr>\n<td width=\"201\">Nombre<\/td>\n<td width=\"143\">Primera o tercera parte<\/td>\n<td width=\"167\">F\u00edn<\/td>\n<td width=\"131\">Duraci\u00f3n<\/td>\n<\/tr>\n<tr>\n<td width=\"201\">_gat<\/td>\n<td width=\"143\">Elica<\/td>\n<td width=\"167\">Cookies ofrecidas por <a href=\"https:\/\/policies.google.com\/privacy\">Google<\/a>, sirve para acelerar la tasa de solicitud.<\/td>\n<td width=\"131\">Sesi\u00f3n<\/td>\n<\/tr>\n<tr>\n<td width=\"201\">_ga<\/td>\n<td width=\"143\">Elica<\/td>\n<td width=\"167\">Cookies ofrecidas por <a href=\"https:\/\/policies.google.com\/privacy\">Google<\/a>, sirve para distinguir a los usuarios \u00fanicos asignando un n\u00famero generado aleatoriamente como identificador. Se incluye en cada solicitud de p\u00e1gina del sitio y se utiliza para calcular los datos de visitantes, sesiones y campa\u00f1as.<\/td>\n<td width=\"131\">730 d\u00edas<\/td>\n<\/tr>\n<tr>\n<td width=\"201\">_gid<\/td>\n<td width=\"143\">Elica<\/td>\n<td width=\"167\">Cookies ofrecidas por <a href=\"https:\/\/policies.google.com\/privacy\">Google<\/a>, sirve para memorizar y actualizar un valor \u00fanico para cada p\u00e1gina visitada.<\/td>\n<td width=\"131\">1 d\u00eda<\/td>\n<\/tr>\n<\/tbody>\n<\/table>\n<p><strong>\u00a0<\/strong><\/p>\n<p>Una vez transcurridos los plazos de conservaci\u00f3n indicados anteriormente, los datos ser\u00e1n destruidos o anonimizados, de conformidad con los procedimientos t\u00e9cnicos de eliminaci\u00f3n y copia de seguridad.<\/p>\n<ol start=\"4\">\n<li><strong>Suministro de datos<\/strong><\/li>\n<\/ol>\n<p>Los datos relativos a las cookies para los cuales no es necesario el consentimiento, son necesarios para la prestaci\u00f3n del correspondiente servicio; por lo tanto, la falta de concesi\u00f3n de dichos datos comportar\u00e1 la imposibilidad de poder utilizar el servicio solicitado.<\/p>\n<ol start=\"5\">\n<li><strong>Destinatarios<\/strong><\/li>\n<\/ol>\n<p>Los tratamientos relacionados con los servicios web de este Sitio son realizados por personal expresamente autorizado al tratamiento que ha recibido instrucciones operativas adecuadas.<\/p>\n<p>Los datos tambi\u00e9n podr\u00e1n ser procesados, en nombre del Responsable, por terceros, designados como Procesadores de Datos de conformidad con el art. 28 del RGPD, como personas f\u00edsicas y\/o jur\u00eddicas que realizan actividades funcionales para los fines indicados anteriormente, por ejemplo, la empresa que se ocupa de la gesti\u00f3n y mantenimiento del Sitio.<\/p>\n<p>Los datos podr\u00e1n ser comunicados a responsables aut\u00f3nomos del tratamiento, como autoridades y organismos de supervisi\u00f3n y control habilitados para solicitar\/recibir los datos, as\u00ed como a terceros proveedores (o vendors) enumerados en las tablas anteriores que contienen la lista de cookies, en la que figura tambi\u00e9n el enlace a la informaci\u00f3n pertinente.<\/p>\n<p>Cuando los datos se transfieran a pa\u00edses fuera de la Uni\u00f3n Europea (UE) o del Espacio Econ\u00f3mico Europeo (EEE) que la Comisi\u00f3n Europea no considere adecuados, se utilizar\u00e1n las &#8220;herramientas de transferencia&#8221; mencionadas en el art. 45 del RGPD, evaluando la eventual previsi\u00f3n de &#8220;medidas adicionales&#8221; adecuadas para garantizar un nivel de protecci\u00f3n sustancialmente equivalente al requerido por el derecho de la Uni\u00f3n Europea. Para obtener m\u00e1s informaci\u00f3n, consulte los enlaces a la pol\u00edtica de terceros que se muestran en la tabla.<\/p>\n<ol start=\"6\">\n<li><strong>Configuraci\u00f3n de los navegadores<\/strong><\/li>\n<\/ol>\n<p>Los usuarios tambi\u00e9n pueden mostrar sus opciones de cookies a trav\u00e9s de la configuraci\u00f3n de su navegador. Incluso si el navegador utilizado por el usuario est\u00e1 configurado para aceptar autom\u00e1ticamente las cookies, este \u00faltimo puede cambiar la configuraci\u00f3n predeterminada a trav\u00e9s del men\u00fa de configuraci\u00f3n, eliminando y\/o quitando todas o algunas cookies, Bloquear el env\u00edo de cookies o restringirlo a ciertos sitios. La desactivaci\u00f3n, el bloqueo de las cookies o su eliminaci\u00f3n podr\u00eda comprometer el buen uso de algunas \u00e1reas del Sitio o impedir algunas funciones del mismo, as\u00ed como afectar el funcionamiento de los servicios de terceros.\u00a0 A continuaci\u00f3n encontrar\u00e1 enlaces a las gu\u00edas de gesti\u00f3n de cookies de los principales navegadores:<\/p>\n<ul>\n<li><a href=\"https:\/\/support.microsoft.com\/en-us\/help\/17442\/windows-internet-explorer-delete-manage-cookies\">Microsoft Internet Explorer<\/a><\/li>\n<li><a href=\"https:\/\/support.microsoft.com\/en-gb\/help\/4027947\/microsoft-edge-delete-cookies\">Microsoft Edge<\/a><\/li>\n<li><a href=\"https:\/\/support.google.com\/chrome\/answer\/95647?hl=it&amp;p=cpn_cookies%20https:\/\/support.google.com\/accounts\/answer\/61416?hl=it%20%20Google%20Chrome%20per%20Mobile:%20Accedere%20tramite%20link%20https:\/\/support.google.com\/chrome\/answer\/2392971?hl=it\">Google Chrome<\/a><\/li>\n<li><a href=\"https:\/\/support.mozilla.org\/it\/kb\/Attivare%20e%20disattivare%20i%20cookie\">Mozilla Firefox<\/a><\/li>\n<li><a href=\"https:\/\/support.apple.com\/it-it\/HT201265\">Safari<\/a><\/li>\n<li><a href=\"http:\/\/help.opera.com\/Windows\/10.00\/it\/cookies.htm\">Opera<\/a><\/li>\n<\/ul>\n<p>Para los navegadores diferentes de los indicados anteriormente, es necesario consultar la correspondiente gu\u00eda para identificar las modalidades de gesti\u00f3n de las cookies.<\/p>\n<ol start=\"7\">\n<li><strong>Los derechos de los interesados<\/strong><\/li>\n<\/ol>\n<p>En relaci\u00f3n con los tratamientos de datos personales efectuados por el Responsable, el interesado, adem\u00e1s de lo indicado en el p\u00e1rrafo anterior, puede ejercer los derechos contemplados en los art\u00edculos. 15 a 22 del GDPR cuando proceda, y en particular, puede solicitar el acceso a los datos que le conciernen y a la informaci\u00f3n mencionada en el art. 15 (finalidad del tratamiento, categor\u00edas de datos personales, etc.), su supresi\u00f3n en los supuestos previstos por el art. 17, la rectificaci\u00f3n de los datos inexactos, la integraci\u00f3n de los datos incompletos, la limitaci\u00f3n del tratamiento en los casos previstos por el art. 18, adem\u00e1s de la portabilidad de los datos (es decir, recibir los datos en un formato estructurado, de uso com\u00fan y legible por m\u00e1quina y, cuando sea t\u00e9cnicamente posible, transmitirlos a otro Responsable sin impedimentos) en caso de que el tratamiento se base en el consentimiento o en el contrato y se efect\u00fae con instrumentos automatizados.<\/p>\n<p>Para el ejercicio de los derechos, el interesado puede dirigirse al Responsable en los puntos de contacto indicados en el p\u00e1rr. 1.<\/p>\n<p>El interesado tiene derecho a presentar una reclamaci\u00f3n ante la autoridad de control competente del Estado miembro en el que reside o trabaja habitualmente o del Estado en el que se ha producido la presunta infracci\u00f3n.<\/p>\n","protected":false},"excerpt":{"rendered":"<p>Esta informaci\u00f3n, destinada a todas las personas que navegan por el sitio web (en adelante, &#8220;Sitio&#8220;), se emite de conformidad con el art. 13 del Reg. (UE) n. 2016\/679 (en adelante, &#8220;GDPR&#8220;) y del art. 122 del d. lgs. 196\/2003 (en adelante, &#8220;C\u00f3digo de Privacidad&#8220;), as\u00ed [&hellip;]<\/p>\n","protected":false},"author":4,"featured_media":0,"parent":0,"menu_order":0,"comment_status":"closed","ping_status":"closed","template":"","meta":[],"_links":{"self":[{"href":"https:\/\/turboair.com\/spain\/wp-json\/wp\/v2\/pages\/5112"}],"collection":[{"href":"https:\/\/turboair.com\/spain\/wp-json\/wp\/v2\/pages"}],"about":[{"href":"https:\/\/turboair.com\/spain\/wp-json\/wp\/v2\/types\/page"}],"author":[{"embeddable":true,"href":"https:\/\/turboair.com\/spain\/wp-json\/wp\/v2\/users\/4"}],"replies":[{"embeddable":true,"href":"https:\/\/turboair.com\/spain\/wp-json\/wp\/v2\/comments?post=5112"}],"version-history":[{"count":12,"href":"https:\/\/turboair.com\/spain\/wp-json\/wp\/v2\/pages\/5112\/revisions"}],"predecessor-version":[{"id":6926,"href":"https:\/\/turboair.com\/spain\/wp-json\/wp\/v2\/pages\/5112\/revisions\/6926"}],"wp:attachment":[{"href":"https:\/\/turboair.com\/spain\/wp-json\/wp\/v2\/media?parent=5112"}],"curies":[{"name":"wp","href":"https:\/\/api.w.org\/{rel}","templated":true}]}}