{"id":5067,"date":"2016-01-15T16:20:29","date_gmt":"2016-01-15T15:20:29","guid":{"rendered":"http:\/\/turboair.com\/spain\/about\/"},"modified":"2017-01-10T18:19:05","modified_gmt":"2017-01-10T17:19:05","slug":"about","status":"publish","type":"page","link":"https:\/\/turboair.com\/spain\/about\/","title":{"rendered":"Sobre"},"content":{"rendered":"<p>Bastan tres palabras para describir un mundo. Pure Italian Technology. Son los valores que, que durante m\u00e1s de 35 a\u00f1os,<br \/>\nTurboair exporta en todo el mundo, i que el mundo ha aprendido a reconocer. Aquellos que, atrav\u00e9s de sus campanas, cuentan una<br \/>\nhistoria de excelencia, toda italiana. La excelencia del pensamiento &#8211; planificaci\u00f3n, estilo, dise\u00f1o. La excelencia del producto &#8211; saber hacer, cuidado del detalle, calidad sin concesiones.<br \/>\nLa excelencia de la tecnolog\u00eda &#8211; la m\u00e1s exclusiva e innovadora, fruto de la investigaci\u00f3n y desarrollo de los laboratiorios m\u00e1s avanzados del mundo, los del grupo Elica.<br \/>\nY todo esto para lograr un ambicioso objetivo: la excelencia del aire.<\/p>\n","protected":false},"excerpt":{"rendered":"<p>Bastan tres palabras para describir un mundo. Pure Italian Technology. Son los valores que, que durante m\u00e1s de 35 a\u00f1os, Turboair exporta en todo el mundo, i que el mundo ha aprendido a reconocer. Aquellos que, atrav\u00e9s de sus campanas, cuentan una historia de excelencia, toda [&hellip;]<\/p>\n","protected":false},"author":4,"featured_media":0,"parent":0,"menu_order":0,"comment_status":"open","ping_status":"open","template":"page_r.php","meta":[],"_links":{"self":[{"href":"https:\/\/turboair.com\/spain\/wp-json\/wp\/v2\/pages\/5067"}],"collection":[{"href":"https:\/\/turboair.com\/spain\/wp-json\/wp\/v2\/pages"}],"about":[{"href":"https:\/\/turboair.com\/spain\/wp-json\/wp\/v2\/types\/page"}],"author":[{"embeddable":true,"href":"https:\/\/turboair.com\/spain\/wp-json\/wp\/v2\/users\/4"}],"replies":[{"embeddable":true,"href":"https:\/\/turboair.com\/spain\/wp-json\/wp\/v2\/comments?post=5067"}],"version-history":[{"count":3,"href":"https:\/\/turboair.com\/spain\/wp-json\/wp\/v2\/pages\/5067\/revisions"}],"predecessor-version":[{"id":5542,"href":"https:\/\/turboair.com\/spain\/wp-json\/wp\/v2\/pages\/5067\/revisions\/5542"}],"wp:attachment":[{"href":"https:\/\/turboair.com\/spain\/wp-json\/wp\/v2\/media?parent=5067"}],"curies":[{"name":"wp","href":"https:\/\/api.w.org\/{rel}","templated":true}]}}