{"id":5062,"date":"2015-08-24T17:20:24","date_gmt":"2015-08-24T15:20:24","guid":{"rendered":"http:\/\/turboair.com\/spain\/correct-installation\/"},"modified":"2016-09-23T17:20:54","modified_gmt":"2016-09-23T15:20:54","slug":"correct-installation","status":"publish","type":"page","link":"https:\/\/turboair.com\/spain\/correct-installation\/","title":{"rendered":"La instalaci\u00f3n correcta"},"content":{"rendered":"<p>La instalaci\u00f3n correcta es importante para asegurar el funcionamiento ideal de la campana. Es necesario seguir detenidamente todas las fases indicadas en el manual de instrucciones de cada producto. Por \u00faltimo, recuerden respetar la distancia m\u00ednima desde el plano de cocci\u00f3n a la campana, que figura en el manual de instrucciones, para evitar da\u00f1ar los componentes funcionales y garantizar la seguridad personal.<\/p>\n","protected":false},"excerpt":{"rendered":"<p>La instalaci\u00f3n correcta es importante para asegurar el funcionamiento ideal de la campana. Es necesario seguir detenidamente todas las fases indicadas en el manual de instrucciones de cada producto. Por \u00faltimo, recuerden respetar la distancia m\u00ednima desde el plano de cocci\u00f3n a la campana, que figura [&hellip;]<\/p>\n","protected":false},"author":4,"featured_media":0,"parent":0,"menu_order":1,"comment_status":"open","ping_status":"open","template":"page_r.php","meta":[],"_links":{"self":[{"href":"https:\/\/turboair.com\/spain\/wp-json\/wp\/v2\/pages\/5062"}],"collection":[{"href":"https:\/\/turboair.com\/spain\/wp-json\/wp\/v2\/pages"}],"about":[{"href":"https:\/\/turboair.com\/spain\/wp-json\/wp\/v2\/types\/page"}],"author":[{"embeddable":true,"href":"https:\/\/turboair.com\/spain\/wp-json\/wp\/v2\/users\/4"}],"replies":[{"embeddable":true,"href":"https:\/\/turboair.com\/spain\/wp-json\/wp\/v2\/comments?post=5062"}],"version-history":[{"count":1,"href":"https:\/\/turboair.com\/spain\/wp-json\/wp\/v2\/pages\/5062\/revisions"}],"predecessor-version":[{"id":5063,"href":"https:\/\/turboair.com\/spain\/wp-json\/wp\/v2\/pages\/5062\/revisions\/5063"}],"wp:attachment":[{"href":"https:\/\/turboair.com\/spain\/wp-json\/wp\/v2\/media?parent=5062"}],"curies":[{"name":"wp","href":"https:\/\/api.w.org\/{rel}","templated":true}]}}