{"id":5060,"date":"2015-08-24T17:19:07","date_gmt":"2015-08-24T15:19:07","guid":{"rendered":"http:\/\/turboair.com\/spain\/air-filtration\/"},"modified":"2016-08-03T10:04:44","modified_gmt":"2016-08-03T08:04:44","slug":"air-filtration","status":"publish","type":"page","link":"https:\/\/turboair.com\/spain\/air-filtration\/","title":{"rendered":"Filtraci\u00f3n del aire"},"content":{"rendered":"<p>En una campana existen dos barreras distintas de filtraci\u00f3n del aire. La primera, constituida por el filtro de grasa y siempre presente, est\u00e1 situada inmediatamente en la entrada del producto. La funci\u00f3n del filtro de grasa es proteger el interior del producto, filtrando las part\u00edculas de grasa m\u00e1s pesadas del aire extra\u00eddo. Estos filtros pueden ser de diferente naturaleza: de material sint\u00e9tico (a sustituir c\u00edclicamente), de aluminio (lavable) o rejillas filtro aluminio (GFA), o de acero inoxidable (GFI), f\u00e1cilmente desmontables de la campana y lavables, tanto a mano con jab\u00f3n l\u00edquido como en el lavavajillas. El segundo tipo de filtro, es decir, el filtro de olor, est\u00e1 presente s\u00f3lo en los productos en versi\u00f3n filtrante. Se trata de filtros dedicados al \u201clavado\u201d del aire extra\u00eddo por la campana. La soluci\u00f3n tradicional est\u00e1 constituida por un contenedor de pl\u00e1stico, oportunamente perfilado, que contiene gr\u00e1nulos de carb\u00f3n activo.<\/p>\n<p>Este carb\u00f3n tiene la capacidad de capturar y retener las grasas, la humedad y los olores. Estos filtros, denominados de carb\u00f3n activo, deben sustituirse cada 3-4 meses aproximadamente. Para la filtraci\u00f3n de los olores, Elica propone como alternativa una tecnolog\u00eda innovadora: Long Life Filter. Este filtro particular garantiza una elevada eficacia con un ciclo de vida muy largo. En efecto, no debe sustituirse frecuentemente sino que puede \u201cregenerarse\u201d f\u00e1cilmente con un lavado normal en lavavajillas seguido de un secado en horno durante diez minutos a 100\u00b0C. Con estas simples operaciones, Long Life Filter garantiza una elevada eficacia de hasta 3 a\u00f1os.<\/p>\n<p class=\"p1\"><a href=\"http:\/\/turboair.com\/wp-content\/uploads\/sites\/8\/2015\/08\/Long_life_filter-Turboair.jpg\"><img loading=\"lazy\" class=\"alignnone size-large wp-image-4122\" src=\"http:\/\/turboair.com\/wp-content\/uploads\/sites\/8\/2015\/08\/Long_life_filter-Turboair-1024x429.jpg\" alt=\"Long Life Filter Turboair\" width=\"1024\" height=\"429\" srcset=\"https:\/\/turboair.com\/spain\/wp-content\/uploads\/sites\/16\/2015\/08\/Long_life_filter-Turboair-1024x429.jpg 1024w, https:\/\/turboair.com\/spain\/wp-content\/uploads\/sites\/16\/2015\/08\/Long_life_filter-Turboair-300x126.jpg 300w, https:\/\/turboair.com\/spain\/wp-content\/uploads\/sites\/16\/2015\/08\/Long_life_filter-Turboair-960x403.jpg 960w, https:\/\/turboair.com\/spain\/wp-content\/uploads\/sites\/16\/2015\/08\/Long_life_filter-Turboair-440x185.jpg 440w, https:\/\/turboair.com\/spain\/wp-content\/uploads\/sites\/16\/2015\/08\/Long_life_filter-Turboair.jpg 1154w\" sizes=\"(max-width: 1024px) 100vw, 1024px\" \/><\/a><\/p>\n","protected":false},"excerpt":{"rendered":"<p>En una campana existen dos barreras distintas de filtraci\u00f3n del aire. La primera, constituida por el filtro de grasa y siempre presente, est\u00e1 situada inmediatamente en la entrada del producto. La funci\u00f3n del filtro de grasa es proteger el interior del producto, filtrando las part\u00edculas de [&hellip;]<\/p>\n","protected":false},"author":4,"featured_media":0,"parent":0,"menu_order":3,"comment_status":"open","ping_status":"open","template":"page_r.php","meta":[],"_links":{"self":[{"href":"https:\/\/turboair.com\/spain\/wp-json\/wp\/v2\/pages\/5060"}],"collection":[{"href":"https:\/\/turboair.com\/spain\/wp-json\/wp\/v2\/pages"}],"about":[{"href":"https:\/\/turboair.com\/spain\/wp-json\/wp\/v2\/types\/page"}],"author":[{"embeddable":true,"href":"https:\/\/turboair.com\/spain\/wp-json\/wp\/v2\/users\/4"}],"replies":[{"embeddable":true,"href":"https:\/\/turboair.com\/spain\/wp-json\/wp\/v2\/comments?post=5060"}],"version-history":[{"count":1,"href":"https:\/\/turboair.com\/spain\/wp-json\/wp\/v2\/pages\/5060\/revisions"}],"predecessor-version":[{"id":5061,"href":"https:\/\/turboair.com\/spain\/wp-json\/wp\/v2\/pages\/5060\/revisions\/5061"}],"wp:attachment":[{"href":"https:\/\/turboair.com\/spain\/wp-json\/wp\/v2\/media?parent=5060"}],"curies":[{"name":"wp","href":"https:\/\/api.w.org\/{rel}","templated":true}]}}