{"id":5058,"date":"2015-03-21T15:37:30","date_gmt":"2015-03-21T14:37:30","guid":{"rendered":"http:\/\/turboair.com\/spain\/choosing-the-correct-airflow-power\/"},"modified":"2025-03-12T11:27:52","modified_gmt":"2025-03-12T10:27:52","slug":"choosing-the-correct-airflow-power","status":"publish","type":"page","link":"https:\/\/turboair.com\/spain\/choosing-the-correct-airflow-power\/","title":{"rendered":"C\u00f3mo seleccionar el caudal adecuado"},"content":{"rendered":"<p>La potencia de extracci\u00f3n necesaria depende de las dimensiones de la cocina y del modo de cocinar. Con un simple c\u00e1lculo es posible identificar el caudal m\u00e1s adecuado para cada cocina.<\/p>\n<p>Basta multiplicar por 10 el volumen de la habitaci\u00f3n para obtener el caudal ideal. Por ejemplo, para una cocina de 3m x 4m alta 2,7m: (3 x 4 x 2,7) x 10 = 324. En este caso, cada campana Turboair con caudal m\u00e1ximo igual o superior a 324 m3\/h garantiza la plena y eficaz ventilaci\u00f3n del ambiente. No olviden, en todo caso, sus costumbres culinarias. Para quienes habitualmente preparan comidas r\u00e1pidas, son suficientes los modelos de hasta 300-400 m3\/h.<\/p>\n<p>Para una familia compuesta por tres o cuatro personas con alimentaci\u00f3n mixta, son preferibles los modelos de 400-500 m3\/h. Para las familias numerosas, para los apasionados por el arte culinario o para reunir a muchos amigos en una amplia cocina con el fin de probar recetas ex\u00f3ticas, el caudal de extracci\u00f3n de la campana deber\u00e1 ser superior a 500 m3\/h. La extracci\u00f3n eficaz de los humos de cocci\u00f3n depende adem\u00e1s del uso correcto del producto. Es buena regla encender la campana a la primera velocidad cuando se inicia la cocci\u00f3n, aumentando luego la extracci\u00f3n en el momento en que se produce la mayor producci\u00f3n de humo y de olores. Una vez concluida la cocci\u00f3n, volver a la velocidad m\u00e1s baja manteniendo la campana encendida por otros 5-10 min.<\/p>\n<p class=\"p1\"><a href=\"http:\/\/turboair.com\/wp-content\/uploads\/sites\/8\/2015\/03\/Portata.jpg\"><img loading=\"lazy\" class=\"alignnone size-full wp-image-4117\" src=\"https:\/\/turboair.com\/spain\/wp-content\/uploads\/sites\/16\/2025\/03\/download.png\" alt=\"Portata Cappa da cucina\" width=\"908\" height=\"484\" \/><\/a><\/p>\n","protected":false},"excerpt":{"rendered":"<p>La potencia de extracci\u00f3n necesaria depende de las dimensiones de la cocina y del modo de cocinar. Con un simple c\u00e1lculo es posible identificar el caudal m\u00e1s adecuado para cada cocina. Basta multiplicar por 10 el volumen de la habitaci\u00f3n para obtener el caudal ideal. Por [&hellip;]<\/p>\n","protected":false},"author":4,"featured_media":0,"parent":0,"menu_order":0,"comment_status":"open","ping_status":"open","template":"page_r.php","meta":[],"_links":{"self":[{"href":"https:\/\/turboair.com\/spain\/wp-json\/wp\/v2\/pages\/5058"}],"collection":[{"href":"https:\/\/turboair.com\/spain\/wp-json\/wp\/v2\/pages"}],"about":[{"href":"https:\/\/turboair.com\/spain\/wp-json\/wp\/v2\/types\/page"}],"author":[{"embeddable":true,"href":"https:\/\/turboair.com\/spain\/wp-json\/wp\/v2\/users\/4"}],"replies":[{"embeddable":true,"href":"https:\/\/turboair.com\/spain\/wp-json\/wp\/v2\/comments?post=5058"}],"version-history":[{"count":2,"href":"https:\/\/turboair.com\/spain\/wp-json\/wp\/v2\/pages\/5058\/revisions"}],"predecessor-version":[{"id":7217,"href":"https:\/\/turboair.com\/spain\/wp-json\/wp\/v2\/pages\/5058\/revisions\/7217"}],"wp:attachment":[{"href":"https:\/\/turboair.com\/spain\/wp-json\/wp\/v2\/media?parent=5058"}],"curies":[{"name":"wp","href":"https:\/\/api.w.org\/{rel}","templated":true}]}}