{"id":5052,"date":"2015-08-25T10:29:27","date_gmt":"2015-08-25T08:29:27","guid":{"rendered":"http:\/\/turboair.com\/spain\/details-and-manufacture\/"},"modified":"2016-08-03T09:54:34","modified_gmt":"2016-08-03T07:54:34","slug":"details-and-manufacture","status":"publish","type":"page","link":"https:\/\/turboair.com\/spain\/details-and-manufacture\/","title":{"rendered":"Detalles y construcci\u00f3n"},"content":{"rendered":"<p>Turboair es, ante todo, garant\u00eda de seguridad, gracias al uso exclusivo de componentes probados.<\/p>\n<p>La pintura anti\u00f3xido, los bordes no filosos, el cuidado del ensamblaje y los procesos de calidad dan origen a productos certificados y seguros.<\/p>\n<p>Los acoplamientos perfectos entre el vidrio y el acero y la precisi\u00f3n de los detalles son fruto del alto valor del dise\u00f1o, como en los productos m\u00e1s recientes.<\/p>\n<p>Ejemplo de excelencia y tecnolog\u00eda italiana, si consideramos la preciosidad de los componentes, como el Touch Control con sensor de temperatura de \u00faltima generaci\u00f3n, los mandos electr\u00f3nicos intuitivos, los filtros de grasa con amplia superficie de extracci\u00f3n, amovibles y lavables.<\/p>\n<p>Turboair, una marca segura, fiable, exclusiva, con productos de f\u00e1cil instalaci\u00f3n que la convierten en una marca de calidad al precio justo.<\/p>\n","protected":false},"excerpt":{"rendered":"<p>Turboair es, ante todo, garant\u00eda de seguridad, gracias al uso exclusivo de componentes probados. La pintura anti\u00f3xido, los bordes no filosos, el cuidado del ensamblaje y los procesos de calidad dan origen a productos certificados y seguros. Los acoplamientos perfectos entre el vidrio y el acero [&hellip;]<\/p>\n","protected":false},"author":4,"featured_media":0,"parent":0,"menu_order":3,"comment_status":"open","ping_status":"open","template":"page_r.php","meta":[],"_links":{"self":[{"href":"https:\/\/turboair.com\/spain\/wp-json\/wp\/v2\/pages\/5052"}],"collection":[{"href":"https:\/\/turboair.com\/spain\/wp-json\/wp\/v2\/pages"}],"about":[{"href":"https:\/\/turboair.com\/spain\/wp-json\/wp\/v2\/types\/page"}],"author":[{"embeddable":true,"href":"https:\/\/turboair.com\/spain\/wp-json\/wp\/v2\/users\/4"}],"replies":[{"embeddable":true,"href":"https:\/\/turboair.com\/spain\/wp-json\/wp\/v2\/comments?post=5052"}],"version-history":[{"count":1,"href":"https:\/\/turboair.com\/spain\/wp-json\/wp\/v2\/pages\/5052\/revisions"}],"predecessor-version":[{"id":5053,"href":"https:\/\/turboair.com\/spain\/wp-json\/wp\/v2\/pages\/5052\/revisions\/5053"}],"wp:attachment":[{"href":"https:\/\/turboair.com\/spain\/wp-json\/wp\/v2\/media?parent=5052"}],"curies":[{"name":"wp","href":"https:\/\/api.w.org\/{rel}","templated":true}]}}