{"id":5050,"date":"2015-08-25T10:27:34","date_gmt":"2015-08-25T08:27:34","guid":{"rendered":"http:\/\/turboair.com\/spain\/industrial-tradition\/"},"modified":"2016-08-03T09:53:14","modified_gmt":"2016-08-03T07:53:14","slug":"industrial-tradition","status":"publish","type":"page","link":"https:\/\/turboair.com\/spain\/industrial-tradition\/","title":{"rendered":"Tradici\u00f3n y producci\u00f3n"},"content":{"rendered":"<p>Turboair es una marca italiana con una larga tradici\u00f3n industrial en materia de campanas de extracci\u00f3n para la cocina.<\/p>\n<p>Turboair fue creada hace m\u00e1s de 35 a\u00f1os en Fabriano, zona productora de electrodom\u00e9sticos, y pertenece al Grupo Elica, l\u00edder mundial del sector de las campanas de cocina.<\/p>\n<p>La solidez, la esmerada selecci\u00f3n de los materiales y la fiabilidad dan origen a productos duraderos con un estilo italiano reconocible por su tradici\u00f3n y belleza.<\/p>\n<p>Productos proyectados integralmente, de dise\u00f1o cl\u00e1sico y funcional para facilitar el uso, con un teclado sencillo o con control electr\u00f3nico de mando de la iluminaci\u00f3n y la extracci\u00f3n. Eficiencia de extracci\u00f3n con motores de alto contenido tecnol\u00f3gico, respetando el medio ambiente.<\/p>\n<p>Productos f\u00e1ciles de limpiar, dignos de aprecio, que alivian las tareas en la cocina con una buena iluminaci\u00f3n y convierten la cocina en un ambiente de tradici\u00f3n familiar.<\/p>\n<p>Turboair es una excelencia italiana. Se han exportado millones de art\u00edculos a viviendas de todo el mundo.<\/p>\n<p>Sobriedad, tradici\u00f3n y solidez, campanas que brindan la tranquilidad de una elecci\u00f3n feliz que dura una vida.<\/p>\n<p>&nbsp;<\/p>\n<p><u>\u00a0<\/u><\/p>\n","protected":false},"excerpt":{"rendered":"<p>Turboair es una marca italiana con una larga tradici\u00f3n industrial en materia de campanas de extracci\u00f3n para la cocina. Turboair fue creada hace m\u00e1s de 35 a\u00f1os en Fabriano, zona productora de electrodom\u00e9sticos, y pertenece al Grupo Elica, l\u00edder mundial del sector de las campanas de [&hellip;]<\/p>\n","protected":false},"author":4,"featured_media":0,"parent":0,"menu_order":0,"comment_status":"open","ping_status":"open","template":"page_r.php","meta":[],"_links":{"self":[{"href":"https:\/\/turboair.com\/spain\/wp-json\/wp\/v2\/pages\/5050"}],"collection":[{"href":"https:\/\/turboair.com\/spain\/wp-json\/wp\/v2\/pages"}],"about":[{"href":"https:\/\/turboair.com\/spain\/wp-json\/wp\/v2\/types\/page"}],"author":[{"embeddable":true,"href":"https:\/\/turboair.com\/spain\/wp-json\/wp\/v2\/users\/4"}],"replies":[{"embeddable":true,"href":"https:\/\/turboair.com\/spain\/wp-json\/wp\/v2\/comments?post=5050"}],"version-history":[{"count":1,"href":"https:\/\/turboair.com\/spain\/wp-json\/wp\/v2\/pages\/5050\/revisions"}],"predecessor-version":[{"id":5051,"href":"https:\/\/turboair.com\/spain\/wp-json\/wp\/v2\/pages\/5050\/revisions\/5051"}],"wp:attachment":[{"href":"https:\/\/turboair.com\/spain\/wp-json\/wp\/v2\/media?parent=5050"}],"curies":[{"name":"wp","href":"https:\/\/api.w.org\/{rel}","templated":true}]}}