{"id":6919,"date":"2022-05-16T11:05:56","date_gmt":"2022-05-16T09:05:56","guid":{"rendered":"https:\/\/turboair.com\/spain\/?page_id=6919"},"modified":"2022-05-30T15:11:16","modified_gmt":"2022-05-30T13:11:16","slug":"politica-de-privacidade","status":"publish","type":"page","link":"https:\/\/turboair.com\/spain\/pt-pt\/politica-de-privacidade\/","title":{"rendered":"Pol\u00edtica de privacidade"},"content":{"rendered":"<table width=\"100%\">\n<tbody>\n<tr>\n<td width=\"45%\"><strong>\u00a0<\/strong><\/p>\n<p><strong>\u00a0<\/strong><\/p>\n<p><strong>TITULAR DO TRATAMENTO<\/strong><\/td>\n<td width=\"43%\"><strong>Elica S.p.A.<\/strong><\/p>\n<p>Via Ermanno Casoli, n.2, 60044 Fabriano (AN)<\/p>\n<p>endere\u00e7o pec: <a href=\"mailto:elicaspa@sicurezzapostale.it\">elicaspa@sicurezzapostale.it<\/a><\/p>\n<p>Telefone: +39-07326101<\/p>\n<p>(\u201c<strong>Sociedade<\/strong>\u201d ou \u201c<strong>Titular<\/strong>\u201d)<\/td>\n<\/tr>\n<tr>\n<td width=\"45%\"><strong>\u00a0<\/strong><\/p>\n<p><strong>RESPONS\u00c1VEL PELA PROTE\u00c7\u00c3O DOS DADOS (DPO)<\/strong><\/td>\n<td width=\"43%\">&nbsp;<\/p>\n<p>O DPO \u00e9 contat\u00e1vel<\/p>\n<p>no endere\u00e7o e-mail: <a href=\"mailto:dpo@elica.com\">dpo@elica.com<\/a><\/td>\n<\/tr>\n<\/tbody>\n<\/table>\n<p>&nbsp;<\/p>\n<p>A Elica S.p.A., na qualidade de Titular, com fulcros no art. 13 do Regulamento 2016\/679 (\u201c<strong>GDPR<\/strong>\u201d), fornece-lhe informa\u00e7\u00f5es relativas ao tratamento dos dados pessoais (doravante os \u201c<strong>Dados<\/strong>\u201d) recolhidos em sequ\u00eancia da navega\u00e7\u00e3o no presente site (doravante o \u201c<strong>Site<\/strong>\u201d) .<\/p>\n<p>&nbsp;<\/p>\n<table width=\"642\">\n<tbody>\n<tr>\n<td width=\"642\"><strong>DADOS TRATADOS, FINALIDADES E BASE JUR\u00cdDICA<\/strong><\/td>\n<\/tr>\n<tr>\n<td width=\"642\"><strong>1.\u00a0\u00a0\u00a0\u00a0\u00a0\u00a0 <\/strong><strong>Dados tratados <\/strong><strong>\u200b\u200b<\/strong><strong>para fins de funcionamento do Site<\/strong><\/p>\n<p>Os sistemas inform\u00e1ticos e os procedimentos de software utilizados para o funcionamento do Site adquirem, durante o seu funcionamento normal, alguns dados de navega\u00e7\u00e3o cuja transmiss\u00e3o est\u00e1 impl\u00edcita na utiliza\u00e7\u00e3o de protocolos de comunica\u00e7\u00e3o da Internet. Trata-se de informa\u00e7\u00f5es que n\u00e3o s\u00e3o recolhidas para serem associadas a interessados \u200b\u200bidentificados, mas que, pela sua pr\u00f3pria natureza, poderiam, atrav\u00e9s do tratamento e associa\u00e7\u00e3o a dados detidos pela Sociedade ou por terceiros, permitir a identifica\u00e7\u00e3o dos utilizadores do Site.<\/p>\n<p>Esta categoria de Dados inclui os endere\u00e7os IP ou nomes de dom\u00ednio dos computadores usados \u200b\u200bpelos usu\u00e1rios que se conectam ao Site, os endere\u00e7os URI (<em>Uniform Resource Identifier<\/em>) \u200b\u200bdos recursos solicitados, a hora da solicita\u00e7\u00e3o, o m\u00e9todo usado para enviar a solicita\u00e7\u00e3o ao <em>server<\/em>, o tamanho do arquivo obtido em resposta, o c\u00f3digo num\u00e9rico que indica o estado da resposta dada pelo <em>server<\/em> (bem sucedido, erro, etc.) e outros par\u00e2metros relativos ao sistema operacional e ao ambiente inform\u00e1tico do usu\u00e1rio.<\/p>\n<p>Os dados de navega\u00e7\u00e3o podem ser processados \u200b\u200bpara:<\/p>\n<p>\u00b7\u00a0\u00a0\u00a0\u00a0\u00a0\u00a0\u00a0 permitir e monitorar o correto funcionamento do Site, bem como realizar atividades de manuten\u00e7\u00e3o;<\/p>\n<p>\u00b7\u00a0\u00a0\u00a0\u00a0\u00a0\u00a0\u00a0 obter informa\u00e7\u00f5es estat\u00edsticas an\u00f4nimas sobre o uso do Site;<\/p>\n<p>\u00b7\u00a0\u00a0\u00a0\u00a0\u00a0\u00a0\u00a0 apurar qualquer responsabilidade em caso de hipot\u00e9ticos crimes inform\u00e1ticos contra o Site e, por conseguinte, exercer e\/ou defender os direitos da Sociedade em sede judici\u00e1ria.<\/p>\n<p>De acordo com o art. 122, par\u00e1grafo 1 do Decreto Legislativo 196\/2003 (\u201c<strong>C\u00f3digo de Privacidade<\/strong>\u201d), o tratamento das informa\u00e7\u00f5es mencionadas n\u00e3o requer o consentimento dos usu\u00e1rios. Para os fins acima mencionados, a base jur\u00eddica do processamento \u00e9 o interesse leg\u00edtimo do Titular dos Dados, nos termos do art. 6, par\u00e1grafo 1, alinea f) do GDPR.<\/p>\n<p><strong>2.\u00a0\u00a0\u00a0\u00a0\u00a0 <\/strong><strong>Cookie<\/strong><\/p>\n<p>O Site utiliza cookies para garantir o seu correto funcionamento e melhorar a experi\u00eancia de utiliza\u00e7\u00e3o do mesmo. Para maiores informa\u00e7\u00f5es sobre o uso de cookies, leia a informa\u00e7\u00e3o completa clicando aqui.<\/p>\n<p><strong>3.\u00a0\u00a0\u00a0\u00a0\u00a0 <\/strong><strong>Links externos ao Site<\/strong><\/p>\n<p>O Site pode utilizar links para outras p\u00e1ginas da web relacionadas \u00e0 Elica, para as quais \u00e9 feita refer\u00eancia \u00e0s informa\u00e7\u00f5es espec\u00edficas fornecidas no momento da coleta.<\/td>\n<\/tr>\n<\/tbody>\n<\/table>\n<p>&nbsp;<\/p>\n<table width=\"642\">\n<tbody>\n<tr>\n<td width=\"642\"><strong>FORNECIMENTO DE DADOS <\/strong><\/td>\n<\/tr>\n<tr>\n<td width=\"642\">Com exce\u00e7\u00e3o dos dados de navega\u00e7\u00e3o, necess\u00e1rios \u00e0 implementa\u00e7\u00e3o dos protocolos inform\u00e1ticos e telem\u00e1ticos, a disponibiliza\u00e7\u00e3o dos Dados pela parte dos usu\u00e1rios \u00e9 livre e facultativa. No entanto, o n\u00e3o fornecimento dos mesmos impossibilitar\u00e1 o prosseguimento das solicita\u00e7\u00f5es encaminhadas ou daquelas que o usu\u00e1rio pretende encaminhar.<\/td>\n<\/tr>\n<\/tbody>\n<\/table>\n<p>&nbsp;<\/p>\n<table width=\"642\">\n<tbody>\n<tr>\n<td width=\"642\"><strong>DESTINAT\u00c1RIOS DOS DADOS<\/strong><\/td>\n<\/tr>\n<tr>\n<td width=\"642\">Os Dados podem ser comunicados a Titulares de Dados aut\u00f4nomos e tratados \u200b\u200bpor sujeitos designados pela Sociedade como respons\u00e1veis pelo tratamento que fornecem ao Titular dos Dados, rendimentos ou servi\u00e7os instrumentais para a finalidade indicada na presente informativa, como por exemplo: a sociedade encarregada da manuten\u00e7\u00e3o\/gest\u00e3o do Site internet da Sociedade e dos dispositivos eletr\u00f4nicos e\/ou telem\u00e1ticos utilizados pela mesma.<\/td>\n<\/tr>\n<\/tbody>\n<\/table>\n<p>&nbsp;<\/p>\n<table width=\"642\">\n<tbody>\n<tr>\n<td width=\"642\"><strong>SUJEITOS AUTORIZADOS PARA O TRATAMENTO <\/strong><\/td>\n<\/tr>\n<tr>\n<td width=\"642\">Os Dados poder\u00e3o ser tratados \u200b\u200bpor funcion\u00e1rios da Sociedade que foram expressamente autorizados a processar e que receberam instru\u00e7\u00f5es operacionais adequadas da parte da Sociedade.<\/td>\n<\/tr>\n<\/tbody>\n<\/table>\n<p>&nbsp;<\/p>\n<table width=\"641\">\n<tbody>\n<tr>\n<td width=\"641\"><strong>TRANSFER\u00caNCIA DOS DADOS PESSOAIS PARA PA\u00cdSES N\u00c3O PERTENCENTES \u00c0 UNI\u00c3O EUROPEIA <\/strong><\/td>\n<\/tr>\n<tr>\n<td width=\"641\">Os Dados n\u00e3o ser\u00e3o objetos de transf\u00eancia para pa\u00edses terceiros e\/ou organiza\u00e7\u00f5es internacionais estabelecidas fora da Uni\u00e3o Europeia.<\/td>\n<\/tr>\n<\/tbody>\n<\/table>\n<p>&nbsp;<\/p>\n<table width=\"643\">\n<tbody>\n<tr>\n<td width=\"643\"><strong>DIREITOS DO INTERESSADO &#8211; DEN\u00daNCIA \u00c0 AUTORIDADE DE FISCALIZA\u00c7\u00c3O <\/strong><\/td>\n<\/tr>\n<tr>\n<td width=\"643\">Para exercer os pr\u00f3prios direitos, o interessado pode contatar o Titular dos Dados enviando uma comunica\u00e7\u00e3o escrita para o endere\u00e7o indicado acima ou escrevendo para o endere\u00e7o de e-mail: <a href=\"mailto:privacy@elica.com\">privacy@elica.com<\/a>.<\/p>\n<p>O interessado pode exercer, perante o Titular, os direitos reconhecidos pelos art. 15-22 do GDPR, e em particular pode solicitar o acesso aos Dados que lhe digam respeito, o seu cancelamento, corre\u00e7\u00e3o dos Dados inexatos, integra\u00e7\u00e3o dos Dados incompletos, limita\u00e7\u00e3o do tratamento nos casos previstos no art. 18 do GDPR<a href=\"#_ftn1\" name=\"_ftnref1\">[1]<\/a>, quando aplic\u00e1veis.<\/p>\n<p>Quando os interessados \u200b\u200bpretenderem exercer os seus direitos, a Sociedade poder\u00e1 solicitar a sua identifica\u00e7\u00e3o antes de proceder ao cumprimento do pedido.<\/td>\n<\/tr>\n<tr>\n<td width=\"643\">O interessado h\u00e1 o direito de se opor a qualquer momento, de forma f\u00e1cil e gratuita, por motivos relacionados com a situa\u00e7\u00e3o particular, ao tratamento dos dados na hip\u00f3tese de interesse leg\u00edtimo do titular.<\/td>\n<\/tr>\n<tr>\n<td width=\"643\">Enfim, o interessado h\u00e1 o direito de apresentar reclama\u00e7\u00e3o perante a autoridade de controle competente do Estado-Membro em que reside ou trabalha habitualmente ou no Estado em que ocorreu a alegada viola\u00e7\u00e3o.<\/td>\n<\/tr>\n<\/tbody>\n<\/table>\n<p>&nbsp;<\/p>\n<p>&nbsp;<\/p>\n<p>&nbsp;<\/p>\n<p><a href=\"#_ftnref1\" name=\"_ftn1\">[1]<\/a> De acordo com o art. 18 do GDPR, o interessado h\u00e1 o direito de obter do titular do tratamento dos dados a limita\u00e7\u00e3o do tratamento quando ocorrer uma das seguintes hip\u00f3teses:<\/p>\n<ol>\n<li>a) o interessado contestar a exatid\u00e3o dos dados pessoais, pelo per\u00edodo necess\u00e1rio para que o respons\u00e1vel pelo tratamento verifique a exatid\u00e3o de tais dados pessoais;<\/li>\n<li>b) o tratamento for ilegal e o interessado se opor \u00e0 elimina\u00e7\u00e3o dos dados pessoais e solicitar, em vez disso, que se limite \u00e0 sua utiliza\u00e7\u00e3o;<\/li>\n<li>c) embora o titular do tratamento j\u00e1 n\u00e3o necessite mais deles para efeitos de tratamento, os dados pessoais s\u00e3o necess\u00e1rios para que o interessado dos dados apure, exer\u00e7a ou defenda um direito em sede judici\u00e1ria;<\/li>\n<li>d) O interessado se opuser ao tratamento nos termos do artigo 21, paragrafo 1, enquanto se aguarda a verifica\u00e7\u00e3o correspondente a eventual preval\u00eancia<\/li>\n<\/ol>\n<p>dos motivos leg\u00edtimos do titular do tratamento a respeito daqueles do interessado.<\/p>\n<ol start=\"2\">\n<li>Se o tratamento se limitar aos termos do par\u00e1grafo 1, tais dados pessoais s\u00e3o tratados, salvo se for para a conserva\u00e7\u00e3o, somente com o consentimento do interessado ou para acertamento, exerc\u00edcio ou defesa de um direito em sede judici\u00e1ria ou tamb\u00e9m para tutelar os direitos de uma pessoa f\u00edsica ou jur\u00eddica ou por motivos de interesse p\u00fablico relevante da Uni\u00e3o ou de um Estado-membro.<\/li>\n<li>O interessado que obtiver a limita\u00e7\u00e3o do tratamento nos termos do par\u00e1grafo 1, \u00e9 informado pelo titular do tratamento dos dados antes que a referida limita\u00e7\u00e3o seja revogada.<\/li>\n<\/ol>\n","protected":false},"excerpt":{"rendered":"<p>\u00a0 \u00a0 TITULAR DO TRATAMENTO Elica S.p.A. Via Ermanno Casoli, n.2, 60044 Fabriano (AN) endere\u00e7o pec: elicaspa@sicurezzapostale.it Telefone: +39-07326101 (\u201cSociedade\u201d ou \u201cTitular\u201d) \u00a0 RESPONS\u00c1VEL PELA PROTE\u00c7\u00c3O DOS DADOS (DPO) &nbsp; O DPO \u00e9 contat\u00e1vel no endere\u00e7o e-mail: dpo@elica.com &nbsp; A Elica S.p.A., na qualidade de Titular, [&hellip;]<\/p>\n","protected":false},"author":7,"featured_media":0,"parent":0,"menu_order":0,"comment_status":"closed","ping_status":"closed","template":"","meta":[],"_links":{"self":[{"href":"https:\/\/turboair.com\/spain\/pt-pt\/wp-json\/wp\/v2\/pages\/6919"}],"collection":[{"href":"https:\/\/turboair.com\/spain\/pt-pt\/wp-json\/wp\/v2\/pages"}],"about":[{"href":"https:\/\/turboair.com\/spain\/pt-pt\/wp-json\/wp\/v2\/types\/page"}],"author":[{"embeddable":true,"href":"https:\/\/turboair.com\/spain\/pt-pt\/wp-json\/wp\/v2\/users\/7"}],"replies":[{"embeddable":true,"href":"https:\/\/turboair.com\/spain\/pt-pt\/wp-json\/wp\/v2\/comments?post=6919"}],"version-history":[{"count":3,"href":"https:\/\/turboair.com\/spain\/pt-pt\/wp-json\/wp\/v2\/pages\/6919\/revisions"}],"predecessor-version":[{"id":6930,"href":"https:\/\/turboair.com\/spain\/pt-pt\/wp-json\/wp\/v2\/pages\/6919\/revisions\/6930"}],"wp:attachment":[{"href":"https:\/\/turboair.com\/spain\/pt-pt\/wp-json\/wp\/v2\/media?parent=6919"}],"curies":[{"name":"wp","href":"https:\/\/api.w.org\/{rel}","templated":true}]}}