{"id":5499,"date":"2015-08-25T10:31:46","date_gmt":"2015-08-25T08:31:46","guid":{"rendered":"http:\/\/turboair.com\/spain\/pt-pt\/code-of-conduct\/"},"modified":"2016-09-29T10:29:42","modified_gmt":"2016-09-29T08:29:42","slug":"code-of-conduct","status":"publish","type":"page","link":"https:\/\/turboair.com\/spain\/pt-pt\/code-of-conduct\/","title":{"rendered":"C\u00f3digo de conducta"},"content":{"rendered":"<p>El Grupo Elica, junto a las mejores marcas de electrodom\u00e9sticos de Europa, sostiene el C\u00f3digo de Conducta Campanas promovido por CECED. CECED es la comisi\u00f3n europea de fabricantes de aparatos dom\u00e9sticos. Su actividad apunta a los intereses comunes, por ejemplo, favoreciendo la disminuci\u00f3n de los consumos el\u00e9ctricos de los productos. Dentro de CECED, el Grupo Elica ha contribuido a la redacci\u00f3n de un C\u00f3digo de Conducta Campanas espec\u00edfico, que prev\u00e9 el uso de par\u00e1metros uniformes en el c\u00e1lculo de los valores de extracci\u00f3n y ruido. Un modo de garantizar mayor transparencia en la informaci\u00f3n y orientar al consumidor hacia una compra m\u00e1s consciente. En particular, todos los datos de caudal y ruido indicados en este cat\u00e1logo son conformes a los est\u00e1ndares establecidos por las normas europeas (EN 60704-2-13, EN 60704-3, EN 61591) y comparables con la informaci\u00f3n de otros cat\u00e1logos que cumplen con estos est\u00e1ndares.<\/p>\n","protected":false},"excerpt":{"rendered":"<p>El Grupo Elica, junto a las mejores marcas de electrodom\u00e9sticos de Europa, sostiene el C\u00f3digo de Conducta Campanas promovido por CECED. CECED es la comisi\u00f3n europea de fabricantes de aparatos dom\u00e9sticos. Su actividad apunta a los intereses comunes, por ejemplo, favoreciendo la disminuci\u00f3n de los consumos [&hellip;]<\/p>\n","protected":false},"author":4,"featured_media":0,"parent":0,"menu_order":4,"comment_status":"open","ping_status":"open","template":"page_r.php","meta":[],"_links":{"self":[{"href":"https:\/\/turboair.com\/spain\/pt-pt\/wp-json\/wp\/v2\/pages\/5499"}],"collection":[{"href":"https:\/\/turboair.com\/spain\/pt-pt\/wp-json\/wp\/v2\/pages"}],"about":[{"href":"https:\/\/turboair.com\/spain\/pt-pt\/wp-json\/wp\/v2\/types\/page"}],"author":[{"embeddable":true,"href":"https:\/\/turboair.com\/spain\/pt-pt\/wp-json\/wp\/v2\/users\/4"}],"replies":[{"embeddable":true,"href":"https:\/\/turboair.com\/spain\/pt-pt\/wp-json\/wp\/v2\/comments?post=5499"}],"version-history":[{"count":1,"href":"https:\/\/turboair.com\/spain\/pt-pt\/wp-json\/wp\/v2\/pages\/5499\/revisions"}],"predecessor-version":[{"id":5500,"href":"https:\/\/turboair.com\/spain\/pt-pt\/wp-json\/wp\/v2\/pages\/5499\/revisions\/5500"}],"wp:attachment":[{"href":"https:\/\/turboair.com\/spain\/pt-pt\/wp-json\/wp\/v2\/media?parent=5499"}],"curies":[{"name":"wp","href":"https:\/\/api.w.org\/{rel}","templated":true}]}}