{"id":5496,"date":"2015-08-24T17:19:07","date_gmt":"2015-08-24T15:19:07","guid":{"rendered":"http:\/\/turboair.com\/spain\/pt-pt\/air-filtration\/"},"modified":"2016-09-30T12:09:51","modified_gmt":"2016-09-30T10:09:51","slug":"air-filtration","status":"publish","type":"page","link":"https:\/\/turboair.com\/spain\/pt-pt\/air-filtration\/","title":{"rendered":"Filtra\u00e7\u00e3o do ar"},"content":{"rendered":"<p>Num exaustor, existem duas barreiras diferentes para a filtra\u00e7\u00e3o do ar. A primeira, constitu\u00edda pelo filtro de gordura e presente em todos os modelos, est\u00e1 situada imediatamente na entrada do produto. A fun\u00e7\u00e3o do filtro de gordura \u00e9 proteger o interior do produto, filtrando as part\u00edculas de gordura mais pesadas do ar extra\u00eddo. Estes filtros podem ser de natureza diferente: de material sint\u00e9tico (a substituir ciclicamente), de alum\u00ednio (lav\u00e1vel) ou grades de filtro de alum\u00ednio (GFA), ou de a\u00e7o inoxid\u00e1vel (GFI), facilmente desmont\u00e1veis do exaustor e lav\u00e1veis, tanto \u00e0 m\u00e3o com detergente l\u00edquido como na m\u00e1quina de lavar loi\u00e7a. O segundo tipo de filtro, o filtro de cheiros, est\u00e1 presente apenas nos produtos na vers\u00e3o filtrante. Trata-se de filtros dedicados \u00e0 &#8220;lavagem&#8221; do ar extra\u00eddo pelo exaustor. A solu\u00e7\u00e3o tradicional \u00e9 constitu\u00edda por um recipiente de pl\u00e1stico, adequadamente perfilado, que cont\u00e9m gr\u00e2nulos de carv\u00e3o ativado.<\/p>\n<p>Este carv\u00e3o tem a capacidade de capturar e reter a gordura, a humidade e os cheiros. Estes filtros, denominados de carv\u00e3o ativado, devem ser substitu\u00eddos a cada 3-4 meses aproximadamente. Para a filtra\u00e7\u00e3o dos cheiros a Elica prop\u00f5e como alternativa uma tecnologia inovadora: Long Life Filter. Este filtro especial garante uma elevada efic\u00e1cia com um ciclo de vida muito maior. N\u00e3o \u00e9 necess\u00e1ria a sua substitui\u00e7\u00e3o frequente, pois pode &#8220;regenerar-se&#8221; facilmente com uma lavagem normal na m\u00e1quina de lavar loi\u00e7a seguida de secagem no forno durante dez minutos a 100 \u00b0C. Com estas simples opera\u00e7\u00f5es, Long Life Filter garante uma elevada efic\u00e1cia at\u00e9 3 anos.<\/p>\n<p class=\"p1\"><a href=\"http:\/\/turboair.com\/wp-content\/uploads\/sites\/8\/2015\/08\/Long_life_filter-Turboair.jpg\"><img loading=\"lazy\" class=\"alignnone size-large wp-image-4122\" src=\"http:\/\/turboair.com\/wp-content\/uploads\/sites\/8\/2015\/08\/Long_life_filter-Turboair-1024x429.jpg\" alt=\"Long Life Filter Turboair\" width=\"1024\" height=\"429\" srcset=\"https:\/\/turboair.com\/spain\/wp-content\/uploads\/sites\/16\/2015\/08\/Long_life_filter-Turboair-1024x429.jpg 1024w, https:\/\/turboair.com\/spain\/wp-content\/uploads\/sites\/16\/2015\/08\/Long_life_filter-Turboair-300x126.jpg 300w, https:\/\/turboair.com\/spain\/wp-content\/uploads\/sites\/16\/2015\/08\/Long_life_filter-Turboair-960x403.jpg 960w, https:\/\/turboair.com\/spain\/wp-content\/uploads\/sites\/16\/2015\/08\/Long_life_filter-Turboair-440x185.jpg 440w, https:\/\/turboair.com\/spain\/wp-content\/uploads\/sites\/16\/2015\/08\/Long_life_filter-Turboair.jpg 1154w\" sizes=\"(max-width: 1024px) 100vw, 1024px\" \/><\/a><\/p>\n","protected":false},"excerpt":{"rendered":"<p>Num exaustor, existem duas barreiras diferentes para a filtra\u00e7\u00e3o do ar. A primeira, constitu\u00edda pelo filtro de gordura e presente em todos os modelos, est\u00e1 situada imediatamente na entrada do produto. A fun\u00e7\u00e3o do filtro de gordura \u00e9 proteger o interior do produto, filtrando as part\u00edculas [&hellip;]<\/p>\n","protected":false},"author":4,"featured_media":0,"parent":0,"menu_order":3,"comment_status":"open","ping_status":"open","template":"page_r.php","meta":[],"_links":{"self":[{"href":"https:\/\/turboair.com\/spain\/pt-pt\/wp-json\/wp\/v2\/pages\/5496"}],"collection":[{"href":"https:\/\/turboair.com\/spain\/pt-pt\/wp-json\/wp\/v2\/pages"}],"about":[{"href":"https:\/\/turboair.com\/spain\/pt-pt\/wp-json\/wp\/v2\/types\/page"}],"author":[{"embeddable":true,"href":"https:\/\/turboair.com\/spain\/pt-pt\/wp-json\/wp\/v2\/users\/4"}],"replies":[{"embeddable":true,"href":"https:\/\/turboair.com\/spain\/pt-pt\/wp-json\/wp\/v2\/comments?post=5496"}],"version-history":[{"count":2,"href":"https:\/\/turboair.com\/spain\/pt-pt\/wp-json\/wp\/v2\/pages\/5496\/revisions"}],"predecessor-version":[{"id":5504,"href":"https:\/\/turboair.com\/spain\/pt-pt\/wp-json\/wp\/v2\/pages\/5496\/revisions\/5504"}],"wp:attachment":[{"href":"https:\/\/turboair.com\/spain\/pt-pt\/wp-json\/wp\/v2\/media?parent=5496"}],"curies":[{"name":"wp","href":"https:\/\/api.w.org\/{rel}","templated":true}]}}