{"id":5493,"date":"2015-08-24T17:20:24","date_gmt":"2015-08-24T15:20:24","guid":{"rendered":"http:\/\/turboair.com\/spain\/pt-pt\/correct-installation\/"},"modified":"2016-09-30T12:08:49","modified_gmt":"2016-09-30T10:08:49","slug":"correct-installation","status":"publish","type":"page","link":"https:\/\/turboair.com\/spain\/pt-pt\/correct-installation\/","title":{"rendered":"Instala\u00e7\u00e3o correta"},"content":{"rendered":"<p>A instala\u00e7\u00e3o correta \u00e9 importante para assegurar o funcionamento ideal do exaustor. \u00c9 necess\u00e1rio seguir rigorosamente todas as fases indicadas no manual de instru\u00e7\u00f5es de cada produto. Por \u00faltimo, n\u00e3o esquecer de respeitar a dist\u00e2ncia m\u00ednima entre a placa de cozedura e o exaustor, indicada no manual de instru\u00e7\u00f5es, para evitar danificar os componentes funcionais e garantir a seguran\u00e7a pessoal.<\/p>\n","protected":false},"excerpt":{"rendered":"<p>A instala\u00e7\u00e3o correta \u00e9 importante para assegurar o funcionamento ideal do exaustor. \u00c9 necess\u00e1rio seguir rigorosamente todas as fases indicadas no manual de instru\u00e7\u00f5es de cada produto. Por \u00faltimo, n\u00e3o esquecer de respeitar a dist\u00e2ncia m\u00ednima entre a placa de cozedura e o exaustor, indicada no [&hellip;]<\/p>\n","protected":false},"author":4,"featured_media":0,"parent":0,"menu_order":1,"comment_status":"open","ping_status":"open","template":"page_r.php","meta":[],"_links":{"self":[{"href":"https:\/\/turboair.com\/spain\/pt-pt\/wp-json\/wp\/v2\/pages\/5493"}],"collection":[{"href":"https:\/\/turboair.com\/spain\/pt-pt\/wp-json\/wp\/v2\/pages"}],"about":[{"href":"https:\/\/turboair.com\/spain\/pt-pt\/wp-json\/wp\/v2\/types\/page"}],"author":[{"embeddable":true,"href":"https:\/\/turboair.com\/spain\/pt-pt\/wp-json\/wp\/v2\/users\/4"}],"replies":[{"embeddable":true,"href":"https:\/\/turboair.com\/spain\/pt-pt\/wp-json\/wp\/v2\/comments?post=5493"}],"version-history":[{"count":2,"href":"https:\/\/turboair.com\/spain\/pt-pt\/wp-json\/wp\/v2\/pages\/5493\/revisions"}],"predecessor-version":[{"id":5502,"href":"https:\/\/turboair.com\/spain\/pt-pt\/wp-json\/wp\/v2\/pages\/5493\/revisions\/5502"}],"wp:attachment":[{"href":"https:\/\/turboair.com\/spain\/pt-pt\/wp-json\/wp\/v2\/media?parent=5493"}],"curies":[{"name":"wp","href":"https:\/\/api.w.org\/{rel}","templated":true}]}}