{"id":5490,"date":"2015-08-24T17:16:39","date_gmt":"2015-08-24T15:16:39","guid":{"rendered":"https:\/\/turboair.com\/spain\/pt-pt\/choosing-the-version\/"},"modified":"2019-10-28T13:28:59","modified_gmt":"2019-10-28T12:28:59","slug":"aprofundamentos","status":"publish","type":"page","link":"https:\/\/turboair.com\/spain\/pt-pt\/aprofundamentos\/","title":{"rendered":"Aprofundamentos"},"content":{"rendered":"<h4>COMO SELECIONAR O CAUDAL ADEQUADO<\/h4>\n<p class=\"p1\">Escolha um exaustor que facilite o seu trabalho na cozinha, que lhe d\u00ea liberdade de movimento e simplifique a prepara\u00e7\u00e3o dos alimentos.<br \/>\nO exaustor deve ter tamb\u00e9m a correca pot\u00eancia de aspira\u00e7\u00e3o. Avalie as dimens\u00f5es da sua cozinha e os seus h\u00e1bitos culin\u00e1rios: s\u00f3 assim ir\u00e1 obter a troca de ar correta e um menor consumo de energia.<br \/>\nCom um c\u00e1lculo simples, \u00e9 poss\u00edvel definir qual a capacidade mais adequada a cada cozinha.<br \/>\nBasta multiplicar por 10 o volume da sala para obter a capacidade ideal.<\/p>\n<p>&nbsp;<\/p>\n<h4>COMO SELECIONAR A VERS\u00c3O<\/h4>\n<p class=\"p1\">Todos os modelos Turboair est\u00e3o preparados para trabalhar tanto na vers\u00e3o Aspirante (A), onde o ar extra\u00eddo \u00e9 expulso para o exterior, como com reciclado ou vers\u00e3o Filtrante (F), onde o ar extra\u00eddo \u00e9 filtrado, depurado e reintroduzido na cozinha. Ambas as vers\u00f5es garantem uma limpeza eficaz do ar da cozinha, mas distinguem-se em termos de instala\u00e7\u00e3o e manuten\u00e7\u00e3o. Na vers\u00e3o aspirante, o exaustor tem de estar ligado ao exterior atrav\u00e9s de tubos espec\u00edficos, para expulsar da divis\u00e3o todo o ar capturado.<br \/>\nNesta configura\u00e7\u00e3o, \u00e9 importante instalar tubos com um di\u00e2metro suficientemente grande (pelo menos 120 mm, de prefer\u00eancia 150 mm). Al\u00e9m disso, os tubos n\u00e3o devem ser demasiado compridos e<br \/>\ntortuosos, para que as resist\u00eancias aerodin\u00e2micas da conduta n\u00e3o gerem perdas de carga, ou seja, de caudal.<br \/>\nNa vers\u00e3o filtrante, o exaustor n\u00e3o est\u00e1 ligado a tubos, j\u00e1 que o ar capturado \u00e9 depurado atrav\u00e9s de filtros de carv\u00e3o ativado e depois reintroduzido no ambiente. Nesta configura\u00e7\u00e3o, \u00e9 importante proceder \u00e0 manuten\u00e7\u00e3o correta dos filtros de cheiros e \u00e0 sua substitui\u00e7\u00e3o peri\u00f3dica.<\/p>\n<p>&nbsp;<br \/>\n<img src=\"https:\/\/turboair.com\/spain\/wp-content\/uploads\/sites\/16\/2019\/10\/SPAGNA_Turboair-DETALLES.jpg\" alt=\"null\" \/><br \/>\n&nbsp;<\/p>\n<h4>FILTRA\u00c7\u00c3O DO AR<\/h4>\n<p class=\"p1\">Num exaustor, existem duas barreiras diferentes para a filtra\u00e7\u00e3o do ar. A primeira, constitu\u00edda pelo filtro de gordura e presente em todos<br \/>\nos modelos, est\u00e1 situada imediatamente na entrada do produto. A fun\u00e7\u00e3o do filtro de gordura \u00e9 proteger o interior do produto, filtrando as part\u00edculas de gordura mais pesadas do ar extra\u00eddo. Estes filtros podem ser de natureza diferente: de material sint\u00e9tico (a substituir ciclicamente), de alum\u00ednio (lav\u00e1vel) ou grades de filtro de alum\u00ednio (GFA), ou de a\u00e7o inoxid\u00e1vel (GFI), facilmente desmont\u00e1veis do exaustor e lav\u00e1veis, tanto \u00e0 m\u00e3o com detergente l\u00edquido como na m\u00e1quina de lavar loi\u00e7a. O segundo tipo de filtro, o filtro de cheiros, est\u00e1 presente apenas nos produtos na vers\u00e3o filtrante. Trata-se de filtros dedicados \u00e0 \u201clavagem\u201d do ar extra\u00eddo pelo exaustor. A solu\u00e7\u00e3o tradicional \u00e9 constitu\u00edda por um recipiente de pl\u00e1stico, adequadamente perfilado, que cont\u00e9m gr\u00e2nulos de carv\u00e3o ativado.<br \/>\nEste carv\u00e3o tem a capacidade de capturar e reter a gordura, a humidade e os cheiros. Estes filtros, denominados de carv\u00e3o ativado, devem ser substitu\u00eddos a cada 3-4 meses aproximadamente. Para a filtra\u00e7\u00e3o dos cheiros a Elica prop\u00f5e como alternativa uma tecnologia inovadora: Long Life Filter. Este filtro especial garante uma elevada efic\u00e1cia com um ciclo de vida muito maior. N\u00e3o \u00e9 necess\u00e1ria a sua substitui\u00e7\u00e3o frequente, pois pode \u201cregenerar-se\u201d facilmente com uma lavagem normal na m\u00e1quina de lavar loi\u00e7a seguida de secagem no forno durante dez minutos a 100 \u00b0C. Com estas simples opera\u00e7\u00f5es, Long Life Filter garante uma elevada efic\u00e1cia at\u00e9 3 anos.<\/p>\n<p>&nbsp;<\/p>\n<h4>INSTALA\u00c7\u00c3O CORRETA<\/h4>\n<p class=\"p1\">A instala\u00e7\u00e3o correta \u00e9 importante para assegurar o funcionamento ideal do exaustor. \u00c9 necess\u00e1rio seguir rigorosamente todas as fases indicadas no manual de instru\u00e7\u00f5es de cada produto. Por \u00faltimo, n\u00e3o esquecer de respeitar a dist\u00e2ncia m\u00ednima entre a placa de cozedura e o exaustor, indicada no manual de instru\u00e7\u00f5es, para evitar danificar os componentes funcionais e garantir a seguran\u00e7a pessoal.<\/p>\n<p>&nbsp;<\/p>\n<h4>SEGURAN\u00c7A<\/h4>\n<p class=\"p1\">Durante o processo de produ\u00e7\u00e3o, uma s\u00e9rie meticulosa de mais de 50 testes e exames \u00e9 utilizado para garantir a seguran\u00e7a e funcionalidade dos capuzes Turboair. Materiais, componentes el\u00e9tricos e componentes eletr\u00f4nicos s\u00e3o repetidamente testados, a fim de garantir a total conformidade com os mais rigorosos padr\u00f5es de seguran\u00e7a. Todos os produtos Turboair fazer uso de bordas lisas, vidro temperado e pl\u00e1stico auto-extingu\u00edvel.<\/p>\n<p>&nbsp;<br \/>\n<img src=\"https:\/\/turboair.com\/fr\/wp-content\/uploads\/sites\/18\/2019\/10\/FRANCIA_Turboair_2.jpg\" alt=\"null\" \/><\/p>\n","protected":false},"excerpt":{"rendered":"<p>COMO SELECIONAR O CAUDAL ADEQUADO Escolha um exaustor que facilite o seu trabalho na cozinha, que lhe d\u00ea liberdade de movimento e simplifique a prepara\u00e7\u00e3o dos alimentos. O exaustor deve ter tamb\u00e9m a correca pot\u00eancia de aspira\u00e7\u00e3o. Avalie as dimens\u00f5es da sua cozinha e os seus [&hellip;]<\/p>\n","protected":false},"author":4,"featured_media":0,"parent":0,"menu_order":2,"comment_status":"open","ping_status":"open","template":"page_r.php","meta":[],"_links":{"self":[{"href":"https:\/\/turboair.com\/spain\/pt-pt\/wp-json\/wp\/v2\/pages\/5490"}],"collection":[{"href":"https:\/\/turboair.com\/spain\/pt-pt\/wp-json\/wp\/v2\/pages"}],"about":[{"href":"https:\/\/turboair.com\/spain\/pt-pt\/wp-json\/wp\/v2\/types\/page"}],"author":[{"embeddable":true,"href":"https:\/\/turboair.com\/spain\/pt-pt\/wp-json\/wp\/v2\/users\/4"}],"replies":[{"embeddable":true,"href":"https:\/\/turboair.com\/spain\/pt-pt\/wp-json\/wp\/v2\/comments?post=5490"}],"version-history":[{"count":5,"href":"https:\/\/turboair.com\/spain\/pt-pt\/wp-json\/wp\/v2\/pages\/5490\/revisions"}],"predecessor-version":[{"id":6283,"href":"https:\/\/turboair.com\/spain\/pt-pt\/wp-json\/wp\/v2\/pages\/5490\/revisions\/6283"}],"wp:attachment":[{"href":"https:\/\/turboair.com\/spain\/pt-pt\/wp-json\/wp\/v2\/media?parent=5490"}],"curies":[{"name":"wp","href":"https:\/\/api.w.org\/{rel}","templated":true}]}}