{"id":5420,"date":"2016-09-27T14:57:06","date_gmt":"2016-09-27T12:57:06","guid":{"rendered":"http:\/\/turboair.com\/spain\/pt-pt\/?page_id=5420"},"modified":"2025-03-12T11:28:55","modified_gmt":"2025-03-12T10:28:55","slug":"como-seleccionar-el-caudal-adecuado","status":"publish","type":"page","link":"https:\/\/turboair.com\/spain\/pt-pt\/como-seleccionar-el-caudal-adecuado\/","title":{"rendered":"Como selecionar o caudal adequado"},"content":{"rendered":"<p>A pot\u00eancia de extra\u00e7\u00e3o necess\u00e1ria depende das dimens\u00f5es da cozinha e do modo de cozinhar. Com um simples c\u00e1lculo, \u00e9 poss\u00edvel identificar o caudal mais adequado para cada cozinha. Basta multiplicar por 10 o volume da divis\u00e3o para obter o caudal ideal. Por exemplo, para uma cozinha de 3 m x 4 m com 2,7 m de altura: (3 x 4 x 2,7) x 10 = 324. Neste caso, os exaustores Turboair com caudal m\u00e1ximo igual ou superior a 324 m3\/h garantem a ventila\u00e7\u00e3o plena e eficaz do ambiente. N\u00e3o esquecer, em todo o caso, os h\u00e1bitos culin\u00e1rios. Para quem habitualmente prepara refei\u00e7\u00f5es r\u00e1pidas, s\u00e3o suficientes os modelos de 300-400 m3\/h. Para uma fam\u00edlia composta por tr\u00eas ou quatro pessoas com alimenta\u00e7\u00e3o mista, s\u00e3o prefer\u00edveis os modelos de 400-500 m3\/h. Para as fam\u00edlias numerosas, para os apaixonados pela arte culin\u00e1ria ou para reunir muitos amigos numa cozinha grande para experimentar receitas ex\u00f3ticas, o caudal de extra\u00e7\u00e3o do exaustor dever\u00e1 ser superior a 500 m3\/h. A extra\u00e7\u00e3o eficaz dos fumos de cozedura depende tamb\u00e9m do uso correto do produto. \u00c9 recomend\u00e1vel acender o exaustor na primeira velocidade quando inicia a cozedura, aumentando depois a extra\u00e7\u00e3o no momento em que se produzem mais fumos e cheiros. Conclu\u00edda a cozedura, regressar \u00e0 velocidade mais baixa mantendo o exaustor ligado por mais 5-10 minutos.<\/p>\n<p class=\"p1\"><a href=\"http:\/\/turboair.com\/wp-content\/uploads\/sites\/8\/2015\/03\/Portata.jpg\"><img loading=\"lazy\" class=\"alignnone size-full wp-image-4117\" src=\"https:\/\/turboair.com\/spain\/wp-content\/uploads\/sites\/16\/2025\/03\/download.png\" alt=\"Portata Cappa da cucina\" width=\"908\" height=\"484\" \/><\/a><\/p>\n","protected":false},"excerpt":{"rendered":"<p>A pot\u00eancia de extra\u00e7\u00e3o necess\u00e1ria depende das dimens\u00f5es da cozinha e do modo de cozinhar. Com um simples c\u00e1lculo, \u00e9 poss\u00edvel identificar o caudal mais adequado para cada cozinha. Basta multiplicar por 10 o volume da divis\u00e3o para obter o caudal ideal. Por exemplo, para uma [&hellip;]<\/p>\n","protected":false},"author":4,"featured_media":0,"parent":0,"menu_order":0,"comment_status":"open","ping_status":"open","template":"page_r.php","meta":[],"_links":{"self":[{"href":"https:\/\/turboair.com\/spain\/pt-pt\/wp-json\/wp\/v2\/pages\/5420"}],"collection":[{"href":"https:\/\/turboair.com\/spain\/pt-pt\/wp-json\/wp\/v2\/pages"}],"about":[{"href":"https:\/\/turboair.com\/spain\/pt-pt\/wp-json\/wp\/v2\/types\/page"}],"author":[{"embeddable":true,"href":"https:\/\/turboair.com\/spain\/pt-pt\/wp-json\/wp\/v2\/users\/4"}],"replies":[{"embeddable":true,"href":"https:\/\/turboair.com\/spain\/pt-pt\/wp-json\/wp\/v2\/comments?post=5420"}],"version-history":[{"count":3,"href":"https:\/\/turboair.com\/spain\/pt-pt\/wp-json\/wp\/v2\/pages\/5420\/revisions"}],"predecessor-version":[{"id":7218,"href":"https:\/\/turboair.com\/spain\/pt-pt\/wp-json\/wp\/v2\/pages\/5420\/revisions\/7218"}],"wp:attachment":[{"href":"https:\/\/turboair.com\/spain\/pt-pt\/wp-json\/wp\/v2\/media?parent=5420"}],"curies":[{"name":"wp","href":"https:\/\/api.w.org\/{rel}","templated":true}]}}