{"id":5252,"date":"2015-10-18T10:07:34","date_gmt":"2015-10-18T08:07:34","guid":{"rendered":"http:\/\/turboair.com\/spain\/pt-pt\/use-of-cookies-on-the-site\/"},"modified":"2022-05-30T15:06:41","modified_gmt":"2022-05-30T13:06:41","slug":"cookie-policy","status":"publish","type":"page","link":"https:\/\/turboair.com\/spain\/pt-pt\/cookie-policy\/","title":{"rendered":"Cookie Policy"},"content":{"rendered":"<p>A presente informativa, destinada a todos aqueles que navegam no web site (doravante, &#8220;<strong>Site<\/strong>&#8220;), \u00e9 emitida nos termos do art. 13 do Reg. (UE) n. 2016\/679 (doravante, &#8220;<strong> GDPR<\/strong>&#8220;) e art. 122 do D. lgs. 196\/2003 (doravante, &#8220;<strong>C\u00f3digo de Privacidade<\/strong>&#8220;), bem como em conformidade com a disposi\u00e7\u00e3o do Garantidor de Privacidade &#8220;Identifica\u00e7\u00e3o de procedimentos simplificados para a informativa e obten\u00e7\u00e3o do consentimento para o uso de cookies&#8221; de 8 de maio de 2014, conforme complementado pelas &#8220;Diretrizes para cookies e outras ferramentas de rastreamento&#8221; de 10 de junho de 2021 (doravante, &#8220;<strong>Disposi\u00e7\u00e3o<\/strong>&#8220;).<\/p>\n<ol>\n<li><strong> Identidade e detalhes de contato do titular do tratamento<\/strong><\/li>\n<\/ol>\n<p>O titular do tratamento dos dados \u00e9 a Elica S.p.A., com sede na Via Ermanno Casoli n. 2 &#8211; 60044 Fabriano (AN) &#8211; It\u00e1lia, C.F.REG.IMP. AN 00096570429, Telefone +39 0732 610 1, Fax +39 0732 610 249, e-mail: elicaspa@sicurezzapostale.it (doravante, <strong>&#8220;Titular&#8221;).<\/strong><\/p>\n<ol start=\"2\">\n<li><strong> Respons\u00e1vel pela prote\u00e7\u00e3o de dados (RPD)<\/strong><\/li>\n<\/ol>\n<p>O RPD pode ser contatado no endere\u00e7o de e-mail: <a href=\"mailto:dpo@elica.com\">dpo@elica.com<\/a><\/p>\n<ol start=\"3\">\n<li><strong> Tipos de dados tratados<\/strong><\/li>\n<\/ol>\n<p>O Site utiliza cookies.<\/p>\n<p><strong>O que s\u00e3o cookies<\/strong><\/p>\n<p>Cookies (ou marcadores) s\u00e3o pequenos arquivos de texto que s\u00e3o enviados pelo server web visitado pelo usu\u00e1rio no dispositivo do usu\u00e1rio (geralmente ao browser), quando este acessa um determinado site com a finalidade de armazenar e transportar informa\u00e7\u00f5es. Eles s\u00e3o memorizados para reconhecer este dispositivo na pr\u00f3xima visita. De fato, a cada visita subsequente, os cookies s\u00e3o enviados de volta do dispositivo do usu\u00e1rio para o site.<\/p>\n<p>Cada cookie geralmente cont\u00e9m o nome do server do qual o cookie foi enviado, a data de validade e um valor, geralmente um n\u00famero \u00fanico gerado aleatoriamente pelo computador.<\/p>\n<p><strong>Cookies <\/strong><strong>prim\u00e1rios<\/strong> <strong>e de terceiros<\/strong><\/p>\n<p>Os cookies podem ser instalados n\u00e3o somente pelo mesmo gerenciador do site visitado pelo usu\u00e1rio (cookies prim\u00e1rios), mas tamb\u00e9m por um site diferente atrav\u00e9s do primeiro site (cookies de terceiros) e \u00e9 capaz de reconhec\u00ea-los. Isso acontece porque no site visitado podem existir elementos (imagens, mapas, sons, links para a p\u00e1gina web de outros dom\u00ednios, etc.) que residem em server diferente daquele do site visitado.<\/p>\n<p><strong>Cookies t\u00e9cnicos, anal\u00edticos e de perfil<\/strong><\/p>\n<p>Com base na finalidade, os cookies s\u00e3o divididos em cookies t\u00e9cnicos e cookies de perfil.<\/p>\n<p><strong><em>Os cookies t\u00e9cnicos<\/em><\/strong> s\u00e3o instalados com o \u00fanico objetivo de &#8220;realizar a transmiss\u00e3o de uma comunica\u00e7\u00e3o atrav\u00e9s de uma rede de comunica\u00e7\u00e3o eletr\u00f4nica, ou na medida do estritamente necess\u00e1rio ao fornecedor de um servi\u00e7o da sociedade da informa\u00e7\u00e3o explicitamente solicitada pelo assinante ou usu\u00e1rio para prestar tal servi\u00e7o&#8221; (ver art. 122, al\u00ednea 1, C\u00f3digo de privacidade). Eles geralmente s\u00e3o usados \u200b\u200bpara permitir uma navega\u00e7\u00e3o eficiente entre as p\u00e1ginas, memorizar as prefer\u00eancias do usu\u00e1rio, memorizar informa\u00e7\u00f5es sobre configura\u00e7\u00f5es espec\u00edficas dos usu\u00e1rios, efetuar a autentica\u00e7\u00e3o dos usu\u00e1rios, etc.<\/p>\n<p>Os cookies t\u00e9cnicos podem ser subdivididos em cookies de navega\u00e7\u00e3o, utilizados para registar dados \u00fateis para a navega\u00e7\u00e3o normal e utiliza\u00e7\u00e3o do website no computador do usu\u00e1rio (permitindo, por exemplo, recordar o tamanho de p\u00e1gina preferido numa lista) e cookies funcionais, que permitem ao site web lembrar as escolhas feitas pelo usu\u00e1rio para otimizar sua funcionalidade (por exemplo, cookies funcionais permitem que o site lembre as configura\u00e7\u00f5es espec\u00edficas de um usu\u00e1rio, como a sele\u00e7\u00e3o do pa\u00eds e, se definido, o status de acesso permanente). Alguns desses cookies (dito essenciais ou estritamente necess\u00e1rios) habilitam fun\u00e7\u00f5es sem as quais n\u00e3o seria poss\u00edvel realizar algumas opera\u00e7\u00f5es.<\/p>\n<p>De acordo com o citado art. 122, al\u00ednea 1, C\u00f3digo de Privacidade, o uso de cookies t\u00e9cnicos n\u00e3o requer o consentimento dos usu\u00e1rios, mas requer apenas a obriga\u00e7\u00e3o de informar os usu\u00e1rios.<\/p>\n<p>De acordo com a Disposi\u00e7\u00e3o, s\u00e3o assimilados aos cookies t\u00e9cnicos &#8211; e, portanto, para sua instala\u00e7\u00e3o n\u00e3o \u00e9 necess\u00e1rio o consentimento dos usu\u00e1rios &#8211; os chamados cookies analytics se:<\/p>\n<ol>\n<li>i) realizados e utilizados diretamente pelo administrador do site prim\u00e1rio (sem, portanto, a interven\u00e7\u00e3o de terceiros) com o objetivo de otimizar o mesmo para coletar informa\u00e7\u00f5es agregadas sobre o n\u00famero de usu\u00e1rios e como eles visitam o site, bem como<\/li>\n<li>ii) realizados e disponibilizados por terceiros se:<\/li>\n<\/ol>\n<ol>\n<li>utilizados pelo site prim\u00e1rio para fins meramente estat\u00edsticos, se forem adotadas medidas de minimiza\u00e7\u00e3o adequadas para reduzir o poder de identifica\u00e7\u00e3o (por exemplo, mascarando partes apropriadas do endere\u00e7o IP) e usado exclusivamente para a produ\u00e7\u00e3o de estat\u00edsticas agregadas e relacionadas, como regra , a um \u00fanico site ou a um \u00fanico aplicativo m\u00f3vel, de modo a n\u00e3o permitir o rastreamento da navega\u00e7\u00e3o da pessoa que usa diferentes aplicativos ou navega em diferentes sites;<\/li>\n<\/ol>\n<ol>\n<li>terceiros, que fornecem o servi\u00e7o de medi\u00e7\u00e3o da web ao site, n\u00e3o combinam, enriquecem ou cruzam dados, mesmo minimizados como acima, com outras informa\u00e7\u00f5es que tais terceiros disponham (por exemplo, arquivos de clientes ou estat\u00edsticas de visitas a outros sites) nem transmit\u00ed-los a outros terceiros.<\/li>\n<\/ol>\n<p><strong><em>Os cookies de perfil<\/em><\/strong> s\u00e3o usados \u200b\u200bpara rastrear a navega\u00e7\u00e3o do usu\u00e1rio, analisar seu comportamento para fins de marketing e criar perfis sobre seus gostos, h\u00e1bitos, escolhas, etc. para transmitir mensagens publicit\u00e1rias direcionadas em rela\u00e7\u00e3o aos seus interesses e de acordo com as prefer\u00eancias expressas na navega\u00e7\u00e3o online. Tais cookies, de acordo com o art. 122 do C\u00f3digo de Privacidade, podem ser instalados no terminal do usu\u00e1rio somente se ele tiver dado o pr\u00f3prio consentimento ap\u00f3s ter sido informado com as modalidades simplificadas indicadas pelo Garante na Disposi\u00e7\u00e3o (publica\u00e7\u00e3o no site de uma informa\u00e7\u00e3o &#8220;breve&#8221; contida em um banner de imediata apresenta\u00e7\u00e3o na p\u00e1gina inicial (ou outra p\u00e1gina atrav\u00e9s da qual o usu\u00e1rio possa acessar o site), que o manda para uma informa\u00e7\u00e3o mais &#8220;ampliada&#8221;, o qual se acessa atrav\u00e9s de um link que pode ser clicado pelo usu\u00e1rio).<\/p>\n<p><strong>Cookies persistentes e de sess\u00e3o<\/strong><\/p>\n<p>De acordo com a sua dura\u00e7\u00e3o, os cookies distinguem-se em: <strong><em>persistentes<\/em><\/strong>; que permanecem memorizados, at\u00e9 o seu vencimento, no dispositivo do usu\u00e1rio, salvam a remo\u00e7\u00e3o por este \u00faltimo e <strong>de sess\u00e3o<\/strong>; que n\u00e3o s\u00e3o armazenadas persistentemente no dispositivo do utilizador e desaparecem com o encerramento do navegador.<\/p>\n<p><strong><u>Lista de cookies utilizados por este site<\/u><\/strong><\/p>\n<p><strong>Cookies t\u00e9cnicos<\/strong><\/p>\n<p>Este site utiliza cookies t\u00e9cnicos, instalados pelo pr\u00f3prio site para os fins indicados abaixo.<\/p>\n<p>Este tipo de cookie n\u00e3o pode ser desativado e, como indicado acima, para a sua instala\u00e7\u00e3o n\u00e3o \u00e9 exigido o consentimento pr\u00e9vio dos usu\u00e1rios conforme os termos do art. 122 do C\u00f3digo de Privacidade.<\/p>\n<table width=\"642\">\n<tbody>\n<tr>\n<td width=\"201\">Nome<\/td>\n<td width=\"143\">Prim\u00e1rio ou terci\u00e1rio<\/td>\n<td width=\"167\">Finalidade<\/td>\n<td width=\"131\">Dura\u00e7\u00e3o<\/td>\n<\/tr>\n<tr>\n<td width=\"201\">PHPSESSID<\/td>\n<td width=\"143\">Elica<\/td>\n<td width=\"167\">Memoriza o estado da sess\u00e3o.<\/td>\n<td width=\"131\">Sess\u00e3o<\/td>\n<\/tr>\n<tr>\n<td width=\"201\">_icl_current_language<\/td>\n<td width=\"143\">Elica<\/td>\n<td width=\"167\">Memoriza a linguagem selecionada.<\/td>\n<td width=\"131\">1 dia<\/td>\n<\/tr>\n<\/tbody>\n<\/table>\n<p>Tais cookies, devidamente anonimizados (atrav\u00e9s da oculta\u00e7\u00e3o de partes significativas do endere\u00e7o IP), permitem a coleta de informa\u00e7\u00f5es agregadas sobre o n\u00famero de usu\u00e1rios e como eles visitam o site sem poder identificar o usu\u00e1rio individual.<\/p>\n<p><strong>Cookies anal\u00edticos anonimizados<\/strong><\/p>\n<p>O site utiliza cookies anal\u00edticos criados e disponibilizados por terceiros para analisar estatisticamente os acessos ou visitas ao pr\u00f3prio site, permitir ao Titular melhorar a sua estrutura, as l\u00f3gicas de navega\u00e7\u00e3o e os conte\u00fados e recolher informa\u00e7\u00e3o sobre a utiliza\u00e7\u00e3o do site.<\/p>\n<p>Para maiores detalhes e informa\u00e7\u00f5es, \u00e9 poss\u00edvel visitar o seguinte link: https:\/\/support.google.com\/analytics\/answer\/1011397<\/p>\n<p>Tais cookies, devidamente anonimizados (atrav\u00e9s da oculta\u00e7\u00e3o de partes significativas do endere\u00e7o IP), permitem a coleta de informa\u00e7\u00f5es agregadas sobre o n\u00famero de usu\u00e1rios e como eles visitam o site sem poder identificar o usu\u00e1rio individual. Portanto, o consentimento pr\u00e9vio dos usu\u00e1rios n\u00e3o \u00e9 necess\u00e1rio de acordo com o indicado na Disposi\u00e7\u00e3o.<\/p>\n<table width=\"642\">\n<tbody>\n<tr>\n<td width=\"201\">Nome<\/td>\n<td width=\"143\">Prim\u00e1rio ou terci\u00e1rio<\/td>\n<td width=\"167\">Finalidade<\/td>\n<td width=\"131\">Dura\u00e7\u00e3o<\/td>\n<\/tr>\n<tr>\n<td width=\"201\">_gat<\/td>\n<td width=\"143\">Elica<\/td>\n<td width=\"167\">Cookie oferecido pelo Google, usado para acelerar a taxa de solicita\u00e7\u00e3o.<\/td>\n<td width=\"131\">Sess\u00e3o<\/td>\n<\/tr>\n<tr>\n<td width=\"201\">_ga<\/td>\n<td width=\"143\">Elica<\/td>\n<td width=\"167\">Cookie oferecido pelo Google, usado para distinguir usu\u00e1rios \u00fanicos, atribuindo um n\u00famero gerado aleatoriamente como identificador. Ele \u00e9 inclu\u00eddo em cada solicita\u00e7\u00e3o de p\u00e1gina do site e usado para calcular dados dos visitantes, sess\u00f5es e campanhas.<\/td>\n<td width=\"131\">730 dias<\/td>\n<\/tr>\n<tr>\n<td width=\"201\">_gid<\/td>\n<td width=\"143\">Elica<\/td>\n<td width=\"167\">Cookie oferecido pelo Google, utilizado para memorizar e atualizar um valor \u00fanico para cada p\u00e1gina visitada.<\/td>\n<td width=\"131\">1 dia<\/td>\n<\/tr>\n<\/tbody>\n<\/table>\n<p><strong>\u00a0<\/strong><\/p>\n<p>Uma vez decorridos os prazos de reten\u00e7\u00e3o indicados acima, os dados ser\u00e3o destru\u00eddos ou tornados an\u00f4nimos, compat\u00edvel com os procedimentos t\u00e9cnicos de cancelamento e backup.<\/p>\n<ol>\n<li><strong>Fornecimento de dados<\/strong><\/li>\n<\/ol>\n<p>Os dados relativos a cookies para os quais n\u00e3o \u00e9 necess\u00e1rio o consentimento s\u00e3o necess\u00e1rios para a presta\u00e7\u00e3o do relativo servi\u00e7o; portanto, o n\u00e3o fornecimento de tais dados impossibilitar\u00e1 a utiliza\u00e7\u00e3o do servi\u00e7o solicitado.<\/p>\n<ol start=\"2\">\n<li><strong>Destinat\u00e1rios<\/strong><\/li>\n<\/ol>\n<p>Os tratamentos ligados aos servi\u00e7os web deste Site s\u00e3o realizados por pessoal expressamente autorizado para o tratamento que recebeu adequadas instru\u00e7\u00f5es operativas.<\/p>\n<p>Os dados tamb\u00e9m podem ser processados, em nome do Titular dos Dados, por terceiros, designados como Respons\u00e1veis do Tratamento dos Dados nos termos do art. 28 do GDPR, tais como pessoas f\u00edsicas e\/ou gur\u00eddicas que exer\u00e7am atividades funcionais para as finalidades acima indicadas, por exemplo a empresa que se ocupa da gest\u00e3o e manuten\u00e7\u00e3o do Site.<\/p>\n<p>Os dados podem ser comunicados a aut\u00f4nomos titulares do tratamento dos dados, tais como autoridades e \u00f3rg\u00e3os de supervis\u00e3o e controle habilitados a solicitar\/receber os dados, bem como a terceiros provedores (ou vendedores) elencados nas tabelas acima contendo a lista de cookies, onde tamb\u00e9m \u00e9 relatado o link para a relativa informativa.<\/p>\n<p>Sempre que os dados sejam transferidos para pa\u00edses fora da Uni\u00e3o Europeia (UE) ou do Espa\u00e7o Econ\u00f4mico Europeu (EEE) que n\u00e3o tenham sido considerados adequados pela Comiss\u00e3o Europeia, ser\u00e3o utilizadas as &#8220;ferramentas de transfer\u00eancia&#8221; referidas no art. 45 do GDPR, avaliando a eventual disponibiliza\u00e7\u00e3o de \u201cmedidas suplementares\u201d para assegurar um n\u00edvel de prote\u00e7\u00e3o substancialmente equivalente ao exigido pela legisla\u00e7\u00e3o da Uni\u00e3o Europeia. Para maiores informa\u00e7\u00f5es, consulte os links na informativa de terceiros indicadas na tabela.<\/p>\n<ol>\n<li><strong>Configura\u00e7\u00f5es do browser<\/strong><\/li>\n<\/ol>\n<p>Os usu\u00e1rios podem, de qualque forma, expressar as pr\u00f3prias op\u00e7\u00f5es sobre os cookies tamb\u00e9m atrav\u00e9s das configura\u00e7\u00f5es do browser utilizado. Mesmo no caso em que o browser utilizado pelo usu\u00e1rio esteja configurado para aceitar cookies automaticamente, o usu\u00e1rio pode modificar a configura\u00e7\u00e3o padr\u00e3o atrav\u00e9s do menu de configura\u00e7\u00f5es, cancelando e\/ou removendo todos ou alguns cookies, bloqueando o envio dos cookies ou limitando-o a determinados sites. A desativa\u00e7\u00e3o, o bloqueio dos cookies ou o seu cancelamento pode comprometer a utiliza\u00e7\u00e3o otimizada de algumas \u00e1reas do Site ou impedir algumas funcionalidades do mesmo, bem como afetar o funcionamento de servi\u00e7os de terceiros. Abaixo est\u00e3o os links aos guias para gerenciar os cookies dos principais browsers:<\/p>\n<ul>\n<li><a href=\"https:\/\/support.microsoft.com\/en-us\/help\/17442\/windows-internet-explorer-delete-manage-cookies\">Microsoft Internet Explorer<\/a><\/li>\n<li><a href=\"https:\/\/support.microsoft.com\/en-gb\/help\/4027947\/microsoft-edge-delete-cookies\">Microsoft Edge<\/a><\/li>\n<li><a href=\"https:\/\/support.google.com\/chrome\/answer\/95647?hl=it&amp;p=cpn_cookies%20https:\/\/support.google.com\/accounts\/answer\/61416?hl=it%20%20Google%20Chrome%20per%20Mobile:%20Accedere%20tramite%20link%20https:\/\/support.google.com\/chrome\/answer\/2392971?hl=it\">Google Chrome<\/a><\/li>\n<li><a href=\"https:\/\/support.mozilla.org\/it\/kb\/Attivare%20e%20disattivare%20i%20cookie\">Mozilla Firefox<\/a><\/li>\n<li><a href=\"https:\/\/support.apple.com\/it-it\/HT201265\">Safari<\/a><\/li>\n<li><a href=\"http:\/\/help.opera.com\/Windows\/10.00\/it\/cookies.htm\">Opera<\/a><\/li>\n<\/ul>\n<p>Para os browsers diferentes dos elencados acima, \u00e9 necess\u00e1rio consultar o guia relevante para identificar a modalidade de gerenciamento dos cookies.<\/p>\n<ol>\n<li><strong>Os direitos das partes interessadas<\/strong><\/li>\n<\/ol>\n<p>Relativamente ao tratamento dos dados pessoais efetuado pelo Titular, o interessado, al\u00e9m do indicado no par\u00e1grafo precedente, pode exercer os direitos referidos nos artigos de 15 a 22 do GDPR, quando aplic\u00e1vel, e, em particular, pode solicitar o acesso aos dados que lhe competem e \u00e0s informa\u00e7\u00f5es referidas no art. 15 (finalidade do tratamento, categorias de dados pessoais, etc.), o seu cancelamento nos casos previstos no art. 17, a corre\u00e7\u00e3o dos dados imprecisos, a integra\u00e7\u00e3o dos dados incompletos, a limita\u00e7\u00e3o do tratamento nos casos previstos no art. 18, al\u00e9m da portabilidade dos dados (ou seja, receber os dados em formato estruturado, comumente utilizado e leg\u00edvel por dispositivo autom\u00e1tico, bem como, se tecnicamente vi\u00e1vel, transmit\u00ed-los a outro titular sem impedimentos) no caso de o tratamento seja baseado no consentimento ou no contrato e seja efetuado com ferramentas automatizadas.<\/p>\n<p>Para o exerc\u00edcio dos direitos, o interessado pode entrar em contato com o Titular dos Dados nos pontos de contato indicados no par\u00e1grafo 1.<\/p>\n<p>O interessado tem o direito de apresentar reclama\u00e7\u00e3o junto \u00e0 Autoridade de controlo competente do Estado-Membro em que reside ou trabalha habitualmente ou no Estado em que ocorreu a alegada viola\u00e7\u00e3o.<\/p>\n","protected":false},"excerpt":{"rendered":"<p>A presente informativa, destinada a todos aqueles que navegam no web site (doravante, &#8220;Site&#8220;), \u00e9 emitida nos termos do art. 13 do Reg. (UE) n. 2016\/679 (doravante, &#8220; GDPR&#8220;) e art. 122 do D. lgs. 196\/2003 (doravante, &#8220;C\u00f3digo de Privacidade&#8220;), bem como em conformidade com a [&hellip;]<\/p>\n","protected":false},"author":4,"featured_media":0,"parent":0,"menu_order":0,"comment_status":"closed","ping_status":"closed","template":"","meta":[],"_links":{"self":[{"href":"https:\/\/turboair.com\/spain\/pt-pt\/wp-json\/wp\/v2\/pages\/5252"}],"collection":[{"href":"https:\/\/turboair.com\/spain\/pt-pt\/wp-json\/wp\/v2\/pages"}],"about":[{"href":"https:\/\/turboair.com\/spain\/pt-pt\/wp-json\/wp\/v2\/types\/page"}],"author":[{"embeddable":true,"href":"https:\/\/turboair.com\/spain\/pt-pt\/wp-json\/wp\/v2\/users\/4"}],"replies":[{"embeddable":true,"href":"https:\/\/turboair.com\/spain\/pt-pt\/wp-json\/wp\/v2\/comments?post=5252"}],"version-history":[{"count":10,"href":"https:\/\/turboair.com\/spain\/pt-pt\/wp-json\/wp\/v2\/pages\/5252\/revisions"}],"predecessor-version":[{"id":6927,"href":"https:\/\/turboair.com\/spain\/pt-pt\/wp-json\/wp\/v2\/pages\/5252\/revisions\/6927"}],"wp:attachment":[{"href":"https:\/\/turboair.com\/spain\/pt-pt\/wp-json\/wp\/v2\/media?parent=5252"}],"curies":[{"name":"wp","href":"https:\/\/api.w.org\/{rel}","templated":true}]}}