{"id":5249,"date":"2015-08-24T17:21:45","date_gmt":"2015-08-24T15:21:45","guid":{"rendered":"http:\/\/turboair.com\/spain\/pt-pt\/safety\/"},"modified":"2016-08-24T11:40:20","modified_gmt":"2016-08-24T09:40:20","slug":"safety","status":"publish","type":"page","link":"https:\/\/turboair.com\/spain\/pt-pt\/safety\/","title":{"rendered":"Seguran\u00e7a"},"content":{"rendered":"<p>Durante o processo de produ\u00e7\u00e3o, uma s\u00e9rie meticulosa de mais de 50 testes e exames \u00e9 utilizado para garantir a seguran\u00e7a e funcionalidade dos capuzes Turboair. Materiais, componentes el\u00e9tricos e componentes eletr\u00f4nicos s\u00e3o repetidamente testados, a fim de garantir a total conformidade com os mais rigorosos<\/p>\n<p>padr\u00f5es de seguran\u00e7a. Todos os produtos Elica fazer uso de bordas lisas, vidro temperado e pl\u00e1stico auto-extingu\u00edvel.<\/p>\n","protected":false},"excerpt":{"rendered":"<p>Durante o processo de produ\u00e7\u00e3o, uma s\u00e9rie meticulosa de mais de 50 testes e exames \u00e9 utilizado para garantir a seguran\u00e7a e funcionalidade dos capuzes Turboair. Materiais, componentes el\u00e9tricos e componentes eletr\u00f4nicos s\u00e3o repetidamente testados, a fim de garantir a total conformidade com os mais rigorosos [&hellip;]<\/p>\n","protected":false},"author":4,"featured_media":3780,"parent":0,"menu_order":4,"comment_status":"open","ping_status":"open","template":"page_r.php","meta":[],"_links":{"self":[{"href":"https:\/\/turboair.com\/spain\/pt-pt\/wp-json\/wp\/v2\/pages\/5249"}],"collection":[{"href":"https:\/\/turboair.com\/spain\/pt-pt\/wp-json\/wp\/v2\/pages"}],"about":[{"href":"https:\/\/turboair.com\/spain\/pt-pt\/wp-json\/wp\/v2\/types\/page"}],"author":[{"embeddable":true,"href":"https:\/\/turboair.com\/spain\/pt-pt\/wp-json\/wp\/v2\/users\/4"}],"replies":[{"embeddable":true,"href":"https:\/\/turboair.com\/spain\/pt-pt\/wp-json\/wp\/v2\/comments?post=5249"}],"version-history":[{"count":1,"href":"https:\/\/turboair.com\/spain\/pt-pt\/wp-json\/wp\/v2\/pages\/5249\/revisions"}],"predecessor-version":[{"id":5250,"href":"https:\/\/turboair.com\/spain\/pt-pt\/wp-json\/wp\/v2\/pages\/5249\/revisions\/5250"}],"wp:featuredmedia":[{"embeddable":true,"href":"https:\/\/turboair.com\/spain\/pt-pt\/wp-json\/wp\/v2\/media\/3780"}],"wp:attachment":[{"href":"https:\/\/turboair.com\/spain\/pt-pt\/wp-json\/wp\/v2\/media?parent=5249"}],"curies":[{"name":"wp","href":"https:\/\/api.w.org\/{rel}","templated":true}]}}