{"id":5247,"date":"2015-08-25T10:29:27","date_gmt":"2015-08-25T08:29:27","guid":{"rendered":"http:\/\/turboair.com\/spain\/pt-pt\/details-and-manufacture\/"},"modified":"2016-08-24T11:38:48","modified_gmt":"2016-08-24T09:38:48","slug":"details-and-manufacture","status":"publish","type":"page","link":"https:\/\/turboair.com\/spain\/pt-pt\/details-and-manufacture\/","title":{"rendered":"Detalhes e fabrica\u00e7\u00e3o"},"content":{"rendered":"<p>Turboair \u00e9 acima de tudo uma garantia de seguran\u00e7a, gra\u00e7as ao uso exclusivo de componentes cuidadosamente testados.<\/p>\n<p>pintura anti-ferrugem, suavizar as bordas sem corte, o cuidado na montagem de pe\u00e7as, juntamente com os nossos sistemas de qualidade, todos se combinam para criar produtos que s\u00e3o certificados e seguros.<\/p>\n<p>O casamento perfeito de a\u00e7o e vidro, a precis\u00e3o em detalhes, s\u00e3o os resultados da grande import\u00e2ncia que damos ao design, como os nossos produtos mais recentes demonstram.<\/p>\n<p>Estes s\u00e3o exemplos de tecnologia italiana e excel\u00eancia, apresentando componentes pendentes, tais como Touch Control, com o seu sensor de \u00faltima gera\u00e7\u00e3o temperatura, o usu\u00e1rio controles eletr\u00f4nicos amig\u00e1vel, o grande airflowsurface filtros de gordura remov\u00edvel e lav\u00e1vel.<\/p>\n<p>Turboair \u00e9 uma marca que voc\u00ea pode confiar: exclusivo, seguro, com f\u00e1cil de instalar produtos &#8211; uma marca de qualidade em apenas um pre\u00e7o justo.<\/p>\n","protected":false},"excerpt":{"rendered":"<p>Turboair \u00e9 acima de tudo uma garantia de seguran\u00e7a, gra\u00e7as ao uso exclusivo de componentes cuidadosamente testados. pintura anti-ferrugem, suavizar as bordas sem corte, o cuidado na montagem de pe\u00e7as, juntamente com os nossos sistemas de qualidade, todos se combinam para criar produtos que s\u00e3o certificados [&hellip;]<\/p>\n","protected":false},"author":4,"featured_media":3780,"parent":0,"menu_order":3,"comment_status":"open","ping_status":"open","template":"page_r.php","meta":[],"_links":{"self":[{"href":"https:\/\/turboair.com\/spain\/pt-pt\/wp-json\/wp\/v2\/pages\/5247"}],"collection":[{"href":"https:\/\/turboair.com\/spain\/pt-pt\/wp-json\/wp\/v2\/pages"}],"about":[{"href":"https:\/\/turboair.com\/spain\/pt-pt\/wp-json\/wp\/v2\/types\/page"}],"author":[{"embeddable":true,"href":"https:\/\/turboair.com\/spain\/pt-pt\/wp-json\/wp\/v2\/users\/4"}],"replies":[{"embeddable":true,"href":"https:\/\/turboair.com\/spain\/pt-pt\/wp-json\/wp\/v2\/comments?post=5247"}],"version-history":[{"count":2,"href":"https:\/\/turboair.com\/spain\/pt-pt\/wp-json\/wp\/v2\/pages\/5247\/revisions"}],"predecessor-version":[{"id":5257,"href":"https:\/\/turboair.com\/spain\/pt-pt\/wp-json\/wp\/v2\/pages\/5247\/revisions\/5257"}],"wp:featuredmedia":[{"embeddable":true,"href":"https:\/\/turboair.com\/spain\/pt-pt\/wp-json\/wp\/v2\/media\/3780"}],"wp:attachment":[{"href":"https:\/\/turboair.com\/spain\/pt-pt\/wp-json\/wp\/v2\/media?parent=5247"}],"curies":[{"name":"wp","href":"https:\/\/api.w.org\/{rel}","templated":true}]}}