{"id":5245,"date":"2016-08-03T09:50:18","date_gmt":"2016-08-03T07:50:18","guid":{"rendered":"http:\/\/turboair.com\/spain\/pt-pt\/espiritu-italiano\/"},"modified":"2016-09-27T15:17:57","modified_gmt":"2016-09-27T13:17:57","slug":"espiritu-italiano","status":"publish","type":"page","link":"https:\/\/turboair.com\/spain\/pt-pt\/espiritu-italiano\/","title":{"rendered":"O esp\u00edrito italiano"},"content":{"rendered":"<p>A It\u00e1lia \u00e9 um pa\u00eds rico em esp\u00edrito de inven\u00e7\u00e3o, criatividade e know-how industrial, ansiosos para se destacar, ansioso para o reconhecimento.<\/p>\n<p>O esp\u00edrito italiano est\u00e1 incorporada na hist\u00f3ria do pa\u00eds, que j\u00e1 viu de criar uma identidade atrav\u00e9s de objetos do cotidiano &#8211; uma identidade que se tornou um<\/p>\n<p>pedra de toque para a qualidade de todo o mundo. Turboair faz parte deste mundo, tomando o seu lugar l\u00e1 com um verdadeiro sentido de responsabilidade, com verdadeiro respeito por todos e cada um dos seus cidad\u00e3os, com uma atitude de profunda preocupa\u00e7\u00e3o para o pr\u00f3prio planeta. Esta mistura de experi\u00eancia, a fus\u00e3o do conhecimento cultural e industrial malha com a unidade para ter sucesso, produziu uma marca com presen\u00e7a simult\u00e2nea de prosperidade em uma variedade de locais diferentes.<\/p>\n<p>Para conceber, projetar, fabricar e distribuir produtos para todas as partes do globo, adquirindo uma identidade comum, significa produzir objetos de qualidade que se tornam uma parte da nossa vida e dar car\u00e1ter para as casas em que vivemos.<\/p>\n<p>Combinando um forte senso de tradi\u00e7\u00e3o local com habilidade fabrica\u00e7\u00e3o, atrav\u00e9s de anos de experi\u00eancia, a consci\u00eancia da din\u00e2mica de fluidos e uma voca\u00e7\u00e3o para a qualidade, a partir do cora\u00e7\u00e3o industrial da Fabriano, Turboair leva It\u00e1lia para o mundo.<\/p>\n","protected":false},"excerpt":{"rendered":"<p>A It\u00e1lia \u00e9 um pa\u00eds rico em esp\u00edrito de inven\u00e7\u00e3o, criatividade e know-how industrial, ansiosos para se destacar, ansioso para o reconhecimento. O esp\u00edrito italiano est\u00e1 incorporada na hist\u00f3ria do pa\u00eds, que j\u00e1 viu de criar uma identidade atrav\u00e9s de objetos do cotidiano &#8211; uma identidade [&hellip;]<\/p>\n","protected":false},"author":4,"featured_media":3780,"parent":0,"menu_order":1,"comment_status":"open","ping_status":"open","template":"page_r.php","meta":[],"_links":{"self":[{"href":"https:\/\/turboair.com\/spain\/pt-pt\/wp-json\/wp\/v2\/pages\/5245"}],"collection":[{"href":"https:\/\/turboair.com\/spain\/pt-pt\/wp-json\/wp\/v2\/pages"}],"about":[{"href":"https:\/\/turboair.com\/spain\/pt-pt\/wp-json\/wp\/v2\/types\/page"}],"author":[{"embeddable":true,"href":"https:\/\/turboair.com\/spain\/pt-pt\/wp-json\/wp\/v2\/users\/4"}],"replies":[{"embeddable":true,"href":"https:\/\/turboair.com\/spain\/pt-pt\/wp-json\/wp\/v2\/comments?post=5245"}],"version-history":[{"count":1,"href":"https:\/\/turboair.com\/spain\/pt-pt\/wp-json\/wp\/v2\/pages\/5245\/revisions"}],"predecessor-version":[{"id":5246,"href":"https:\/\/turboair.com\/spain\/pt-pt\/wp-json\/wp\/v2\/pages\/5245\/revisions\/5246"}],"wp:featuredmedia":[{"embeddable":true,"href":"https:\/\/turboair.com\/spain\/pt-pt\/wp-json\/wp\/v2\/media\/3780"}],"wp:attachment":[{"href":"https:\/\/turboair.com\/spain\/pt-pt\/wp-json\/wp\/v2\/media?parent=5245"}],"curies":[{"name":"wp","href":"https:\/\/api.w.org\/{rel}","templated":true}]}}