{"id":5243,"date":"2015-08-25T10:27:34","date_gmt":"2015-08-25T08:27:34","guid":{"rendered":"http:\/\/turboair.com\/spain\/pt-pt\/industrial-tradition\/"},"modified":"2016-08-24T11:36:11","modified_gmt":"2016-08-24T09:36:11","slug":"industrial-tradition","status":"publish","type":"page","link":"https:\/\/turboair.com\/spain\/pt-pt\/industrial-tradition\/","title":{"rendered":"Tradi\u00e7\u00e3o industrial"},"content":{"rendered":"<p>Turboair \u00e9 uma marca italiana com uma longa tradi\u00e7\u00e3o industrial na fabrica\u00e7\u00e3o de exaustores.<\/p>\n<p>Fundada h\u00e1 mais de 35 anos na \u00e1rea de Fabriano, famosa pela sua produ\u00e7\u00e3o de aparelhos dom\u00e9sticos, Turboair \u00e9 uma marca que pertence ao Grupo Elica, l\u00edder mundial na \u00e1rea de exaustores.<\/p>\n<p>Robustez, a sele\u00e7\u00e3o cuidadosa dos materiais utilizados e fiabilidade s\u00e3o as caracter\u00edsticas dos produtos que s\u00e3o constru\u00eddos para durar, em conjunto com a tradi\u00e7\u00e3o e beleza que fazem estilo italiano t\u00e3o reconhec\u00edvel.<\/p>\n<p>desenho integral, tanto cl\u00e1ssico e funcional para facilitar a usabilidade, com controles de interface para a ilumina\u00e7\u00e3o eo fluxo de ar empregando simples bot\u00f5es ou controles eletr\u00f4nicos. a efici\u00eancia do fluxo de ar, com motoriza\u00e7\u00e3o de alta tecnologia e respeito ao meio ambiente.<\/p>\n<p>Produtos que s\u00e3o f\u00e1ceis de limpar e ainda mais f\u00e1cil de admirar, trazendo ilumina\u00e7\u00e3o quente ao dia de culin\u00e1ria e uma atmosfera tradicional fam\u00edlia para a cozinha. Turboair \u00e9 um exemplo de excel\u00eancia italiana, a exporta\u00e7\u00e3o de milh\u00f5es de produtos para casas de todo o mundo. Seus exaustores, a combina\u00e7\u00e3o perfeita de simplicidade, tradi\u00e7\u00e3o e solidez, oferecer-lhe a serenidade de uma escolha que vai durar uma vida.<\/p>\n<p>&nbsp;<\/p>\n<p><u>\u00a0<\/u><\/p>\n","protected":false},"excerpt":{"rendered":"<p>Turboair \u00e9 uma marca italiana com uma longa tradi\u00e7\u00e3o industrial na fabrica\u00e7\u00e3o de exaustores. Fundada h\u00e1 mais de 35 anos na \u00e1rea de Fabriano, famosa pela sua produ\u00e7\u00e3o de aparelhos dom\u00e9sticos, Turboair \u00e9 uma marca que pertence ao Grupo Elica, l\u00edder mundial na \u00e1rea de exaustores. [&hellip;]<\/p>\n","protected":false},"author":4,"featured_media":3780,"parent":0,"menu_order":0,"comment_status":"open","ping_status":"open","template":"page_r.php","meta":[],"_links":{"self":[{"href":"https:\/\/turboair.com\/spain\/pt-pt\/wp-json\/wp\/v2\/pages\/5243"}],"collection":[{"href":"https:\/\/turboair.com\/spain\/pt-pt\/wp-json\/wp\/v2\/pages"}],"about":[{"href":"https:\/\/turboair.com\/spain\/pt-pt\/wp-json\/wp\/v2\/types\/page"}],"author":[{"embeddable":true,"href":"https:\/\/turboair.com\/spain\/pt-pt\/wp-json\/wp\/v2\/users\/4"}],"replies":[{"embeddable":true,"href":"https:\/\/turboair.com\/spain\/pt-pt\/wp-json\/wp\/v2\/comments?post=5243"}],"version-history":[{"count":1,"href":"https:\/\/turboair.com\/spain\/pt-pt\/wp-json\/wp\/v2\/pages\/5243\/revisions"}],"predecessor-version":[{"id":5244,"href":"https:\/\/turboair.com\/spain\/pt-pt\/wp-json\/wp\/v2\/pages\/5243\/revisions\/5244"}],"wp:featuredmedia":[{"embeddable":true,"href":"https:\/\/turboair.com\/spain\/pt-pt\/wp-json\/wp\/v2\/media\/3780"}],"wp:attachment":[{"href":"https:\/\/turboair.com\/spain\/pt-pt\/wp-json\/wp\/v2\/media?parent=5243"}],"curies":[{"name":"wp","href":"https:\/\/api.w.org\/{rel}","templated":true}]}}