{"id":5241,"date":"2016-01-15T16:20:29","date_gmt":"2016-01-15T15:20:29","guid":{"rendered":"http:\/\/turboair.com\/spain\/pt-pt\/about\/"},"modified":"2017-01-11T12:21:41","modified_gmt":"2017-01-11T11:21:41","slug":"about","status":"publish","type":"page","link":"https:\/\/turboair.com\/spain\/pt-pt\/about\/","title":{"rendered":"Sobre"},"content":{"rendered":"<p>Tr\u00eas palavras s\u00e3o tudo o que \u00e9 preciso para descrever um mundo. Pure Tecnologia italiana.<br \/>\nTr\u00eas palavras que incorporam os valores que, por mais de 35 anos, Turboair vem tomando para todos os cantos da terra &#8211; valores que o mundo tem vindo a conhecer e respeitar.<br \/>\nValores que, atrav\u00e9s de suas capas de fog\u00e3o, comp\u00f5em uma hist\u00f3ria de todos os italianos excel\u00eancia: excel\u00eancia da concep\u00e7\u00e3o, estilo, design.Excellence do produto &#8211; know-how, detalhe, qualidade sem compromisso. A excel\u00eancia da tecnologia: exclusivo, inovador, trouxe-lhe atrav\u00e9s dos resultados de laborat\u00f3rio de pesquisa e desenvolvimento do Grupo Elica, o mais avan\u00e7ado no mundo.<br \/>\nE tudo isto dedicado a um objectivo muito ambicioso: a excel\u00eancia do ar.<\/p>\n","protected":false},"excerpt":{"rendered":"<p>Tr\u00eas palavras s\u00e3o tudo o que \u00e9 preciso para descrever um mundo. Pure Tecnologia italiana. Tr\u00eas palavras que incorporam os valores que, por mais de 35 anos, Turboair vem tomando para todos os cantos da terra &#8211; valores que o mundo tem vindo a conhecer e [&hellip;]<\/p>\n","protected":false},"author":4,"featured_media":3780,"parent":0,"menu_order":0,"comment_status":"open","ping_status":"open","template":"page_r.php","meta":[],"_links":{"self":[{"href":"https:\/\/turboair.com\/spain\/pt-pt\/wp-json\/wp\/v2\/pages\/5241"}],"collection":[{"href":"https:\/\/turboair.com\/spain\/pt-pt\/wp-json\/wp\/v2\/pages"}],"about":[{"href":"https:\/\/turboair.com\/spain\/pt-pt\/wp-json\/wp\/v2\/types\/page"}],"author":[{"embeddable":true,"href":"https:\/\/turboair.com\/spain\/pt-pt\/wp-json\/wp\/v2\/users\/4"}],"replies":[{"embeddable":true,"href":"https:\/\/turboair.com\/spain\/pt-pt\/wp-json\/wp\/v2\/comments?post=5241"}],"version-history":[{"count":5,"href":"https:\/\/turboair.com\/spain\/pt-pt\/wp-json\/wp\/v2\/pages\/5241\/revisions"}],"predecessor-version":[{"id":5544,"href":"https:\/\/turboair.com\/spain\/pt-pt\/wp-json\/wp\/v2\/pages\/5241\/revisions\/5544"}],"wp:featuredmedia":[{"embeddable":true,"href":"https:\/\/turboair.com\/spain\/pt-pt\/wp-json\/wp\/v2\/media\/3780"}],"wp:attachment":[{"href":"https:\/\/turboair.com\/spain\/pt-pt\/wp-json\/wp\/v2\/media?parent=5241"}],"curies":[{"name":"wp","href":"https:\/\/api.w.org\/{rel}","templated":true}]}}