{"id":5529,"date":"2022-05-16T11:13:29","date_gmt":"2022-05-16T09:13:29","guid":{"rendered":"https:\/\/turboair.com\/fr\/?page_id=5529"},"modified":"2022-05-30T15:18:31","modified_gmt":"2022-05-30T13:18:31","slug":"privacy-policy","status":"publish","type":"page","link":"https:\/\/turboair.com\/fr\/privacy-policy\/","title":{"rendered":"Privacy Policy"},"content":{"rendered":"<table width=\"100%\">\n<tbody>\n<tr>\n<td width=\"45%\"><strong>\u00a0<\/strong><\/p>\n<p><strong>\u00a0<\/strong><\/p>\n<p><strong>RESPONSABLE DU TRAITEMENT<\/strong><\/td>\n<td width=\"43%\"><strong>Elica S.p.A.<\/strong><\/p>\n<p>Via Ermanno Casoli, n.2, 60044 Fabriano (AN)<\/p>\n<p>adresse pec : <a href=\"mailto:elicaspa@sicurezzapostale.it\">elicaspa@sicurezzapostale.it<\/a><\/p>\n<p>T\u00e9l\u00e9phone : +39-07326101<\/p>\n<p>(\u00ab\u00a0<strong>Soci\u00e9t\u00e9<\/strong>\u00a0\u00bb ou \u00ab\u00a0<strong>Responsable\u00a0<\/strong>\u00bb)<\/td>\n<\/tr>\n<tr>\n<td width=\"45%\"><strong>\u00a0<\/strong><\/p>\n<p><strong>D\u00c9L\u00c9GU\u00c9 \u00c0 LA PROTECTION DES DONN\u00c9ES (DPO)<\/strong><\/td>\n<td width=\"43%\">&nbsp;<\/p>\n<p>Le DPO peut \u00eatre contact\u00e9<\/p>\n<p>\u00e0 l&#8217;adresse e-mail <strong>: <\/strong><a href=\"mailto:dpo@elica.com\">dpo@elica.com<\/a><\/td>\n<\/tr>\n<\/tbody>\n<\/table>\n<p>&nbsp;<\/p>\n<p>Elica S.p.A., en tant que Responsable du traitement conform\u00e9ment \u00e0 l&#8217;art. 13 du R\u00e8glement 2016\/679 (\u00ab\u00a0<strong>RGPD<\/strong>\u00a0\u00bb), vous fournit des informations relatives au traitement des donn\u00e9es personnelles (ci-apr\u00e8s les \u00ab\u00a0<strong>Donn\u00e9es<\/strong>\u00a0\u00bb) collect\u00e9es \u00e0 la suite de la navigation sur ce site internet (ci-apr\u00e8s le \u00ab\u00a0<strong>Site<\/strong>\u00a0\u00bb).<\/p>\n<p>&nbsp;<\/p>\n<table width=\"642\">\n<tbody>\n<tr>\n<td width=\"642\"><strong>DONN\u00c9ES TRAIT\u00c9ES. FINALIT\u00c9S ET BASE L\u00c9GALE<\/strong><\/td>\n<\/tr>\n<tr>\n<td width=\"642\"><strong>1.\u00a0\u00a0\u00a0\u00a0\u00a0\u00a0 <\/strong><strong>Donn\u00e9es trait\u00e9es aux fins du fonctionnement du Site<\/strong><\/p>\n<p>Les syst\u00e8mes informatiques et les proc\u00e9dures logicielles utilis\u00e9es pour le fonctionnement du Site acqui\u00e8rent, au cours de leur fonctionnement normal, certaines donn\u00e9es de navigation dont la transmission est implicite dans le cadre d\u2019utilisation des protocoles de communication Internet. Ces informations ne sont pas recueillies pour \u00eatre associ\u00e9es \u00e0 des personnes identifi\u00e9es mais elles pourraient permettre, de par leur nature, d&#8217;identifier les utilisateurs suite au traitement et \u00e0 une association avec des donn\u00e9es d\u00e9tenues par des tiers. Cette cat\u00e9gorie de donn\u00e9es comprend les adresses IP ou les noms de domaine des ordinateurs utilis\u00e9s par les utilisateurs qui se connectent au Site, les adresses URI (<em>Uniform Resource Identifier<\/em>) des ressources demand\u00e9es, l&#8217;heure de la demande, la m\u00e9thode utilis\u00e9e pour soumettre la demande au serveur, la taille du fichier obtenu en r\u00e9ponse, le code num\u00e9rique indiquant l&#8217;\u00e9tat de la r\u00e9ponse donn\u00e9e par le serveur (r\u00e9ussite, erreur, etc.) et d&#8217;autres param\u00e8tres relatifs au syst\u00e8me d&#8217;exploitation et \u00e0 l&#8217;environnement informatique de l&#8217;utilisateur.<\/p>\n<p>Les donn\u00e9es de navigation peuvent \u00eatre trait\u00e9es pour :<\/p>\n<p>\u00b7\u00a0\u00a0\u00a0\u00a0\u00a0\u00a0\u00a0 Permettre et surveiller le bon fonctionnement du Site, ainsi pour effectuer des activit\u00e9s d\u2019entretien ;<\/p>\n<p>\u00b7\u00a0\u00a0\u00a0\u00a0\u00a0\u00a0\u00a0 Obtenir des informations statistiques anonymes sur l\u2019utilisation du Site<\/p>\n<p>\u00b7\u00a0\u00a0\u00a0\u00a0\u00a0\u00a0\u00a0 D\u00e9terminer toute responsabilit\u00e9 en cas d&#8217;hypoth\u00e9tiques d\u00e9lits informatiques \u00e0 l&#8217;encontre du Site et, par cons\u00e9quent, exercer et\/ou d\u00e9fendre les droits de la Soci\u00e9t\u00e9 en justice.<\/p>\n<p>Conform\u00e9ment \u00e0 l&#8217;art. 122, alin\u00e9a 1 du D\u00e9cret l\u00e9gislatif 196\/2003 (\u00ab\u00a0<strong>Code de confidentialit\u00e9<\/strong>\u00a0\u00bb), le traitement des informations mentionn\u00e9es ne n\u00e9cessite pas le consentement des utilisateurs. Aux fins susmentionn\u00e9es, la base l\u00e9gale du traitement est l&#8217;int\u00e9r\u00eat l\u00e9gitime du Responsable, conform\u00e9ment \u00e0 l&#8217;art. 6, alin\u00e9a 1, let. f), RGPD.<\/p>\n<p><strong>2.\u00a0\u00a0\u00a0\u00a0\u00a0 <\/strong><strong>Cookie<\/strong><\/p>\n<p>Le Site utilise des cookies pour assurer son bon fonctionnement et am\u00e9liorer l&#8217;exp\u00e9rience d\u2019utilisation de celui-ci. Pour plus d\u2019informations sur l&#8217;utilisation des cookies, veuillez lire les informations compl\u00e8tes en cliquant ici .<\/p>\n<p><strong>3.\u00a0\u00a0\u00a0\u00a0\u00a0 <\/strong><strong>Liens externes au Site <\/strong><\/p>\n<p>Le Site peut utiliser des liens vers d\u2019autres pages Web relatives \u00e0 Elica, pour lesquelles faire r\u00e9f\u00e9rence aux informations sp\u00e9cifiques fournies au moment de la collecte.<\/td>\n<\/tr>\n<\/tbody>\n<\/table>\n<p>&nbsp;<\/p>\n<table width=\"642\">\n<tbody>\n<tr>\n<td width=\"642\"><strong>FOURNITURE DE DONN\u00c9ES<\/strong><\/td>\n<\/tr>\n<tr>\n<td width=\"642\">A l&#8217;exception des donn\u00e9es de navigation, n\u00e9cessaires \u00e0 la mise en \u0153uvre des protocoles informatiques et t\u00e9l\u00e9matiques, la fourniture des donn\u00e9es par les utilisateurs est libre et facultative. Toutefois, le d\u00e9faut de les fournir entra\u00eenera l&#8217;impossibilit\u00e9 de donner suite aux demandes transmises ou que l&#8217;utilisateur a l&#8217;intention de transmettre.<\/td>\n<\/tr>\n<\/tbody>\n<\/table>\n<p>&nbsp;<\/p>\n<table width=\"642\">\n<tbody>\n<tr>\n<td width=\"642\"><strong>DESTINATAIRE DES DONN\u00c9ES<\/strong><\/td>\n<\/tr>\n<tr>\n<td width=\"642\">Les donn\u00e9es peuvent \u00eatre communiqu\u00e9es \u00e0 des responsables ind\u00e9pendants et trait\u00e9es par des sujets d\u00e9sign\u00e9s par la Soci\u00e9t\u00e9 en tant que responsables de donn\u00e9es qui fournissent au Responsable des services ou des activit\u00e9s qui contribuent \u00e0 la finalit\u00e9 indiqu\u00e9e dans cette note d\u2019information, comme \u00e0 titre d&#8217;exemple\u00a0: la soci\u00e9t\u00e9 charg\u00e9e de l\u2019entretien\/la gestion du Site Internet de la Soci\u00e9t\u00e9 et des outils \u00e9lectroniques et\/ou t\u00e9l\u00e9matiques utilis\u00e9s par celle-ci.<\/td>\n<\/tr>\n<\/tbody>\n<\/table>\n<p>&nbsp;<\/p>\n<table width=\"642\">\n<tbody>\n<tr>\n<td width=\"642\"><strong>SUJETS AUTORIS\u00c9S AU TRAITEMENT<\/strong><\/td>\n<\/tr>\n<tr>\n<td width=\"642\">Les Donn\u00e9es peuvent \u00eatre trait\u00e9es par des employ\u00e9s de la Soci\u00e9t\u00e9 qui ont \u00e9t\u00e9 express\u00e9ment autoris\u00e9s \u00e0 les traiter et qui ont re\u00e7u des instructions op\u00e9rationnelles ad\u00e9quates de la part de la Soci\u00e9t\u00e9.<\/td>\n<\/tr>\n<\/tbody>\n<\/table>\n<p>&nbsp;<\/p>\n<table width=\"641\">\n<tbody>\n<tr>\n<td width=\"641\"><strong>TRANSFERT DE DONN\u00c9ES PERSONNELLES VERS DES PAYS TIERS \u00c0 L\u2019UNION EUROP\u00c9ENNE<\/strong><\/td>\n<\/tr>\n<tr>\n<td width=\"641\">Les Donn\u00e9es ne seront pas transf\u00e9r\u00e9es vers des pays tiers et\/ou des organisations internationales \u00e9tablies en dehors de l\u2019Union europ\u00e9enne.<\/td>\n<\/tr>\n<\/tbody>\n<\/table>\n<p>&nbsp;<\/p>\n<table width=\"643\">\n<tbody>\n<tr>\n<td width=\"643\"><strong>DROITS DE LA PARTIE INT\u00c9RESS\u00c9E &#8211; PLAINTE AUPR\u00c8S DE L&#8217;AUTORIT\u00c9 DE CONTR\u00d4LE<\/strong><\/td>\n<\/tr>\n<tr>\n<td width=\"643\">Pour exercer ses droits, l\u2019int\u00e9ress\u00e9 peut contacter le Responsable en envoyant une communication \u00e9crite \u00e0 l\u2019adresse indiqu\u00e9e ci-dessus ou en \u00e9crivant \u00e0 l\u2019adresse e-mail : <a href=\"mailto:privacy@elica.com\">privacy@elica.com<\/a>.<\/p>\n<p>L\u2019int\u00e9ress\u00e9 peut exercer ses droits reconnus par les articles 15-22 du RGPD et peut notamment demander l\u2019acc\u00e8s aux donn\u00e9es le concernant, leur suppression, la correction des Donn\u00e9es inexactes, l\u2019int\u00e9gration des Donn\u00e9es incompl\u00e8tes, la limitation du traitement dans les cas pr\u00e9vus par l\u2019art. 18 RGPD<sup>1<\/sup>, le cas \u00e9ch\u00e9ant.<\/p>\n<p>Lorsque l\u2019int\u00e9ress\u00e9 entend exercer ses droits, la Soci\u00e9t\u00e9 peut demander de s\u2019identifier avant de proc\u00e9der \u00e0 l\u2019accomplissement de la demande.<\/td>\n<\/tr>\n<tr>\n<td width=\"643\">L\u2019int\u00e9ress\u00e9 a le droit de s\u2019opposer \u00e0 tout moment, de mani\u00e8re facile et gratuite, pour des raisons li\u00e9es \u00e0 la situation particuli\u00e8re, au traitement des Donn\u00e9es dans l\u2019hypoth\u00e8se d\u2019un int\u00e9r\u00eat l\u00e9gitime du Responsable.<\/td>\n<\/tr>\n<tr>\n<td width=\"643\">Enfin, l\u2019int\u00e9ress\u00e9 a le droit de d\u00e9poser une plainte aupr\u00e8s de l\u2019Autorit\u00e9 de contr\u00f4le de comp\u00e9tence de l\u2019\u00c9tat membre dans lequel il r\u00e9side ou travaille habituellement ou dans l\u2019\u00c9tat dans lequel l\u2019infraction pr\u00e9sum\u00e9e s&#8217;est produite.<\/td>\n<\/tr>\n<\/tbody>\n<\/table>\n<p>&nbsp;<\/p>\n","protected":false},"excerpt":{"rendered":"<p>\u00a0 \u00a0 RESPONSABLE DU TRAITEMENT Elica S.p.A. Via Ermanno Casoli, n.2, 60044 Fabriano (AN) adresse pec : elicaspa@sicurezzapostale.it T\u00e9l\u00e9phone : +39-07326101 (\u00ab\u00a0Soci\u00e9t\u00e9\u00a0\u00bb ou \u00ab\u00a0Responsable\u00a0\u00bb) \u00a0 D\u00c9L\u00c9GU\u00c9 \u00c0 LA PROTECTION DES DONN\u00c9ES (DPO) &nbsp; Le DPO peut \u00eatre contact\u00e9 \u00e0 l&#8217;adresse e-mail : dpo@elica.com &nbsp; Elica S.p.A., [&hellip;]<\/p>\n","protected":false},"author":7,"featured_media":0,"parent":0,"menu_order":0,"comment_status":"closed","ping_status":"closed","template":"","meta":[],"_links":{"self":[{"href":"https:\/\/turboair.com\/fr\/wp-json\/wp\/v2\/pages\/5529"}],"collection":[{"href":"https:\/\/turboair.com\/fr\/wp-json\/wp\/v2\/pages"}],"about":[{"href":"https:\/\/turboair.com\/fr\/wp-json\/wp\/v2\/types\/page"}],"author":[{"embeddable":true,"href":"https:\/\/turboair.com\/fr\/wp-json\/wp\/v2\/users\/7"}],"replies":[{"embeddable":true,"href":"https:\/\/turboair.com\/fr\/wp-json\/wp\/v2\/comments?post=5529"}],"version-history":[{"count":2,"href":"https:\/\/turboair.com\/fr\/wp-json\/wp\/v2\/pages\/5529\/revisions"}],"predecessor-version":[{"id":5535,"href":"https:\/\/turboair.com\/fr\/wp-json\/wp\/v2\/pages\/5529\/revisions\/5535"}],"wp:attachment":[{"href":"https:\/\/turboair.com\/fr\/wp-json\/wp\/v2\/media?parent=5529"}],"curies":[{"name":"wp","href":"https:\/\/api.w.org\/{rel}","templated":true}]}}