{"id":5527,"date":"2015-10-18T10:05:31","date_gmt":"2015-10-18T08:05:31","guid":{"rendered":"https:\/\/turboair.com\/fr\/privacy-cookie-policy\/"},"modified":"2022-05-16T11:11:44","modified_gmt":"2022-05-16T09:11:44","slug":"cookie-policy","status":"publish","type":"page","link":"https:\/\/turboair.com\/fr\/cookie-policy\/","title":{"rendered":"Cookie Policy"},"content":{"rendered":"<p>La presente informativa, destinata a tutti i soggetti che navigano sul sito web (di seguito, \u201c<strong>Sito<\/strong>\u201d), \u00e8 rilasciata ai sensi dell\u2019art. 13 del Reg. (UE) n. 2016\/679 (di seguito, \u201c<strong>GDPR<\/strong>\u201d) e dell\u2019art. 122 del d. lgs. 196\/2003 (di seguito, \u201c<strong>Codice Privacy<\/strong>\u201d), nonch\u00e9 in conformit\u00e0 con il provvedimento del Garante Privacy \u201cIndividuazione delle modalit\u00e0 semplificate per l\u2019informativa e l\u2019acquisizione del consenso per l\u2019uso dei cookie\u201d dell\u20198 Maggio 2014, come integrato dalle \u201cLinee guida cookie e altri strumenti di tracciamento\u201d del 10 giugno 2021 (di seguito, \u201c<strong>Provvedimento<\/strong>\u201d).<\/p>\n<ol>\n<li><strong>Identit\u00e0 e dati di contatto del titolare del trattamento<\/strong><\/li>\n<\/ol>\n<p>Il titolare del trattamento \u00e8 Elica S.p.A., con sede in Via Ermanno Casoli n. 2 &#8211; 60044 Fabriano (AN) \u2013 Italia, C.F.REG.IMP. AN 00096570429, Telefono +39 0732 610 1, Fax +39 0732 610 249, e-mail: elicaspa@sicurezzapostale.it (di seguito, \u201c<strong>Titolare<\/strong>\u201d).<\/p>\n<ol start=\"2\">\n<li><strong>Responsabile della protezione dati (DPO)<\/strong><\/li>\n<\/ol>\n<p>Il DPO \u00e8 contattabile all\u2019indirizzo e-mail: <a href=\"mailto:dpo@elica.com\">dpo@elica.com<\/a><\/p>\n<ol start=\"3\">\n<li><strong>Tipi di dati trattati<\/strong><\/li>\n<\/ol>\n<p>Il Sito utilizza i cookie.<\/p>\n<p><strong>Cosa sono i cookie<\/strong><\/p>\n<p>I cookie (o marcatori) sono piccoli file di testo che vengono inviati dal server web visitato dall\u2019utente sul dispositivo dell&#8217;utente (solitamente al browser), nel momento in cui quest\u2019ultimo accede ad un determinato sito con lo scopo di immagazzinare e trasportare informazioni. Vengono memorizzati in modo da poter riconoscere tale dispositivo alla successiva visita. Ad ogni visita successiva, infatti, i cookie sono reinviati dal dispositivo dell\u2019utente al sito.<\/p>\n<p>Ciascun cookie contiene generalmente il nome del server da cui il cookie \u00e8 stato inviato e la scadenza ed un valore, solitamente un numero unico generato a caso dal computer.<\/p>\n<p><strong>Cookie di prima parte e di terza parte<\/strong><\/p>\n<p>I cookie possono essere installati non solo dallo stesso gestore del sito visitato dall\u2019utente (cookie di prima parte), ma anche da un sito diverso che li installa per il tramite del primo sito (cookie di terze parti) ed \u00e8 in grado di riconoscerli. Questo accade perch\u00e9 sul sito visitato possono essere presenti elementi (immagini, mappe, suoni, link a pagine web di altri domini, ecc.) che risiedono su server diversi da quello del sito visitato.<\/p>\n<p><strong>Cookie tecnici, analitici e di profilazione<\/strong><\/p>\n<p>In base alla finalit\u00e0, i cookie si distinguono in cookie tecnici e in cookie di profilazione.<\/p>\n<p>I <strong>cookie tecnici<\/strong> sono installati al solo fine di &#8220;<em>effettuare la trasmissione di una comunicazione su una rete di comunicazione elettronica, o nella misura strettamente necessaria al fornitore di un servizio della societ\u00e0 dell&#8217;informazione esplicitamente richiesto dall&#8217;abbonato o dall&#8217;utente a erogare tale servizio<\/em>&#8221; (cfr. art. 122, co. 1, Codice Privacy). Sono solitamente utilizzati per consentire una navigazione efficiente tra le pagine, memorizzare le preferenze degli utenti, memorizzare informazioni su specifiche configurazioni degli utenti, effettuare l\u2019autenticazione degli utenti, ecc.<\/p>\n<p>I cookie tecnici possono essere suddivisi in cookie di navigazione, utilizzati al fine di registrare dati utili alla normale navigazione e fruizione del sito web sul computer dell&#8217;utente (permettendo, ad esempio, di ricordare la dimensione preferita della pagina in un elenco) e cookie funzionali, che consentono al sito web di ricordare le scelte effettuate dall\u2019utente al fine di ottimizzarne le funzionalit\u00e0 (ad esempio, i cookie funzionali consentono al sito di ricordare le impostazioni specifiche di un utente, come la selezione del paese e, se impostato, lo stato di accesso permanente). Alcuni di questi cookie (detti essenziali o strictly necessary) abilitano funzioni senza le quali non sarebbe possibile effettuare alcune operazioni.<\/p>\n<p>Ai sensi del suddetto art. 122, co. 1, Codice Privacy, l\u2019utilizzo dei cookie tecnici non richiede il consenso degli utenti, ma richiede solo l\u2019obbligo di informare gli utenti.<\/p>\n<p>Ai sensi del Provvedimento, ai cookie tecnici sono assimilati &#8211; e, pertanto, per la relativa installazione, non \u00e8 richiesto il consenso degli utenti &#8211; i cookie cd. analytics se:<\/p>\n<ol>\n<li>realizzati e utilizzati direttamente dal gestore del sito prima parte (senza, dunque, l&#8217;intervento di soggetti terzi) ai fini di ottimizzazione dello stesso per raccogliere informazioni aggregate sul numero degli utenti e su come questi visitano il sito stesso, nonch\u00e9<\/li>\n<li>realizzati e messi\u00a0a disposizione da terze parti se:\n<ol>\n<li>utilizzati dal sito prima parte per meri fini statistici, qualora vengano adottate misure di\u00a0minimizzazione\u00a0idonee\u00a0a ridurne il potere identificativo\u00a0(ad esempio, mediante il mascheramento di\u00a0opportune porzioni dell&#8217;indirizzo\u00a0IP)\u00a0e\u00a0impiegati\u00a0unicamente per la produzione\u00a0di statistiche aggregate\u00a0ed in relazione, di regola,\u00a0ad un singolo sito\u00a0o una\u00a0sola applicazione mobile, in modo da non consentire il\u00a0tracciamento\u00a0della navigazione\u00a0della persona\u00a0che utilizza applicazioni diverse o naviga in siti web diversi;<\/li>\n<li>i\u00a0terzi, che forniscono al sito il servizio di\u00a0web\u00a0measurement, non\u00a0combinino, arricchiscano o\u00a0incrocino\u00a0i dati, anche minimizzati come sopra, con\u00a0altre informazioni di cui tali terzi\u00a0dispongano (es. file dei clienti o statistiche di visite ad altri siti)\u00a0n\u00e9\u00a0li trasmettano\u00a0ad\u00a0ulteriori terzi.<\/li>\n<\/ol>\n<\/li>\n<\/ol>\n<p>I\u00a0<strong>cookie di profilazione<\/strong>\u00a0servono a tracciare la navigazione dell\u2019utente, analizzare il suo comportamento ai fini marketing e creare profili sui suoi gusti, abitudini, scelte, ecc. in modo da trasmettere messaggi pubblicitari mirati in relazione ai suoi interessi ed in linea con le preferenze manifestate nella navigazione online. Tali cookie, ai sensi dell\u2019art. 122 del Codice Privacy, possono essere installati sul terminale dell\u2019utente solo se questo abbia espresso il proprio consenso dopo essere stato informato con le modalit\u00e0 semplificate indicate dal Garante nel Provvedimento (pubblicazione sul sito di un\u2019informativa \u201cbreve\u201d contenuta in un banner a comparsa immediata sulla home page (o altra pagina tramite la quale l\u00b4utente pu\u00f2 accedere al sito), che rinvii ad un\u2019informativa \u201cestesa\u201d, alla quale si accede attraverso un link cliccabile dall\u2019utente).<\/p>\n<p><strong>Cookie persistenti e di sessione<\/strong><\/p>\n<p>In base alla loro durata, i cookie si distinguono in <strong>persistenti<\/strong>, che rimangono memorizzati, fino alla loro scadenza, sul dispositivo dell\u2019utente, salva rimozione da parte di quest\u2019ultimo, e <strong>di sessione<\/strong>, che non vengono memorizzati in modo persistente sul dispositivo dell\u2019utente e svaniscono con la chiusura del browser.<\/p>\n<p><strong><u>Elenco dei cookie utilizzati dal presente sito web<\/u><\/strong><\/p>\n<p><strong>Cookie tecnici<\/strong><\/p>\n<p>Il presente sito fa uso di cookie tecnici, installati dal sito stesso per le finalit\u00e0 sottoindicate.<\/p>\n<p>Questo tipo di cookie non pu\u00f2 essere disabilitato e per la loro installazione, come sopra indicato, non \u00e8 richiesto il preventivo consenso degli utenti ai sensi dell\u2019art. 122 del Codice Privacy.<\/p>\n<table width=\"642\">\n<tbody>\n<tr>\n<td width=\"201\">Nome<\/td>\n<td width=\"143\">Prima o terza parte<\/td>\n<td width=\"167\">Finalit\u00e0<\/td>\n<td width=\"131\">Durata<\/td>\n<\/tr>\n<tr>\n<td width=\"201\">PHPSESSID<\/td>\n<td width=\"143\">Elica<\/td>\n<td width=\"167\">Memorizza lo stato della sessione.<\/td>\n<td width=\"131\">Sessione<\/td>\n<\/tr>\n<tr>\n<td width=\"201\">_icl_current_language<\/td>\n<td width=\"143\">Elica<\/td>\n<td width=\"167\">Memorizza la lingua selezionata.<\/td>\n<td width=\"131\">1 giorno<\/td>\n<\/tr>\n<\/tbody>\n<\/table>\n<p><strong>Cookie analitici anonimizzati<\/strong><\/p>\n<table width=\"642\">\n<tbody>\n<tr>\n<td width=\"201\">Nome<\/td>\n<td width=\"143\">Prima o terza parte<\/td>\n<td width=\"167\">Finalit\u00e0<\/td>\n<td width=\"131\">Durata<\/td>\n<\/tr>\n<tr>\n<td width=\"201\">_gat<\/td>\n<td width=\"143\">Elica<\/td>\n<td width=\"167\">Cookie offerto da <a href=\"https:\/\/policies.google.com\/privacy\">Google<\/a>, serve per accelerare il tasso di richiesta.<\/td>\n<td width=\"131\">Sessione<\/td>\n<\/tr>\n<tr>\n<td width=\"201\">_ga<\/td>\n<td width=\"143\">Elica<\/td>\n<td width=\"167\">Cookie offerto da <a href=\"https:\/\/policies.google.com\/privacy\">Google<\/a>, serve per distinguere gli utenti unici assegnando un numero generato casualmente come identificatore. \u00c8 incluso in ogni richiesta di pagina del sito e utilizzato per calcolare i dati dei visitatori, delle sessioni e delle campagne.<\/td>\n<td width=\"131\">730 giorni<\/td>\n<\/tr>\n<tr>\n<td width=\"201\">_gid<\/td>\n<td width=\"143\">Elica<\/td>\n<td width=\"167\">Cookie offerto da <a href=\"https:\/\/policies.google.com\/privacy\">Google<\/a>, serve per memorizzare e aggiornare un valore unico per ogni pagina visitata.<\/td>\n<td width=\"131\">1 giorno<\/td>\n<\/tr>\n<\/tbody>\n<\/table>\n<p><strong>\u00a0<\/strong><\/p>\n<p>Decorsi i termini di conservazione sopra indicati, i dati saranno distrutti o resi anonimi, compatibilmente con le procedure tecniche di cancellazione e backup.<\/p>\n<ol start=\"4\">\n<li><strong>Conferimento dei dati<\/strong><\/li>\n<\/ol>\n<p>I dati relativi ai cookie per i quali non \u00e8 necessario il consenso, sono necessari per l\u2019erogazione del relativo servizio; pertanto, il mancato conferimento di tali dati comporter\u00e0 l&#8217;impossibilit\u00e0 di poter fruire del servizio richiesto.<\/p>\n<ol start=\"5\">\n<li><strong>Destinatari <\/strong><\/li>\n<\/ol>\n<p>I trattamenti connessi ai servizi web di questo Sito sono effettuati da personale espressamente autorizzato al trattamento che ha ricevuto adeguate istruzioni operative.<\/p>\n<p>I dati potranno essere altres\u00ec trattati, per conto del Titolare, da soggetti terzi, designati come Responsabili del trattamento ai sensi dell\u2019art. 28 del GDPR, quali persone fisiche e\/o giuridiche che svolgono attivit\u00e0 funzionali alle finalit\u00e0 sopra indicate, ad esempio la societ\u00e0 che si occupa della gestione e manutenzione del Sito.<\/p>\n<p>I dati potranno essere comunicati ad autonomi titolari del trattamento, quali autorit\u00e0 ed organi di vigilanza e controllo legittimati a richiedere\/ricevere i dati, nonch\u00e9 a terzi <em>providers<\/em> (o <em>vendors<\/em>) elencati nelle tabelle sopra riportate contenenti l\u2019elenco dei cookie, in cui \u00e8 riportato anche il link alla relativa informativa.<\/p>\n<p>Laddove i dati siano trasferiti in paesi al di fuori dell\u2019Unione Europea (UE) o dello Spazio Economico Europeo (SEE) che non siano stati ritenuti adeguati dalla Commissione Europea, saranno utilizzati i \u201ctransfer tools\u201d di cui all\u2019art. 45 del GDPR, valutando l\u2019eventuale previsione di \u201cmisure supplementari\u201d atte a garantire un livello di protezione sostanzialmente equivalente a quello richiesto dal diritto dell\u2019Unione Europea. Per maggiori informazioni, si vedano i link all\u2019informativa delle terze parti indicate in tabella.<\/p>\n<ol start=\"6\">\n<li><strong>Impostazioni dei browser<\/strong><\/li>\n<\/ol>\n<p>Gli utenti possono comunque manifestare le proprie opzioni sui cookie anche attraverso le impostazioni del browser utilizzato. Anche nel caso il browser web utilizzato dall\u2019utente sia impostato per accettare automaticamente i cookie, quest\u2019ultimo pu\u00f2 modificare la configurazione predefinita tramite il menu impostazioni, cancellando e\/o rimuovendo tutti o alcuni cookie, bloccando l\u2019invio dei cookie o limitandolo a determinati siti. La disabilitazione, il blocco dei cookies o la loro cancellazione potrebbe compromettere la fruizione ottimale di alcune aree del Sito o impedire alcune funzionalit\u00e0 dello stesso, nonch\u00e9 influire sul funzionamento dei servizi di terze parti.\u00a0 Si riportano di seguito i link alle guide per la gestione dei cookie dei principali browser:<\/p>\n<ul>\n<li><a href=\"https:\/\/support.microsoft.com\/en-us\/help\/17442\/windows-internet-explorer-delete-manage-cookies\">Microsoft Internet Explorer<\/a><\/li>\n<li><a href=\"https:\/\/support.microsoft.com\/en-gb\/help\/4027947\/microsoft-edge-delete-cookies\">Microsoft Edge<\/a><\/li>\n<li><a href=\"https:\/\/support.google.com\/chrome\/answer\/95647?hl=it&amp;p=cpn_cookies%20https:\/\/support.google.com\/accounts\/answer\/61416?hl=it%20%20Google%20Chrome%20per%20Mobile:%20Accedere%20tramite%20link%20https:\/\/support.google.com\/chrome\/answer\/2392971?hl=it\">Google Chrome<\/a><\/li>\n<li><a href=\"https:\/\/support.mozilla.org\/it\/kb\/Attivare%20e%20disattivare%20i%20cookie\">Mozilla Firefox<\/a><\/li>\n<li><a href=\"https:\/\/support.apple.com\/it-it\/HT201265\">Safari<\/a><\/li>\n<li><a href=\"http:\/\/help.opera.com\/Windows\/10.00\/it\/cookies.htm\">Opera<\/a><\/li>\n<\/ul>\n<p>Per i browser diversi da quelli sopra elencati, \u00e8 necessario consultare la relativa guida per individuare le modalit\u00e0 di gestione dei cookies.<\/p>\n<ol start=\"7\">\n<li><strong>I diritti degli interessati<\/strong><\/li>\n<\/ol>\n<p>In relazione ai trattamenti dei dati personali effettuati dal Titolare, l\u2019interessato, oltre a quanto indicato nel paragrafo precedente, pu\u00f2 esercitare i diritti di cui agli artt. da 15 a 22 del GDPR, laddove applicabili, e, in particolare, pu\u00f2 chiedere l\u2019accesso ai dati che la riguardano e alle informazioni di cui all\u2019art. 15 (finalit\u00e0 del trattamento, categorie di dati personali, etc.), la loro cancellazione nelle ipotesi previste dall\u2019art. 17, la rettifica dei dati inesatti, l\u2019integrazione dei dati incompleti, la limitazione del trattamento nei casi previsti dall\u2019art. 18, oltre alla portabilit\u00e0 dei dati (cio\u00e8 di ricevere in un formato strutturato, di uso comune e leggibile da dispositivo automatico i dati, nonch\u00e9, se tecnicamente fattibile, di trasmetterli ad altro titolare senza impedimenti) nel caso in cui il trattamento sia basato sul consenso o sul contratto e sia effettuato con strumenti automatizzati.<\/p>\n<p>Per l\u2019esercizio dei diritti, l\u2019interessato pu\u00f2 rivolgersi al Titolare ai punti di contatto indicati al par. 1.<\/p>\n<p>L\u2019interessato ha il diritto di proporre reclamo all\u2019Autorit\u00e0 di controllo competente nello Stato membro in cui risiede abitualmente o lavora o dello Stato in cui si \u00e8 verificata la presunta violazione.<\/p>\n","protected":false},"excerpt":{"rendered":"<p>La presente informativa, destinata a tutti i soggetti che navigano sul sito web (di seguito, \u201cSito\u201d), \u00e8 rilasciata ai sensi dell\u2019art. 13 del Reg. (UE) n. 2016\/679 (di seguito, \u201cGDPR\u201d) e dell\u2019art. 122 del d. lgs. 196\/2003 (di seguito, \u201cCodice Privacy\u201d), nonch\u00e9 in conformit\u00e0 con il [&hellip;]<\/p>\n","protected":false},"author":4,"featured_media":0,"parent":0,"menu_order":0,"comment_status":"closed","ping_status":"closed","template":"","meta":[],"_links":{"self":[{"href":"https:\/\/turboair.com\/fr\/wp-json\/wp\/v2\/pages\/5527"}],"collection":[{"href":"https:\/\/turboair.com\/fr\/wp-json\/wp\/v2\/pages"}],"about":[{"href":"https:\/\/turboair.com\/fr\/wp-json\/wp\/v2\/types\/page"}],"author":[{"embeddable":true,"href":"https:\/\/turboair.com\/fr\/wp-json\/wp\/v2\/users\/4"}],"replies":[{"embeddable":true,"href":"https:\/\/turboair.com\/fr\/wp-json\/wp\/v2\/comments?post=5527"}],"version-history":[{"count":1,"href":"https:\/\/turboair.com\/fr\/wp-json\/wp\/v2\/pages\/5527\/revisions"}],"predecessor-version":[{"id":5528,"href":"https:\/\/turboair.com\/fr\/wp-json\/wp\/v2\/pages\/5527\/revisions\/5528"}],"wp:attachment":[{"href":"https:\/\/turboair.com\/fr\/wp-json\/wp\/v2\/media?parent=5527"}],"curies":[{"name":"wp","href":"https:\/\/api.w.org\/{rel}","templated":true}]}}