{"id":5047,"date":"2015-08-24T15:19:36","date_gmt":"2015-08-24T13:19:36","guid":{"rendered":"http:\/\/turboair.com\/fr\/dettagli-e-costruzione\/"},"modified":"2019-10-09T11:06:22","modified_gmt":"2019-10-09T09:06:22","slug":"true-made-in-italy","status":"publish","type":"page","link":"https:\/\/turboair.com\/fr\/true-made-in-italy\/","title":{"rendered":"True Made in Italy"},"content":{"rendered":"<p class=\"p1\">Le made in Italy est \u00e9nergie pure. C\u2019est l\u2019esprit cr\u00e9atif qui vit dans chacun de nos produits.<\/p>\n<p class=\"p1\">Nous cherchons continuellement des points de vue diff\u00e9rents, pour d\u00e9velopper des solutions innovantes qui donnent plus de valeur \u00e0 l\u2019id\u00e9e de maison et rendent le quotidien toujours plus pratique et simple.<\/p>\n","protected":false},"excerpt":{"rendered":"<p>Le made in Italy est \u00e9nergie pure. C\u2019est l\u2019esprit cr\u00e9atif qui vit dans chacun de nos produits. Nous cherchons continuellement des points de vue diff\u00e9rents, pour d\u00e9velopper des solutions innovantes qui donnent plus de valeur \u00e0 l\u2019id\u00e9e de maison et rendent le quotidien toujours plus pratique [&hellip;]<\/p>\n","protected":false},"author":4,"featured_media":0,"parent":0,"menu_order":3,"comment_status":"open","ping_status":"open","template":"page_r.php","meta":[],"_links":{"self":[{"href":"https:\/\/turboair.com\/fr\/wp-json\/wp\/v2\/pages\/5047"}],"collection":[{"href":"https:\/\/turboair.com\/fr\/wp-json\/wp\/v2\/pages"}],"about":[{"href":"https:\/\/turboair.com\/fr\/wp-json\/wp\/v2\/types\/page"}],"author":[{"embeddable":true,"href":"https:\/\/turboair.com\/fr\/wp-json\/wp\/v2\/users\/4"}],"replies":[{"embeddable":true,"href":"https:\/\/turboair.com\/fr\/wp-json\/wp\/v2\/comments?post=5047"}],"version-history":[{"count":3,"href":"https:\/\/turboair.com\/fr\/wp-json\/wp\/v2\/pages\/5047\/revisions"}],"predecessor-version":[{"id":5208,"href":"https:\/\/turboair.com\/fr\/wp-json\/wp\/v2\/pages\/5047\/revisions\/5208"}],"wp:attachment":[{"href":"https:\/\/turboair.com\/fr\/wp-json\/wp\/v2\/media?parent=5047"}],"curies":[{"name":"wp","href":"https:\/\/api.w.org\/{rel}","templated":true}]}}