{"id":5041,"date":"2015-08-24T17:20:24","date_gmt":"2015-08-24T15:20:24","guid":{"rendered":"http:\/\/turboair.com\/fr\/la-corretta-installazione\/"},"modified":"2019-10-09T10:56:13","modified_gmt":"2019-10-09T08:56:13","slug":"performance-et-securite","status":"publish","type":"page","link":"https:\/\/turboair.com\/fr\/performance-et-securite\/","title":{"rendered":"Performance et s\u00e9curit\u00e9"},"content":{"rendered":"<p class=\"p1\">Elica Propulsion Laboratory est le seul laboratoire au monde d\u00e9di\u00e9 \u00e0 l\u2019\u00e9tude et \u00e0 la recherche dans le secteur des hottes. Chacun des composants de nos produits est test\u00e9 pour r\u00e9pondre aux niveaux maximaux de performance et de s\u00e9curit\u00e9. De la vitesse exceptionnelle d\u2019aspiration, \u00e0 la r\u00e9duction maximale du bruit, en passant par la v\u00e9rification de l\u2019usure des mat\u00e9riaux et l\u2019\u00e9tude de l\u2019\u00e9clairage : nous pensons \u00e0 nos produits en les imaginant d\u00e9j\u00e0 dans le quotidien des maisons de nos clients.<\/p>\n<p class=\"p1\">Nous travaillons pour eux tous les jours, en tenant compte des exigences qu\u2019ils ont aujourd\u2019hui mais aussi \u00e0 celles qu\u2019ils auront demain.<\/p>\n","protected":false},"excerpt":{"rendered":"<p>Elica Propulsion Laboratory est le seul laboratoire au monde d\u00e9di\u00e9 \u00e0 l\u2019\u00e9tude et \u00e0 la recherche dans le secteur des hottes. Chacun des composants de nos produits est test\u00e9 pour r\u00e9pondre aux niveaux maximaux de performance et de s\u00e9curit\u00e9. De la vitesse exceptionnelle d\u2019aspiration, \u00e0 la [&hellip;]<\/p>\n","protected":false},"author":4,"featured_media":0,"parent":0,"menu_order":1,"comment_status":"open","ping_status":"closed","template":"page_r.php","meta":[],"_links":{"self":[{"href":"https:\/\/turboair.com\/fr\/wp-json\/wp\/v2\/pages\/5041"}],"collection":[{"href":"https:\/\/turboair.com\/fr\/wp-json\/wp\/v2\/pages"}],"about":[{"href":"https:\/\/turboair.com\/fr\/wp-json\/wp\/v2\/types\/page"}],"author":[{"embeddable":true,"href":"https:\/\/turboair.com\/fr\/wp-json\/wp\/v2\/users\/4"}],"replies":[{"embeddable":true,"href":"https:\/\/turboair.com\/fr\/wp-json\/wp\/v2\/comments?post=5041"}],"version-history":[{"count":9,"href":"https:\/\/turboair.com\/fr\/wp-json\/wp\/v2\/pages\/5041\/revisions"}],"predecessor-version":[{"id":5204,"href":"https:\/\/turboair.com\/fr\/wp-json\/wp\/v2\/pages\/5041\/revisions\/5204"}],"wp:attachment":[{"href":"https:\/\/turboair.com\/fr\/wp-json\/wp\/v2\/media?parent=5041"}],"curies":[{"name":"wp","href":"https:\/\/api.w.org\/{rel}","templated":true}]}}