{"id":5038,"date":"2015-08-21T15:17:24","date_gmt":"2015-08-21T13:17:24","guid":{"rendered":"http:\/\/turboair.com\/fr\/tradizione-industriale\/"},"modified":"2019-10-09T11:03:09","modified_gmt":"2019-10-09T09:03:09","slug":"tradition-et-evolution","status":"publish","type":"page","link":"https:\/\/turboair.com\/fr\/tradition-et-evolution\/","title":{"rendered":"Tradition et \u00e9volution"},"content":{"rendered":"<p class=\"p1\">L\u2019exp\u00e9rience est notre base de d\u00e9part. Notre \u00e9quipe de travail est fond\u00e9e sur le partage de la connaissance. C\u2019est seulement de cette fa\u00e7on que l\u2019ensemble de nos comp\u00e9tences peut devenir un savoir-faire qui se traduit par des produits toujours plus fonctionnels. Notre tradition est en \u00e9volution constante : c\u2019est ainsi que nous arrivons \u00e0 anticiper le futur pour nos clients.<\/p>\n","protected":false},"excerpt":{"rendered":"<p>L\u2019exp\u00e9rience est notre base de d\u00e9part. Notre \u00e9quipe de travail est fond\u00e9e sur le partage de la connaissance. C\u2019est seulement de cette fa\u00e7on que l\u2019ensemble de nos comp\u00e9tences peut devenir un savoir-faire qui se traduit par des produits toujours plus fonctionnels. Notre tradition est en \u00e9volution [&hellip;]<\/p>\n","protected":false},"author":4,"featured_media":0,"parent":0,"menu_order":2,"comment_status":"open","ping_status":"open","template":"page_r.php","meta":[],"_links":{"self":[{"href":"https:\/\/turboair.com\/fr\/wp-json\/wp\/v2\/pages\/5038"}],"collection":[{"href":"https:\/\/turboair.com\/fr\/wp-json\/wp\/v2\/pages"}],"about":[{"href":"https:\/\/turboair.com\/fr\/wp-json\/wp\/v2\/types\/page"}],"author":[{"embeddable":true,"href":"https:\/\/turboair.com\/fr\/wp-json\/wp\/v2\/users\/4"}],"replies":[{"embeddable":true,"href":"https:\/\/turboair.com\/fr\/wp-json\/wp\/v2\/comments?post=5038"}],"version-history":[{"count":3,"href":"https:\/\/turboair.com\/fr\/wp-json\/wp\/v2\/pages\/5038\/revisions"}],"predecessor-version":[{"id":5206,"href":"https:\/\/turboair.com\/fr\/wp-json\/wp\/v2\/pages\/5038\/revisions\/5206"}],"wp:attachment":[{"href":"https:\/\/turboair.com\/fr\/wp-json\/wp\/v2\/media?parent=5038"}],"curies":[{"name":"wp","href":"https:\/\/api.w.org\/{rel}","templated":true}]}}