{"id":5032,"date":"2015-03-21T15:37:30","date_gmt":"2015-03-21T14:37:30","guid":{"rendered":"https:\/\/turboair.com\/fr\/scegliere-la-giusta-portata\/"},"modified":"2019-10-28T12:38:48","modified_gmt":"2019-10-28T11:38:48","slug":"approfondissements","status":"publish","type":"page","link":"https:\/\/turboair.com\/fr\/approfondissements\/","title":{"rendered":"Approfondissements"},"content":{"rendered":"<h4>CHOISIR LE BON D\u00c9BIT<\/h4>\n<p class=\"p1\">Choisissez une hotte qui facilite votre travail en cuisine, qui vous offre une certaine libert\u00e9 de mouvement et qui simplifie la pr\u00e9paration des aliments.<br \/>\nLa hotte doit avoir une puissance d\u2019aspiration ad\u00e9quate. \u00c9valuez les dimensions de votre cuisine et vos habitudes culinaires : c\u2019est seulement ainsi que vous obtiendrez la meilleure recirculation d\u2019air et consommation d\u2019\u00e9nergie \u00e9lectrique.<br \/>\nUn simple calcul permet de d\u00e9finir le d\u00e9bit qui s\u2019adapte le mieux \u00e0 chaque cuisine. Il suffit de multiplier par 10 le volume de la pi\u00e8ce pour obtenir le d\u00e9bit id\u00e9al.<\/p>\n<p>&nbsp;<\/p>\n<h4>CHOISIR LA VERSION<\/h4>\n<p class=\"p1\">Tous les mod\u00e8les Turboair sont pr\u00e9vus pour fonctionner aussi bien en aspiration (A), o\u00f9 l\u2018air aspir\u00e9 est expuls\u00e9 \u00e0 l\u2019ext\u00e9rieur, qu\u2019en recirculation ou filtrage (F), o\u00f9 l\u2019air aspir\u00e9 est filtr\u00e9 et r\u00e9-introduit, \u00e9pur\u00e9, dans la cuisine. Les deux versions garantissent un nettoyage efficace de l\u2019air de la cuisine mais elles diff\u00e8rent en termes d\u2019installation et d\u2019entretien. Dans la version aspirante la hotte doit \u00eatre reli\u00e9e \u00e0 l\u2019ext\u00e9rieur par un tuyau d\u00e9di\u00e9 pour expulser l\u2019air captur\u00e9 \u00e0 l\u2019ext\u00e9rieur de la maison.<br \/>\nIl faut pr\u00e9voir, pour cette configuration, un tuyau ayant un diam\u00e8tre suffisamment grand (au moins 120 mm, encore mieux 150 mm).<br \/>\nDe plus, le tuyau ne doit pas \u00eatre excessivement long ni entortill\u00e9 autrement les r\u00e9sistances a\u00e9rodynamiques du conduit risquent d\u2019engendrer des pertes de charge traduites en m\u00e8tres cubes de d\u00e9bit perdus.<br \/>\nDans la version filtrante la hotte n\u2019est pas reli\u00e9e \u00e0 un tuyau car l\u2019air captur\u00e9 est \u00e9pur\u00e9 par des filtres au charbon actif puis r\u00e9-introduit dans la pi\u00e8ce. Cette configuration impose l\u2019entretien des filtres anti-odeur et leur remplacement p\u00e9riodique.<\/p>\n<p>&nbsp;<br \/>\n<img src=\"https:\/\/turboair.com\/fr\/wp-content\/uploads\/sites\/18\/2019\/10\/FRANCIA_Turboair_1.jpg\" alt=\"null\" \/><br \/>\n&nbsp;<\/p>\n<h4>FILTRAGE DE L\u2019AIR<\/h4>\n<p class=\"p1\">Dans une hotte il existe deux barri\u00e8res de filtrage de l\u2019air. La premi\u00e8re est compos\u00e9e du filtre \u00e0 graisse, toujours pr\u00e9sente et positionn\u00e9e tout de suite \u00e0 l\u2019entr\u00e9e du produit. La fonction du filtre \u00e0 graisse est celle de prot\u00e9ger l\u2019int\u00e9rieur du produit, en filtrant les particules de graisse les plus lourdes de l\u2019air aspir\u00e9. Ces filtres peuvent \u00eatre diff\u00e9rents: en mat\u00e9riau synth\u00e9tique (\u00e0 remplacer cycliquement), en aluminium (lavable) ou en grilles de filtre aluminium (GFA), ou en acier inox (GFI), facilement d\u00e9montables et lavables, \u00e0 la main avec du savon ou au lave-vaisselle. La deuxi\u00e8me type de filtre, le filtre anti-odeur, pr\u00e9sente uniquement sur les produits en version filtrante.<br \/>\nIl s\u2019agit de filtres d\u00e9di\u00e9s au \u00ab lavage \u00bb de l\u2019air aspir\u00e9 par la hotte.<br \/>\nLa solution traditionnelle est compos\u00e9e d\u2019un r\u00e9servoir en plastique, opportun\u00e9ment fa\u00e7onn\u00e9, contenant les granul\u00e9s de charbon actif.<br \/>\nCe charbon sp\u00e9cial peut capturer et retenir la graisse, l\u2019humidit\u00e9 et les odeurs. Ces filtres, appel\u00e9s charbon actif, doivent \u00eatre remplac\u00e9s tous les 3 \u00e0 4 mois environ. Pour filtrer les odeurs, Elica propose une technologie innovante : le \u00abLong Life Filter\u00bb. Ce filtre sp\u00e9cial garantit une efficacit\u00e9 \u00e9lev\u00e9e avec un cycle de vie extr\u00eamement long. Il ne doit pas \u00eatre remplac\u00e9 souvent car il peut \u00eatre facilement \u00ab r\u00e9g\u00e9n\u00e9r\u00e9 \u00bb apr\u00e8s avoir \u00e9t\u00e9 lav\u00e9 au lave-vaisselle et s\u00e9ch\u00e9 au four pendant dix minutes \u00e0 100 \u00b0C. Ces op\u00e9rations tr\u00e8s simples garantissent l\u2019efficacit\u00e9<br \/>\ndu filtre Long Life Filter de 3 ans.<\/p>\n<p>&nbsp;<\/p>\n<h4>L\u2019INSTALLATION CORRECTE<\/h4>\n<p class=\"p1\">La instalaci\u00f3n correcta es importante para asegurar el funcionamiento ideal de la campana. Es necesario seguir detenidamente todas las fases indicadas en el manual de instrucciones de cada producto. Por \u00faltimo, recuerden respetar la distancia m\u00ednima desde el plano de cocci\u00f3n a la campana, que figura en el manual de instrucciones, para evitar da\u00f1ar los componentes funcionales y garantizar la seguridad personal.<\/p>\n<p>&nbsp;<\/p>\n<h4>S\u00c9CURIT\u00c9<\/h4>\n<p class=\"p1\">Durant le processus de production, les hottes Turboair sont soumises \u00e0 plus de 50 test et contr\u00f4les de s\u00e9curit\u00e9 et fonctionnement tr\u00e8s stricts.<br \/>\nLe mat\u00e9riel, les pi\u00e8ces \u00e9lectriques, les composants \u00e9lectroniques sont test\u00e9s plusieurs fois pour offrir une garantie totale des crit\u00e8res de s\u00e9curit\u00e9 tr\u00e8s stricts. Les t\u00f4les avec bords non tranchants, les verres tremp\u00e9s, les plastiques auto-extinguibles sont \u00e0 la base de chaque produit Elica.<\/p>\n<p>&nbsp;<br \/>\n<img src=\"https:\/\/turboair.com\/fr\/wp-content\/uploads\/sites\/18\/2019\/10\/FRANCIA_Turboair_2.jpg\" alt=\"null\" \/><\/p>\n","protected":false},"excerpt":{"rendered":"<p>CHOISIR LE BON D\u00c9BIT Choisissez une hotte qui facilite votre travail en cuisine, qui vous offre une certaine libert\u00e9 de mouvement et qui simplifie la pr\u00e9paration des aliments. La hotte doit avoir une puissance d\u2019aspiration ad\u00e9quate. \u00c9valuez les dimensions de votre cuisine et vos habitudes culinaires [&hellip;]<\/p>\n","protected":false},"author":4,"featured_media":0,"parent":0,"menu_order":0,"comment_status":"open","ping_status":"closed","template":"page_r.php","meta":[],"_links":{"self":[{"href":"https:\/\/turboair.com\/fr\/wp-json\/wp\/v2\/pages\/5032"}],"collection":[{"href":"https:\/\/turboair.com\/fr\/wp-json\/wp\/v2\/pages"}],"about":[{"href":"https:\/\/turboair.com\/fr\/wp-json\/wp\/v2\/types\/page"}],"author":[{"embeddable":true,"href":"https:\/\/turboair.com\/fr\/wp-json\/wp\/v2\/users\/4"}],"replies":[{"embeddable":true,"href":"https:\/\/turboair.com\/fr\/wp-json\/wp\/v2\/comments?post=5032"}],"version-history":[{"count":10,"href":"https:\/\/turboair.com\/fr\/wp-json\/wp\/v2\/pages\/5032\/revisions"}],"predecessor-version":[{"id":5212,"href":"https:\/\/turboair.com\/fr\/wp-json\/wp\/v2\/pages\/5032\/revisions\/5212"}],"wp:attachment":[{"href":"https:\/\/turboair.com\/fr\/wp-json\/wp\/v2\/media?parent=5032"}],"curies":[{"name":"wp","href":"https:\/\/api.w.org\/{rel}","templated":true}]}}