{"id":5014,"date":"2015-03-21T15:35:45","date_gmt":"2015-03-21T14:35:45","guid":{"rendered":"http:\/\/turboair.com\/fr\/fr\/about\/"},"modified":"2019-10-09T14:44:49","modified_gmt":"2019-10-09T12:44:49","slug":"a-propos","status":"publish","type":"page","link":"https:\/\/turboair.com\/fr\/a-propos\/","title":{"rendered":"True italian story"},"content":{"rendered":"<p class=\"p1\">Depuis plus de 45 ans, la solidit\u00e9, la s\u00e9curit\u00e9 et la fiabilit\u00e9 de nos produits racontent une histoire. Une histoire consacr\u00e9e aux familles italiennes qui prend vie chaque jour dans le coeur de leurs maisons, la cuisine.<\/p>\n<p class=\"p1\">Nous nous inspirons des valeurs que nous partageons depuis toujours avec nos clients, les m\u00eames qui ont \u00e9crit et continuent d\u2019\u00e9crire une histoire simple et authentique que nous voulons apporter dans les maisons du monde entier et que nous appelons <strong>\u00abTrue Italian Story\u00bb<\/strong>.<\/p>\n","protected":false},"excerpt":{"rendered":"<p>Depuis plus de 45 ans, la solidit\u00e9, la s\u00e9curit\u00e9 et la fiabilit\u00e9 de nos produits racontent une histoire. Une histoire consacr\u00e9e aux familles italiennes qui prend vie chaque jour dans le coeur de leurs maisons, la cuisine. Nous nous inspirons des valeurs que nous partageons depuis [&hellip;]<\/p>\n","protected":false},"author":4,"featured_media":0,"parent":0,"menu_order":0,"comment_status":"open","ping_status":"open","template":"page_r.php","meta":[],"_links":{"self":[{"href":"https:\/\/turboair.com\/fr\/wp-json\/wp\/v2\/pages\/5014"}],"collection":[{"href":"https:\/\/turboair.com\/fr\/wp-json\/wp\/v2\/pages"}],"about":[{"href":"https:\/\/turboair.com\/fr\/wp-json\/wp\/v2\/types\/page"}],"author":[{"embeddable":true,"href":"https:\/\/turboair.com\/fr\/wp-json\/wp\/v2\/users\/4"}],"replies":[{"embeddable":true,"href":"https:\/\/turboair.com\/fr\/wp-json\/wp\/v2\/comments?post=5014"}],"version-history":[{"count":4,"href":"https:\/\/turboair.com\/fr\/wp-json\/wp\/v2\/pages\/5014\/revisions"}],"predecessor-version":[{"id":5203,"href":"https:\/\/turboair.com\/fr\/wp-json\/wp\/v2\/pages\/5014\/revisions\/5203"}],"wp:attachment":[{"href":"https:\/\/turboair.com\/fr\/wp-json\/wp\/v2\/media?parent=5014"}],"curies":[{"name":"wp","href":"https:\/\/api.w.org\/{rel}","templated":true}]}}