{"id":5510,"date":"2022-05-16T11:08:58","date_gmt":"2022-05-16T09:08:58","guid":{"rendered":"https:\/\/turboair.com\/de\/?page_id=5510"},"modified":"2022-05-30T15:16:50","modified_gmt":"2022-05-30T13:16:50","slug":"privacy-policy","status":"publish","type":"page","link":"https:\/\/turboair.com\/de\/privacy-policy\/","title":{"rendered":"Privacy Policy"},"content":{"rendered":"<table width=\"100%\">\n<tbody>\n<tr>\n<td width=\"45%\"><strong>\u00a0<\/strong><\/p>\n<p><strong>\u00a0<\/strong><\/p>\n<p><strong>VERANTWORTLICHER<\/strong><\/td>\n<td width=\"43%\"><strong>Elica S.p.A.<\/strong><\/p>\n<p>Via Ermanno Casoli, n.2, 60044 Fabriano (AN)<\/p>\n<p>De-Mail: <a href=\"mailto:elicaspa@sicurezzapostale.it\">elicaspa@sicurezzapostale.it<\/a><\/p>\n<p>Telefon: +39-07326101<\/p>\n<p>\u201e<strong>Gesellschaft<\/strong>\u201c oder \u201e<strong>Verantwortlicher<\/strong>\u201c)<\/td>\n<\/tr>\n<tr>\n<td width=\"45%\"><strong>\u00a0<\/strong><\/p>\n<p><strong>DATENSCHUTZBEAUFTRAGTER<\/strong><strong> (DPO)<\/strong><\/td>\n<td width=\"43%\">&nbsp;<\/p>\n<p>Der DPO kann unter folgender<\/p>\n<p>E-Mail kontaktiert werden<strong>: <\/strong><a href=\"mailto:dpo@elica.com\">dpo@elica.com<\/a><\/td>\n<\/tr>\n<\/tbody>\n<\/table>\n<p>&nbsp;<\/p>\n<p>Elica S.p.A. als Verantwortlicher gem\u00e4\u00df Art. 13 der Verordnung 2016\/679 (\u201e<strong>DSGVO<\/strong>\u201c) stellt Ihnen Informationen zur Verarbeitung personenbezogener Daten (im Folgenden \u201e<strong>Daten<\/strong>\u201c) zur Verf\u00fcgung, die beim Surfen auf dieser Seite (im Folgenden \u201e<strong>Seite<\/strong>\u201c) gespeichert werden.<\/p>\n<p>&nbsp;<\/p>\n<table width=\"642\">\n<tbody>\n<tr>\n<td width=\"642\"><strong>DATENVERARBEITUNG, ZWECK UND RECHTLICHE GRUNDLAGE<\/strong><\/td>\n<\/tr>\n<tr>\n<td width=\"642\"><strong>1.\u00a0\u00a0\u00a0\u00a0\u00a0\u00a0 <\/strong><strong>Datenverarbeitung zum Zweck der Verwaltung der Seite<\/strong><\/p>\n<p>Die Computersysteme und Softwareverfahren, die f\u00fcr den Betrieb der Seite verwendet werden, erfassen w\u00e4hrend ihres normalen Betriebs einige Navigationsdaten, deren \u00dcbertragung implizit mit der Verwendung von Internet-Kommunikationsprotokollen erfolgt.<\/p>\n<p>Diese Informationen werden nicht gesammelt, um mit identifizierten interessierten Parteien in Verbindung gebracht zu werden, sondern k\u00f6nnen aufgrund ihrer Natur &#8211; durch die Verarbeitung und Verkn\u00fcpfung mit Daten im Besitz Dritter &#8211; eine Identifizierung der Benutzer erm\u00f6glichen.<\/p>\n<p>Zu dieser Datenkategorie geh\u00f6ren IP-Adressen oder Dom\u00e4nennamen von Computern, die von Benutzern verwendet werden, die sich mit der Seite verbinden, Adressen in Kennzeichnung\u00a0<strong>URI (<em>Uniform Resource Identifier<\/em>)<\/strong>\u00a0der geforderten Ressourcen, der Zeitpunkt der Anforderung, das zum \u00dcbermitteln der Anforderung an den Server verwendete Verfahren, die Gr\u00f6\u00dfe der als Antwort erhaltenen Datei, der Zahlencode, der den Status der vom Server gegebenen Antwort (erfolgreich, Fehler usw.) und andere Parameter in Bezug auf das Betriebssystem und die Computerumgebung des Benutzers angibt.<\/p>\n<p>Diese Daten werden nur verwendet werden:<\/p>\n<p>\u00b7\u00a0\u00a0\u00a0\u00a0\u00a0\u00a0\u00a0 um deren einwandfreie Funktion zu \u00fcberpr\u00fcfen und Wartungsarbeiten zu durchf\u00fchren;<\/p>\n<p>\u00b7\u00a0\u00a0\u00a0\u00a0\u00a0\u00a0\u00a0 um anonyme statistische Informationen \u00fcber die Nutzung der Seite zu erhalten;<\/p>\n<p>\u00b7\u00a0\u00a0\u00a0\u00a0\u00a0\u00a0\u00a0 zum Feststellen der Verantwortlichkeit im Falle anzunehmender Computerkriminalit\u00e4t zum Schaden der Seite und daher die Rechte der Gesellschaft vor Gericht auszu\u00fcben und\/oder zu verteidigen.<\/p>\n<p>Gem\u00e4\u00df Art. 122, Abs. 1 des Gesetzesdekrets 196\/2003 (\u201e<strong>Datenschutzgesetz<\/strong>\u201c) erfordert die Verarbeitung der genannten Informationen keine Zustimmung der Benutzer. F\u00fcr die oben genannten Zwecke ist die Rechtsgrundlage der Verarbeitung das berechtigte Interesse des Datenverantwortlichens gem\u00e4\u00df Art. 6, Absatz 1, lit. f), DSGVO.<\/p>\n<p><strong>2.\u00a0\u00a0\u00a0\u00a0\u00a0 <\/strong><strong>Cookie<\/strong><\/p>\n<p>I Die Seite verwendet Cookies, um den richtigen Betrieb der Seite zu gew\u00e4hrleisten und das Nutzungserlebnis derselben zu verbessern. F\u00fcr weitere Informationen zur Verwendung von Cookies lesen Sie bitte das Informationsschreiben, indem Sie hier klicken .<\/p>\n<p><strong>3.\u00a0\u00a0\u00a0\u00a0\u00a0 <\/strong><strong>Externe Links zur Seite<\/strong><\/p>\n<p>Die Seite kann Links zu anderen Seiten in Bezug auf Elica verwenden, f\u00fcr die auf die zum Zeitpunkt der Erfassung bereitgestellten spezifischen Informationen verwiesen wird.<\/td>\n<\/tr>\n<\/tbody>\n<\/table>\n<p>&nbsp;<\/p>\n<table width=\"642\">\n<tbody>\n<tr>\n<td width=\"642\"><strong>DATENBEREITSTELLUNG<\/strong><\/td>\n<\/tr>\n<tr>\n<td width=\"642\">Mit Ausnahme der Navigationsdaten, die zur Implementierung der IT- und Telematikprotokolle erforderlich sind, ist die Bereitstellung von Daten durch die Benutzer kostenlos und freiwillig. Die Nichtbereitstellung macht es jedoch unm\u00f6glich, mit den weitergeleiteten Anfragen fortzufahren oder die der Benutzer weiterzuleiten beabsichtigt.<\/td>\n<\/tr>\n<\/tbody>\n<\/table>\n<p>&nbsp;<\/p>\n<table width=\"642\">\n<tbody>\n<tr>\n<td width=\"642\"><strong>DATENEMPF\u00c4NGER<\/strong><\/td>\n<\/tr>\n<tr>\n<td width=\"642\">Die Daten k\u00f6nnen an unabh\u00e4ngige Datenverantwortliche weitergegeben und von Personen verarbeitet werden, die vom Unternehmen als Datenverarbeiter benannt wurden und die dem Verantwortlichen Dienstleistungen erbringen, die f\u00fcr den in diesen Informationen angegebenen Zweck von entscheidender Bedeutung sind, z.B.: der Beauftragte f\u00fcr die Wartung\/Verwaltung der Internet-Seite der Gesellschaft und die von ihr verwendeten elektronischen und\/oder telematischen Tools.<\/td>\n<\/tr>\n<\/tbody>\n<\/table>\n<p>&nbsp;<\/p>\n<table width=\"642\">\n<tbody>\n<tr>\n<td width=\"642\"><strong>ZUR VERARBEITUNG BEFUGTE PERSONEN<\/strong><\/td>\n<\/tr>\n<tr>\n<td width=\"642\">Die Daten k\u00f6nne von Angestellten und\/oder Mitarbeitern der Gesellschaft verarbeitet werden, die angemessene Arbeitsanweisungen erhalten haben und ausdr\u00fccklich zur Verarbeitung derselben autorisiert wurden.<\/td>\n<\/tr>\n<\/tbody>\n<\/table>\n<p>&nbsp;<\/p>\n<table width=\"641\">\n<tbody>\n<tr>\n<td width=\"641\"><strong>DATEN\u00dcBERMITTLUNG AUSSERHALB DER EUROP\u00c4ISCHEN UNION<\/strong><\/td>\n<\/tr>\n<tr>\n<td width=\"641\">Die Daten werden nicht an Drittl\u00e4nder und\/oder internationale Organisationen mit Sitz au\u00dferhalb der Europ\u00e4ischen Union \u00fcbermittelt.<\/td>\n<\/tr>\n<\/tbody>\n<\/table>\n<p>&nbsp;<\/p>\n<table width=\"643\">\n<tbody>\n<tr>\n<td width=\"643\"><strong>RECHTE DER BETROFFENE PERSON &#8211; BESCHWERDE BEI <\/strong><strong>\u200b\u200b<\/strong><strong>DER AUFSICHTSBEH\u00d6RDE<\/strong><\/td>\n<\/tr>\n<tr>\n<td width=\"643\">Um ihre Rechte auszu\u00fcben, kann sich die betroffene Person an den Datenverantwortlichen wenden, indem sie eine schriftliche Mitteilung an die oben angegebene Adresse sendet oder an die E-Mail-Adresse: <a href=\"mailto:privacy@elica.com\">privacy@elica.com<\/a><\/p>\n<p>Die betroffene Person kann gegen\u00fcber dem Verantwortlichen die ihr gem\u00e4\u00df den Art. 15-22 der DSGVO zustehenden Rechte aus\u00fcben und insbesondere den Zugriff auf die Daten, die sie betreffen, ihre L\u00f6schung, die Berichtigung falscher Daten, die Erg\u00e4nzung unvollst\u00e4ndiger Daten, die Einschr\u00e4nkung der Verarbeitung in den F\u00e4llen gem\u00e4\u00df Art. 18 DSGVO<sup>1<\/sup>.<\/p>\n<p>Wenn die betroffene Person beabsichtigt, seine Rechte auszu\u00fcben, kann die Gesellschaft verlangen, sich auszuweisen, bevor es mit der Erf\u00fcllung der Anfrage fortf\u00e4hrt.<\/td>\n<\/tr>\n<tr>\n<td width=\"643\">Die betroffene Person hat das Recht, aus Gr\u00fcnden, die sich aus der besonderen Situation ergeben, jederzeit einfach und kostenlos der Verarbeitung von Daten im Rahmen des berechtigten Interesses des Verantwortlichen zu widersprechen.<\/td>\n<\/tr>\n<tr>\n<td width=\"643\">Schlie\u00dflich hat der Betroffene das Recht, eine Beschwerde bei der zust\u00e4ndigen Aufsichtsbeh\u00f6rde in dem Mitgliedstaat, in dem er seinen gew\u00f6hnlichen Aufenthalt oder seine Arbeit hat, oder in dem Staat, in dem der mutma\u00dfliche Versto\u00df stattgefunden hat, einzureichen.<\/td>\n<\/tr>\n<\/tbody>\n<\/table>\n<p>&nbsp;<\/p>\n","protected":false},"excerpt":{"rendered":"<p>\u00a0 \u00a0 VERANTWORTLICHER Elica S.p.A. Via Ermanno Casoli, n.2, 60044 Fabriano (AN) De-Mail: elicaspa@sicurezzapostale.it Telefon: +39-07326101 \u201eGesellschaft\u201c oder \u201eVerantwortlicher\u201c) \u00a0 DATENSCHUTZBEAUFTRAGTER (DPO) &nbsp; Der DPO kann unter folgender E-Mail kontaktiert werden: dpo@elica.com &nbsp; Elica S.p.A. als Verantwortlicher gem\u00e4\u00df Art. 13 der Verordnung 2016\/679 (\u201eDSGVO\u201c) stellt Ihnen [&hellip;]<\/p>\n","protected":false},"author":7,"featured_media":0,"parent":0,"menu_order":0,"comment_status":"closed","ping_status":"closed","template":"","meta":[],"_links":{"self":[{"href":"https:\/\/turboair.com\/de\/wp-json\/wp\/v2\/pages\/5510"}],"collection":[{"href":"https:\/\/turboair.com\/de\/wp-json\/wp\/v2\/pages"}],"about":[{"href":"https:\/\/turboair.com\/de\/wp-json\/wp\/v2\/types\/page"}],"author":[{"embeddable":true,"href":"https:\/\/turboair.com\/de\/wp-json\/wp\/v2\/users\/7"}],"replies":[{"embeddable":true,"href":"https:\/\/turboair.com\/de\/wp-json\/wp\/v2\/comments?post=5510"}],"version-history":[{"count":3,"href":"https:\/\/turboair.com\/de\/wp-json\/wp\/v2\/pages\/5510\/revisions"}],"predecessor-version":[{"id":5514,"href":"https:\/\/turboair.com\/de\/wp-json\/wp\/v2\/pages\/5510\/revisions\/5514"}],"wp:attachment":[{"href":"https:\/\/turboair.com\/de\/wp-json\/wp\/v2\/media?parent=5510"}],"curies":[{"name":"wp","href":"https:\/\/api.w.org\/{rel}","templated":true}]}}