{"id":5368,"date":"2019-03-19T14:47:30","date_gmt":"2019-03-19T13:47:30","guid":{"rendered":"http:\/\/turboair.com\/de\/?page_id=5368"},"modified":"2022-05-06T16:05:41","modified_gmt":"2022-05-06T14:05:41","slug":"datenschutzinformation","status":"publish","type":"page","link":"https:\/\/turboair.com\/de\/datenschutzinformation\/","title":{"rendered":"Datenschutzinformation &#038; Cookies"},"content":{"rendered":"<p>Dieses Informationsschreiben ist f\u00fcr alle Benutzer der Webseite (im Folgenden \u201e<strong>Seite<\/strong>\u201c) bestimmt, gem\u00e4\u00df Art. 13 der EU-Verordnung n. 2016\/679 (im Folgenden \u201e<strong>DSGVO<\/strong>\u201c) und Art. 122 des Gesetzesdekrets 196\/2003 (im Folgenden \u201e<strong>Datenschutzgesetz<\/strong>\u201c), sowie in \u00dcbereinstimmung mit der Bestimmung des Datenschutzgaranten \u201eIdentifizierung vereinfachter Methoden f\u00fcr die Information und den Erwerb der Zustimmung zur Verwendung von Cookies\u201c vom 8. Mai 2014, in der jeweils g\u00fcltigen Fassung durch die \u201eRichtlinien f\u00fcr Cookies und andere Tracking-Tools\u201c vom 10. Juni 2021 (im Folgenden \u201e<strong>Ma\u00dfnahme<\/strong>\u201c).<\/p>\n<ol>\n<li><strong>Name und Kontaktdaten des Datenverantwortlichen<\/strong><\/li>\n<\/ol>\n<p>Der Datenverantwortlicher ist Elica S.p.A., Sitz in Via Ermanno Casoli n. 2 &#8211; 60044 Fabriano (AN) \u2013 Italia, C.F.REG.IMP. AN 00096570429, Telefon +39 0732 610 1, Fax +39 0732 610 249, E-Mail: elicaspa@sicurezzapostale.it (im Folgendem, \u201c<strong>Verantwortlicher<\/strong>\u201d).<\/p>\n<ol start=\"2\">\n<li><strong>Datenschutzbeauftragter (DPO)<\/strong><\/li>\n<\/ol>\n<p>Der DPO kann unter folgender E-Mail kontaktiert werden: <a href=\"mailto:dpo@elica.com\">dpo@elica.com<\/a><\/p>\n<ol start=\"3\">\n<li><strong>Datenverarbeitung<\/strong><\/li>\n<\/ol>\n<p>Die Seite verwendet Cookies.<\/p>\n<p><strong>Was sind Cookies<\/strong><\/p>\n<p>Cookies (oder Marker) sind kleine Textdateien, die vom Webserver auf Ihr Ger\u00e4t erstellt und f\u00fcr die Dauer des Besuchs oder l\u00e4nger gespeichert werden. Cookies werden vom Webserver an das Ger\u00e4t des Benutzers (in der Regel an den Browser) gesendet und so gespeichert, dass sie bei jedem sp\u00e4teren Besuch wieder erkannt werden k\u00f6nnen. Cookies werden bei jedem weiteren Besuch von Ihrem Ger\u00e4t auf die Seite umgeleitet<\/p>\n<p>Jedes Cookie enth\u00e4lt im Allgemeinen den Namen des Servers, von dem das Cookie gesendet wurde, sowie das Ablaufdatum und einen Wert, normalerweise eine vom Computer zuf\u00e4llig generierte eindeutige Nummer.<\/p>\n<p><strong>Erst- und Drittanbieter-Cookies<\/strong><\/p>\n<p>Cookies k\u00f6nnen nicht nur von demselben Betreiber der vom Benutzer besuchten Seite installiert werden (Erstanbieter-Cookies), sondern auch von einer anderen Seite, die sie \u00fcber die erste Seite installiert (Drittanbieter-Cookies) und in der Lage ist, sie zu erkennen. Dies liegt daran, dass auf der besuchten Seite m\u00f6glicherweise Elemente (Bilder, Karten, Sounds, Links zu Webseiten anderer Dom\u00e4ne usw.) vorhanden sind, die sich auf anderen Servern als dem der besuchten Seite befinden.<\/p>\n<p><strong>Technische, analytische und Profiling-Cookies<\/strong><\/p>\n<p>Je nach Verwendungsweck werden Cookies in technische Cookies und Profiling-Cookies unterteilt.<\/p>\n<p><strong>Technische Cookies<\/strong>\u00a0werden ausschlie\u00dflich zu dem Zweck installiert,<em>\u00a0\u201eeine Mitteilung \u00fcber ein elektronisches Kommunikationsnetz zu \u00fcbertragen, oder in dem Ma\u00dfe, wie es f\u00fcr den Anbieter eines Dienstes der Informationsgesellschaft, der vom Teilnehmer oder Benutzer ausdr\u00fccklich zur Erbringung dieses Dienstes gew\u00fcnscht wird, unbedingt erforderlich ist<\/em>\u201c (siehe Art. 122, Abs. 1, Datenschutzgesetz). Sie werden in der Regel verwendet, um eine effiziente Seitennavigation zu erm\u00f6glichen, Benutzereinstellungen zu speichern, Informationen \u00fcber bestimmte Benutzerkonfigurationen zu speichern, eine Benutzerauthentifizierung durchzuf\u00fchren usw.<\/p>\n<p>Technische Cookies lassen sich unterteilen in\u00a0<em>Browsing-Cookies<\/em>, die dazu dienen, Daten aufzuzeichnen, die f\u00fcr die normale Navigation und Nutzung der Seite auf dem Computer des Benutzers n\u00fctzlich sind (sie erm\u00f6glichen es beispielsweise, sich die bevorzugte Seitengr\u00f6\u00dfe in einer Liste zu merken), und\u00a0funktionale\u00a0Cookies, die es der Seite erm\u00f6glichen, sich an die vom Benutzer getroffenen Entscheidungen zu erinnern, um ihre Funktionalit\u00e4t zu optimieren (funktionale Cookies erm\u00f6glichen es der Seite beispielsweise, sich an benutzerspezifische Einstellungen zu erinnern, wie die L\u00e4nderauswahl und, wenn sie gesetzt ist, den permanenten Zugriffsstatus). Einige dieser Cookies (die so genannten &#8222;essential&#8220; oder &#8222;strictly necessary<em>&#8222;<\/em>) erm\u00f6glichen Funktionen, ohne die bestimmte Operationen nicht m\u00f6glich w\u00e4ren.<\/p>\n<p>Gem\u00e4\u00df dem oben erw\u00e4hnten Art. 122, Absatz 1, Datenschutzgesetz, erfordert die Verwendung von technischen Cookies keine Zustimmung der Benutzer, sondern nur die Verpflichtung, die Benutzer zu informieren.<\/p>\n<p>Cookies werden technischen Cookies gleichgestellt &#8211; und daher f\u00fcr ihre Installation die Zustimmung der Benutzer nicht erforderlich &#8211;\u00a0Cookies cd. \u201eAnalytics\u201c wenn:<\/p>\n<ol>\n<li>die direkt vom Betreiber des ersten Teils der Seite (also ohne Einschaltung Dritter) zum Zweck der Optimierung derselben erstellt und verwendet werden, um aggregierte Informationen \u00fcber die Anzahl der Benutzer und deren Besuch der Seite zu sammeln, sowie<\/li>\n<li>von Dritten bereitgestellt und zur Verf\u00fcgung gestellt:\n<ol>\n<li>Bei Verwendung durch die Erstpartei-Seite zu rein statistischen Zwecken, wenn geeignete Minimierungsma\u00dfnahmen getroffen werden, um die Identifizierungsf\u00e4higkeit zu reduzieren (z. B. durch Maskieren wesentlicher Teile der IP-Adresse) und ausschlie\u00dflich zur Erstellung von aggregierten und damit verbundenen Statistiken verwendet werden in der Regel auf eine einzelne Seite oder eine einzelne mobile Anwendung, um die Verfolgung der Navigation der Person, die verschiedene Anwendungen verwendet oder verschiedene Seiten durchsucht, nicht zu erm\u00f6glichen;<\/li>\n<li>Und Dritten unterliegt, die sich ausdr\u00fccklich auf die Verpflichtung des Dritten beziehen oder sie ausschlie\u00dflich f\u00fcr die Erbringung der Dienstleistung verwenden, sie getrennt speichern und nicht mit anderen ihnen zur Verf\u00fcgung stehenden Informationen &#8222;anreichern&#8220; oder &#8222;kreuzen&#8220;.<\/li>\n<\/ol>\n<\/li>\n<\/ol>\n<p><strong>Profil-Cookies<\/strong>\u00a0werden verwendet, um die Navigation des Nutzers zu verfolgen, das Marketing-Verhalten des Nutzers zu analysieren und Profile \u00fcber den Geschmack, die Gewohnheiten, die Auswahl usw. des Nutzers zu erstellen, um zielgerichtete Werbebotschaften in Bezug auf die Interessen des Nutzers und in \u00dcbereinstimmung mit den Pr\u00e4ferenzen des Nutzers beim Online-Surfen zu \u00fcbermitteln. Solche Cookies, gem\u00e4\u00df Art. 122 des Datenschutzgesetzes, d\u00fcrfen nur dann auf dem Terminal des Benutzers installiert werden, wenn der Benutzer seine Zustimmung in der in der Bestimmung angegebenen Weise gegeben hat, nachdem er auf die vereinfachte Weise informiert wurde, die vom Garanten angegeben ist (Ver\u00f6ffentlichung einer \u201ekurzen\u201c Information auf der Seite, die in einem Banner enthalten ist, die sofort auf der Homepage erscheint oder einer anderen Seite, \u00fcber die der Benutzer auf die Seite zugreifen kann, die sich auf eine &#8222;erweiterte&#8220; Information bezieht, die \u00fcber einen Link aufgerufen wird, auf den der Benutzer klicken kann).<\/p>\n<p><strong>Persistente Cookies und Sitzungscookies <\/strong><\/p>\n<p>Abh\u00e4ngig von ihrer Dauer werden Cookies unterteilt in\u00a0<strong>persistente<\/strong>\u00a0Cookies, die auf Ihrem Ger\u00e4t gespeichert bleiben, bis sie ablaufen und nicht durch den Benutzer entfernt werden, und in\u00a0<strong>Sitzungscookies<\/strong>, die nicht dauerhaft auf Ihrem Ger\u00e4t gespeichert werden und verschwinden, wenn Sie Ihren Browser schlie\u00dfen.<\/p>\n<p><strong><u>Liste der von dieser Webseite verwendeten Cookies<\/u><\/strong><\/p>\n<p><strong>Technische Cookie<\/strong><\/p>\n<p>Diese Seite verwendet technische Cookies, die von der Seite selbst f\u00fcr die unten angegebenen Zwecke installiert werden.<\/p>\n<p>Diese Art von Cookies kann nicht deaktiviert werden und ihre Installation erfordert nicht die vorherige Zustimmung der Benutzer gem\u00e4\u00df Art. 122 des Datenschutzgesetzes und der Bestimmung.<\/p>\n<table width=\"642\">\n<tbody>\n<tr>\n<td width=\"201\">Name<\/td>\n<td width=\"143\">Erst- und Drittanbieter<\/td>\n<td width=\"167\">Zweck<\/td>\n<td width=\"131\">Dauer<\/td>\n<\/tr>\n<tr>\n<td width=\"201\">PHPSESSID<\/td>\n<td width=\"143\">Elica<\/td>\n<td width=\"167\">Speicherung des Sitzungsstatus.<\/td>\n<td width=\"131\">Sitzung<\/td>\n<\/tr>\n<tr>\n<td width=\"201\">_icl_current_language<\/td>\n<td width=\"143\">Elica<\/td>\n<td width=\"167\"><em>Speicherung der Spracheinstellung<\/em><\/td>\n<td width=\"131\">1 Tag<\/td>\n<\/tr>\n<\/tbody>\n<\/table>\n<p><strong>Anonymisierte analytische Cookies<\/strong><\/p>\n<table width=\"642\">\n<tbody>\n<tr>\n<td width=\"201\">Name<\/td>\n<td width=\"143\">Erst- und Drittanbieter<\/td>\n<td width=\"167\">Zweck<\/td>\n<td width=\"131\">Dauer<\/td>\n<\/tr>\n<tr>\n<td width=\"201\">_gat<\/td>\n<td width=\"143\">Elica<\/td>\n<td width=\"167\">Von <a href=\"https:\/\/policies.google.com\/privacy\">Google<\/a> angebotenes Cookie, um die Anfragerate zu drosseln.<\/td>\n<td width=\"131\">Sitzung<\/td>\n<\/tr>\n<tr>\n<td width=\"201\">_ga<\/td>\n<td width=\"143\">Elica<\/td>\n<td width=\"167\">Von <a href=\"https:\/\/policies.google.com\/privacy\">Google<\/a> angebotenes Cookie, um Benutzer zu unterscheiden, indem eine zuf\u00e4llig generierte Nummer als Client-Kennung zugewiesen wird. Es ist in jeder Seitenanforderung auf der Webseite enthalten und wird zur Berechnung von Besucher-, Sitzungs- und Kampagnendaten verwendet.<\/td>\n<td width=\"131\">730 Tage<\/td>\n<\/tr>\n<tr>\n<td width=\"201\">_gid<\/td>\n<td width=\"143\">Elica<\/td>\n<td width=\"167\">Von <a href=\"https:\/\/policies.google.com\/privacy\">Google<\/a> angebotenes Cookie, um einen eindeutigen Wert f\u00fcr jede besuchte Seite zu speichern und zu aktualisieren.<\/td>\n<td width=\"131\">1 Tag<\/td>\n<\/tr>\n<\/tbody>\n<\/table>\n<p><strong>\u00a0<\/strong><\/p>\n<p>Nach Ablauf der oben genannten Speicherfristen werden die Daten entsprechend den technischen L\u00f6sch- und Backup-Verfahren vernichtet oder anonymisiert.<\/p>\n<ol start=\"4\">\n<li><strong>Datenbereitstellung<\/strong><\/li>\n<\/ol>\n<p>Die Daten zu Cookies, f\u00fcr die keine Zustimmung erforderlich ist, sind f\u00fcr die Bereitstellung des entsprechenden Dienstes erforderlich. Die Nichtbereitstellung dieser Daten macht es daher unm\u00f6glich, die angeforderten Dienste zu nutzen.<\/p>\n<ol start=\"5\">\n<li><strong>Empf\u00e4nger <\/strong><\/li>\n<\/ol>\n<p>Die mit den Webdiensten dieser Seite verbundene Verarbeitung wird von Personal durchgef\u00fchrt, das angemessene Arbeitsanweisungen erhalten hat und ausdr\u00fccklich zur Verarbeitung derselben autorisiert wurde.<\/p>\n<p>Die Daten k\u00f6nnen im Auftrag des Datenverantwortlichen auch von Dritten verarbeitet werden, die als Datenverarbeiter gem\u00e4\u00df Art. 28 der DSGVO bezeichnet wurden, wie nat\u00fcrliche und\/oder juristische Personen, die funktionelle T\u00e4tigkeiten ausf\u00fchren, die den oben angegebenen Zwecken dienen, beispielsweise die Gesellschaft, die sich mit der Verwaltung und Wartung der Seite befasst.<\/p>\n<p>Die Daten k\u00f6nnen an unabh\u00e4ngige Datenverantwortliche wie Aufsichts- und Kontrollbeh\u00f6rden, die berechtigt sind, die Daten anzufordern \/ zu erhalten, sowie an Dritten &#8211; <em>providers<\/em> (oder <em>vendors<\/em>) &#8211; weitergegeben werden, die in den obigen Tabellen mit der Liste der Cookies aufgef\u00fchrt sind, in denen auch der Link zu den entsprechenden Informationen gemeldet ist.<\/p>\n<p>Wenn die Daten in L\u00e4nder au\u00dferhalb der Europ\u00e4ischen Union (EU) oder des Europ\u00e4ischen Wirtschaftsraums (EWR) \u00fcbermittelt werden, die von der Europ\u00e4ischen Kommission als nicht angemessen erachtet wurden, werden die \u201eTransfert Tools\u201c (Art. 45 der DSGVO) verwendet, f\u00fcr eine m\u00f6glichen Bereitstellung \u201ezus\u00e4tzlicher Ma\u00dfnahmen\u201c, um ein Schutzniveau zu gew\u00e4hrleisten, das im Wesentlichen dem nach dem Recht der Europ\u00e4ischen Union erforderlichen entspricht. Weitere Informationen finden Sie unter den in der Tabelle angegebenen Links der Drittanbieter.<\/p>\n<ol start=\"6\">\n<li><strong>Browsereinstellungen<\/strong><\/li>\n<\/ol>\n<p>Benutzer k\u00f6nnen ihre Cookie-Optionen jedoch auch \u00fcber die Einstellungen des verwendeten Browsers w\u00e4hlen. Auch wenn der vom Benutzer verwendete Webbrowser so eingestellt ist, dass er Cookies automatisch akzeptiert, kann dieser die Standardkonfiguration \u00fcber das Einstellungsmen\u00fc \u00e4ndern, alle oder einige Cookies l\u00f6schen und \/ oder entfernen, das Senden von Cookies blockieren oder auf bestimmte Seiten beschr\u00e4nken. Das Deaktivieren, Blockieren oder L\u00f6schen von Cookies kann die optimale Nutzung einiger Bereiche der Seite beeintr\u00e4chtigen oder einige Funktionen derselben verhindern sowie den Betrieb von Diensten Dritter beeintr\u00e4chtigen. Nachfolgend finden Sie die Links zu den Anleitungen zur Verwaltung der Cookies der wichtigsten Browser:<\/p>\n<ul>\n<li><a href=\"https:\/\/support.microsoft.com\/en-us\/help\/17442\/windows-internet-explorer-delete-manage-cookies\">Microsoft Internet Explorer<\/a><\/li>\n<li><a href=\"https:\/\/support.microsoft.com\/en-gb\/help\/4027947\/microsoft-edge-delete-cookies\">Microsoft Edge<\/a><\/li>\n<li><a href=\"https:\/\/support.google.com\/chrome\/answer\/95647?hl=it&amp;p=cpn_cookies%20https:\/\/support.google.com\/accounts\/answer\/61416?hl=it%20%20Google%20Chrome%20per%20Mobile:%20Accedere%20tramite%20link%20https:\/\/support.google.com\/chrome\/answer\/2392971?hl=it\">Google Chrome<\/a><\/li>\n<li><a href=\"https:\/\/support.mozilla.org\/it\/kb\/Attivare%20e%20disattivare%20i%20cookie\">Mozilla Firefox<\/a><\/li>\n<li><a href=\"https:\/\/support.apple.com\/it-it\/HT201265\">Safari<\/a><\/li>\n<li><a href=\"http:\/\/help.opera.com\/Windows\/10.00\/it\/cookies.htm\">Opera<\/a><\/li>\n<\/ul>\n<p>F\u00fcr andere als die oben angegebenen Browser ist es notwendig, den entsprechenden Leitfaden zu konsultieren, um zu erfahren, wie Cookies verwaltet werden.<\/p>\n<ol start=\"7\">\n<li><strong>Rechte der betroffenen Person<\/strong><\/li>\n<\/ol>\n<p>In Bezug auf die Verarbeitung personenbezogener Daten durch den Datenverantwortlichen kann die betroffene Person zus\u00e4tzlich zu dem, was im vorherigen Absatz angegeben ist, die in den Artikeln Art. 15 bis 22 DSGVO genannten Rechte aus\u00fcben und insbesondere Auskunft anfordern, \u00fcber die betreffenden Daten und Informationen nach Art. 15 (Zweck der Verarbeitung, Kategorien personenbezogener Daten usw.), die L\u00f6schung nach Art. 17, die Berichtigung unrichtiger Daten, die Erg\u00e4nzung unvollst\u00e4ndiger Daten, die Einschr\u00e4nkung der Verarbeitung nach Art. 18, die Daten\u00fcbertragbarkeit (d.h. die Daten in einem strukturierten Format zu erhalten, das allgemein verwendet und von einem automatischen Ger\u00e4t gelesen werden kann, sowie, falls technisch machbar, sie ungehindert an einen anderen Eigent\u00fcmer zu \u00fcbermitteln) f\u00fcr den Fall, dass die Verarbeitung auf einer Einwilligung oder einem Vertrag beruht und mit automatisierten Tools durchgef\u00fchrt wird.<\/p>\n<p>F\u00fcr die Aus\u00fcbung von Rechten kann sich die betroffene Person an den Datenverantwortlichen unter den in Abs. 1. wenden.<\/p>\n<p>Die betroffene Person hat das Recht, eine Beschwerde bei der zust\u00e4ndigen Aufsichtsbeh\u00f6rde in dem Mitgliedstaat, in dem er seinen gew\u00f6hnlichen Aufenthalt oder seine Arbeit hat, oder in dem Staat, in dem der mutma\u00dfliche Versto\u00df stattgefunden hat, einzureichen.<\/p>\n","protected":false},"excerpt":{"rendered":"<p>Dieses Informationsschreiben ist f\u00fcr alle Benutzer der Webseite (im Folgenden \u201eSeite\u201c) bestimmt, gem\u00e4\u00df Art. 13 der EU-Verordnung n. 2016\/679 (im Folgenden \u201eDSGVO\u201c) und Art. 122 des Gesetzesdekrets 196\/2003 (im Folgenden \u201eDatenschutzgesetz\u201c), sowie in \u00dcbereinstimmung mit der Bestimmung des Datenschutzgaranten \u201eIdentifizierung vereinfachter Methoden f\u00fcr die Information und [&hellip;]<\/p>\n","protected":false},"author":4,"featured_media":0,"parent":0,"menu_order":0,"comment_status":"closed","ping_status":"closed","template":"","meta":[],"_links":{"self":[{"href":"https:\/\/turboair.com\/de\/wp-json\/wp\/v2\/pages\/5368"}],"collection":[{"href":"https:\/\/turboair.com\/de\/wp-json\/wp\/v2\/pages"}],"about":[{"href":"https:\/\/turboair.com\/de\/wp-json\/wp\/v2\/types\/page"}],"author":[{"embeddable":true,"href":"https:\/\/turboair.com\/de\/wp-json\/wp\/v2\/users\/4"}],"replies":[{"embeddable":true,"href":"https:\/\/turboair.com\/de\/wp-json\/wp\/v2\/comments?post=5368"}],"version-history":[{"count":5,"href":"https:\/\/turboair.com\/de\/wp-json\/wp\/v2\/pages\/5368\/revisions"}],"predecessor-version":[{"id":5508,"href":"https:\/\/turboair.com\/de\/wp-json\/wp\/v2\/pages\/5368\/revisions\/5508"}],"wp:attachment":[{"href":"https:\/\/turboair.com\/de\/wp-json\/wp\/v2\/media?parent=5368"}],"curies":[{"name":"wp","href":"https:\/\/api.w.org\/{rel}","templated":true}]}}