{"id":4958,"date":"2015-08-24T17:21:45","date_gmt":"2015-08-24T15:21:45","guid":{"rendered":"http:\/\/turboair.com\/de\/de\/safety\/"},"modified":"2018-08-01T18:32:25","modified_gmt":"2018-08-01T16:32:25","slug":"sicherheit","status":"publish","type":"page","link":"https:\/\/turboair.com\/de\/sicherheit\/","title":{"rendered":"Sicherheit"},"content":{"rendered":"<p class=\"p1\">Vor und w\u00e4hrend der Produktion pr\u00fcft Elica Material, Kabelb\u00e4ume und elektronische Komponenten um die Ger\u00e4tesicherheit und Richtlinienkonformit\u00e4t sicherzustellen. Elica Hauben haben keine scharfen Metallkanten. Elica verwendet Sicherheitsglas und unbrennbaren Kunststoff.<\/p>\n","protected":false},"excerpt":{"rendered":"<p>Vor und w\u00e4hrend der Produktion pr\u00fcft Elica Material, Kabelb\u00e4ume und elektronische Komponenten um die Ger\u00e4tesicherheit und Richtlinienkonformit\u00e4t sicherzustellen. Elica Hauben haben keine scharfen Metallkanten. Elica verwendet Sicherheitsglas und unbrennbaren Kunststoff.<\/p>\n","protected":false},"author":4,"featured_media":0,"parent":0,"menu_order":4,"comment_status":"open","ping_status":"open","template":"page_r.php","meta":[],"_links":{"self":[{"href":"https:\/\/turboair.com\/de\/wp-json\/wp\/v2\/pages\/4958"}],"collection":[{"href":"https:\/\/turboair.com\/de\/wp-json\/wp\/v2\/pages"}],"about":[{"href":"https:\/\/turboair.com\/de\/wp-json\/wp\/v2\/types\/page"}],"author":[{"embeddable":true,"href":"https:\/\/turboair.com\/de\/wp-json\/wp\/v2\/users\/4"}],"replies":[{"embeddable":true,"href":"https:\/\/turboair.com\/de\/wp-json\/wp\/v2\/comments?post=4958"}],"version-history":[{"count":1,"href":"https:\/\/turboair.com\/de\/wp-json\/wp\/v2\/pages\/4958\/revisions"}],"predecessor-version":[{"id":4959,"href":"https:\/\/turboair.com\/de\/wp-json\/wp\/v2\/pages\/4958\/revisions\/4959"}],"wp:attachment":[{"href":"https:\/\/turboair.com\/de\/wp-json\/wp\/v2\/media?parent=4958"}],"curies":[{"name":"wp","href":"https:\/\/api.w.org\/{rel}","templated":true}]}}