{"id":4854,"date":"2015-08-24T17:19:07","date_gmt":"2015-08-24T15:19:07","guid":{"rendered":"http:\/\/turboair.com\/de\/de\/air-filtration\/"},"modified":"2018-08-01T18:32:27","modified_gmt":"2018-08-01T16:32:27","slug":"luftreinigung","status":"publish","type":"page","link":"https:\/\/turboair.com\/de\/luftreinigung\/","title":{"rendered":"Luftreinigung"},"content":{"rendered":"<p class=\"p1\">Es gibt zwei unterschiedliche Filterarten in Dunstabzugshauben . Der sichtbare Metallfettfilter filtert Fettpartikel aus dem Luftstrom und ist regelm\u00e4ssig von Hand oder im Geschirrsp\u00fcler zu reinigen. Bei Umluftbetrieb ist ein Aktivkohlefilter zu verwenden, der Ger\u00fcche und Feutigkeit aus dem Kochdunst herausfiltert. Aktivkohlefilter sollten alle 3-4 Monate erneuert werden, da Sie nicht regenerierbar sind. F\u00fcr einige Modelle sind auch Longlifefilter erh\u00e4ltlich. Longlifefilter k\u00f6nnen Sie im Geschirrsp\u00fcler regenerieren und im Ofen (10 min bei 100\u00b0C) trocknen. Die Longlifefilter k\u00f6nnen Sie ca. 3 Jahre lang verwenden.<\/p>\n<p class=\"p1\"><a href=\"http:\/\/turboair.com\/wp-content\/uploads\/sites\/17\/2015\/08\/Long_life_filter-Turboair.jpg\"><img loading=\"lazy\" class=\"alignnone size-large wp-image-4122\" src=\"http:\/\/turboair.com\/wp-content\/uploads\/sites\/17\/2015\/08\/Long_life_filter-Turboair-1024x429.jpg\" alt=\"Long Life Filter Turboair\" width=\"1024\" height=\"429\" srcset=\"https:\/\/turboair.com\/de\/wp-content\/uploads\/sites\/17\/2015\/08\/Long_life_filter-Turboair-1024x429.jpg 1024w, https:\/\/turboair.com\/de\/wp-content\/uploads\/sites\/17\/2015\/08\/Long_life_filter-Turboair-300x126.jpg 300w, https:\/\/turboair.com\/de\/wp-content\/uploads\/sites\/17\/2015\/08\/Long_life_filter-Turboair-960x403.jpg 960w, https:\/\/turboair.com\/de\/wp-content\/uploads\/sites\/17\/2015\/08\/Long_life_filter-Turboair-440x185.jpg 440w, https:\/\/turboair.com\/de\/wp-content\/uploads\/sites\/17\/2015\/08\/Long_life_filter-Turboair.jpg 1154w\" sizes=\"(max-width: 1024px) 100vw, 1024px\" \/><\/a><\/p>\n","protected":false},"excerpt":{"rendered":"<p>Es gibt zwei unterschiedliche Filterarten in Dunstabzugshauben . Der sichtbare Metallfettfilter filtert Fettpartikel aus dem Luftstrom und ist regelm\u00e4ssig von Hand oder im Geschirrsp\u00fcler zu reinigen. Bei Umluftbetrieb ist ein Aktivkohlefilter zu verwenden, der Ger\u00fcche und Feutigkeit aus dem Kochdunst herausfiltert. Aktivkohlefilter sollten alle 3-4 Monate [&hellip;]<\/p>\n","protected":false},"author":4,"featured_media":0,"parent":0,"menu_order":3,"comment_status":"open","ping_status":"open","template":"page_r.php","meta":[],"_links":{"self":[{"href":"https:\/\/turboair.com\/de\/wp-json\/wp\/v2\/pages\/4854"}],"collection":[{"href":"https:\/\/turboair.com\/de\/wp-json\/wp\/v2\/pages"}],"about":[{"href":"https:\/\/turboair.com\/de\/wp-json\/wp\/v2\/types\/page"}],"author":[{"embeddable":true,"href":"https:\/\/turboair.com\/de\/wp-json\/wp\/v2\/users\/4"}],"replies":[{"embeddable":true,"href":"https:\/\/turboair.com\/de\/wp-json\/wp\/v2\/comments?post=4854"}],"version-history":[{"count":3,"href":"https:\/\/turboair.com\/de\/wp-json\/wp\/v2\/pages\/4854\/revisions"}],"predecessor-version":[{"id":4956,"href":"https:\/\/turboair.com\/de\/wp-json\/wp\/v2\/pages\/4854\/revisions\/4956"}],"wp:attachment":[{"href":"https:\/\/turboair.com\/de\/wp-json\/wp\/v2\/media?parent=4854"}],"curies":[{"name":"wp","href":"https:\/\/api.w.org\/{rel}","templated":true}]}}