{"id":4851,"date":"2015-08-24T17:16:39","date_gmt":"2015-08-24T15:16:39","guid":{"rendered":"http:\/\/turboair.com\/de\/de\/choosing-the-version\/"},"modified":"2018-08-01T18:32:34","modified_gmt":"2018-08-01T16:32:34","slug":"umluft-vs-abluft-betrieb","status":"publish","type":"page","link":"https:\/\/turboair.com\/de\/umluft-vs-abluft-betrieb\/","title":{"rendered":"Umluft vs. Abluft Betrieb"},"content":{"rendered":"<p class=\"p1\">Fast alle turboair Dunsthauben k\u00f6nnen sowohl in Umluft als auch Abluft betrieben werden. Bei Abluftbetrieb wird der Kochwrasen nach drau\u00dfen geleitet, bei Umluft reinigen Aktivkohlefilter die Luft. Bei Abluft sollten die Kan\u00e4le min. 150 mm Durchmesser haben, die L\u00e4nge nicht zu lang und ohne Quetschungen verlegt sein. Ist dies nicht gew\u00e4hrleistet arbeitet der L\u00fcftermotor gegen den Wiederstand der Rohrleitung was zur Beeintr\u00e4chtigung der Leistung f\u00fchrt. Bei Umluft reinigen Aktivkohlefilter die eingesaugte Luft und f\u00fchren Sie in die K\u00fcche zur\u00fcck. Die Aktivkohlefilter sind in Abh\u00e4ngigkeit von Ihren Kochgewohnheiten zu erneuern und zur Bel\u00fcftung sollte man die Haube vor und nach dem Kochen laufen lassen.<\/p>\n<p class=\"p1\"><a href=\"http:\/\/turboair.com\/wp-content\/uploads\/sites\/17\/2015\/08\/Aspirante-Filtrante_turboair.jpg\"><img loading=\"lazy\" class=\"alignnone size-large wp-image-4119\" src=\"http:\/\/turboair.com\/wp-content\/uploads\/sites\/17\/2015\/08\/Aspirante-Filtrante_turboair-1024x429.jpg\" alt=\"Cappa Aspirante Cappa Filtrante\" width=\"1024\" height=\"429\" srcset=\"https:\/\/turboair.com\/de\/wp-content\/uploads\/sites\/17\/2015\/08\/Aspirante-Filtrante_turboair-1024x429.jpg 1024w, https:\/\/turboair.com\/de\/wp-content\/uploads\/sites\/17\/2015\/08\/Aspirante-Filtrante_turboair-300x126.jpg 300w, https:\/\/turboair.com\/de\/wp-content\/uploads\/sites\/17\/2015\/08\/Aspirante-Filtrante_turboair-960x403.jpg 960w, https:\/\/turboair.com\/de\/wp-content\/uploads\/sites\/17\/2015\/08\/Aspirante-Filtrante_turboair-440x185.jpg 440w, https:\/\/turboair.com\/de\/wp-content\/uploads\/sites\/17\/2015\/08\/Aspirante-Filtrante_turboair.jpg 1154w\" sizes=\"(max-width: 1024px) 100vw, 1024px\" \/><\/a><\/p>\n","protected":false},"excerpt":{"rendered":"<p>Fast alle turboair Dunsthauben k\u00f6nnen sowohl in Umluft als auch Abluft betrieben werden. Bei Abluftbetrieb wird der Kochwrasen nach drau\u00dfen geleitet, bei Umluft reinigen Aktivkohlefilter die Luft. Bei Abluft sollten die Kan\u00e4le min. 150 mm Durchmesser haben, die L\u00e4nge nicht zu lang und ohne Quetschungen verlegt [&hellip;]<\/p>\n","protected":false},"author":4,"featured_media":0,"parent":0,"menu_order":2,"comment_status":"open","ping_status":"open","template":"page_r.php","meta":[],"_links":{"self":[{"href":"https:\/\/turboair.com\/de\/wp-json\/wp\/v2\/pages\/4851"}],"collection":[{"href":"https:\/\/turboair.com\/de\/wp-json\/wp\/v2\/pages"}],"about":[{"href":"https:\/\/turboair.com\/de\/wp-json\/wp\/v2\/types\/page"}],"author":[{"embeddable":true,"href":"https:\/\/turboair.com\/de\/wp-json\/wp\/v2\/users\/4"}],"replies":[{"embeddable":true,"href":"https:\/\/turboair.com\/de\/wp-json\/wp\/v2\/comments?post=4851"}],"version-history":[{"count":5,"href":"https:\/\/turboair.com\/de\/wp-json\/wp\/v2\/pages\/4851\/revisions"}],"predecessor-version":[{"id":4957,"href":"https:\/\/turboair.com\/de\/wp-json\/wp\/v2\/pages\/4851\/revisions\/4957"}],"wp:attachment":[{"href":"https:\/\/turboair.com\/de\/wp-json\/wp\/v2\/media?parent=4851"}],"curies":[{"name":"wp","href":"https:\/\/api.w.org\/{rel}","templated":true}]}}