{"id":4839,"date":"2015-03-21T15:37:30","date_gmt":"2015-03-21T14:37:30","guid":{"rendered":"http:\/\/turboair.com\/germany\/de\/choosing-the-correct-airflow-power\/"},"modified":"2018-08-01T18:32:38","modified_gmt":"2018-08-01T16:32:38","slug":"welche-leistung-sollte-ihre-haube-haben","status":"publish","type":"page","link":"https:\/\/turboair.com\/de\/welche-leistung-sollte-ihre-haube-haben\/","title":{"rendered":"Welche Leistung sollte Ihre Haube haben?"},"content":{"rendered":"<p class=\"p1\">Die Leistung einer Haube sollte sich nach der Gr\u00f6\u00dfe der K\u00fcche und dem individuellen Kochen (geruchsintensiv vs. geruchsarm) richten. Die empfohlene Leistung l\u00e4\u00dft sich leicht mit folgender Faustformel errechnen: Breite x Tiefe x H\u00f6he x 10. Beispiel: 3 m x 4 m x 2,7 m x 10 = 324 Bei diesem Beispiel sollte Ihre turboair Haube eine Leistung von mind. 324 m\u00b3\/h haben. Wie erw\u00e4hnt sind auch die Kochgewohnheiten wichtig. Kochen Sie nur Kleinigkeiten oder Fertiggerichte reicht eine Leistung von 300-400 m\u00b3\/h. Wohingegen Sie bei h\u00e4ufigem Kochen von aufwendigen Men\u00fcs eher ein Leistung von 400-500 m\u00b3\/h in Erw\u00e4gung ziehen sollten. Selbstverst\u00e4ndlich h\u00e4ngt die Wirkungsweise einer Dunstabzugshaube auch von der richtigen Benutzung ab. Sie sollten die Haube vor dem Beginn des Kochens auf einer geringen Stufe starten, beim Kochen eine h\u00f6here Leistung w\u00e4hlen und 5-10 min nach dem Kochen auf einer kleinen Stufe weiterlaufen lassen. Bei Abluftbetrieb ist es unbedingt erforderlich f\u00fcr Zuluft zu sorgen, da sonst eine korrekte Funktion der Haube nicht gew\u00e4hrleistet ist.<\/p>\n","protected":false},"excerpt":{"rendered":"<p>Die Leistung einer Haube sollte sich nach der Gr\u00f6\u00dfe der K\u00fcche und dem individuellen Kochen (geruchsintensiv vs. geruchsarm) richten. Die empfohlene Leistung l\u00e4\u00dft sich leicht mit folgender Faustformel errechnen: Breite x Tiefe x H\u00f6he x 10. Beispiel: 3 m x 4 m x 2,7 m x [&hellip;]<\/p>\n","protected":false},"author":4,"featured_media":0,"parent":0,"menu_order":0,"comment_status":"open","ping_status":"open","template":"page_r.php","meta":[],"_links":{"self":[{"href":"https:\/\/turboair.com\/de\/wp-json\/wp\/v2\/pages\/4839"}],"collection":[{"href":"https:\/\/turboair.com\/de\/wp-json\/wp\/v2\/pages"}],"about":[{"href":"https:\/\/turboair.com\/de\/wp-json\/wp\/v2\/types\/page"}],"author":[{"embeddable":true,"href":"https:\/\/turboair.com\/de\/wp-json\/wp\/v2\/users\/4"}],"replies":[{"embeddable":true,"href":"https:\/\/turboair.com\/de\/wp-json\/wp\/v2\/comments?post=4839"}],"version-history":[{"count":3,"href":"https:\/\/turboair.com\/de\/wp-json\/wp\/v2\/pages\/4839\/revisions"}],"predecessor-version":[{"id":4961,"href":"https:\/\/turboair.com\/de\/wp-json\/wp\/v2\/pages\/4839\/revisions\/4961"}],"wp:attachment":[{"href":"https:\/\/turboair.com\/de\/wp-json\/wp\/v2\/media?parent=4839"}],"curies":[{"name":"wp","href":"https:\/\/api.w.org\/{rel}","templated":true}]}}