{"id":4824,"date":"2018-07-26T13:29:13","date_gmt":"2018-07-26T11:29:13","guid":{"rendered":"http:\/\/turboair.com\/germany\/?page_id=4824"},"modified":"2018-08-01T18:32:23","modified_gmt":"2018-08-01T16:32:23","slug":"verhaltenskodex","status":"publish","type":"page","link":"https:\/\/turboair.com\/de\/verhaltenskodex\/","title":{"rendered":"Verhaltenskodex"},"content":{"rendered":"<p>Die Elica Gruppe verh\u00e4lt sich entsprechend dem Cooker Hood Code of Conduct\u00a0 (CECED) wie viele namhafte europ\u00e4ische Haushaltsger\u00e4tehersteller. Ein wichtiges Ziel des CECED ist beispielsweise die Verringerung des Stromverbauchs von Haushaltsger\u00e4ten. Innerhalb des CECED hat Elica ma\u00dfgeblich an gemeinsamen, anerkannten, allgemeinverst\u00e4ndlichen Parametern f\u00fcr Dustabzugshauben mitgewirkt. Alle technischen Leistungsangaben in diesem Katalog entsprechen folgenden europ\u00e4ischen Normen: EN 60704-2-13, EN 60704-3 und EN 61591<\/p>\n","protected":false},"excerpt":{"rendered":"<p>Die Elica Gruppe verh\u00e4lt sich entsprechend dem Cooker Hood Code of Conduct\u00a0 (CECED) wie viele namhafte europ\u00e4ische Haushaltsger\u00e4tehersteller. Ein wichtiges Ziel des CECED ist beispielsweise die Verringerung des Stromverbauchs von Haushaltsger\u00e4ten. Innerhalb des CECED hat Elica ma\u00dfgeblich an gemeinsamen, anerkannten, allgemeinverst\u00e4ndlichen Parametern f\u00fcr Dustabzugshauben mitgewirkt. Alle [&hellip;]<\/p>\n","protected":false},"author":7,"featured_media":0,"parent":0,"menu_order":4,"comment_status":"open","ping_status":"open","template":"page_r.php","meta":[],"_links":{"self":[{"href":"https:\/\/turboair.com\/de\/wp-json\/wp\/v2\/pages\/4824"}],"collection":[{"href":"https:\/\/turboair.com\/de\/wp-json\/wp\/v2\/pages"}],"about":[{"href":"https:\/\/turboair.com\/de\/wp-json\/wp\/v2\/types\/page"}],"author":[{"embeddable":true,"href":"https:\/\/turboair.com\/de\/wp-json\/wp\/v2\/users\/7"}],"replies":[{"embeddable":true,"href":"https:\/\/turboair.com\/de\/wp-json\/wp\/v2\/comments?post=4824"}],"version-history":[{"count":1,"href":"https:\/\/turboair.com\/de\/wp-json\/wp\/v2\/pages\/4824\/revisions"}],"predecessor-version":[{"id":4825,"href":"https:\/\/turboair.com\/de\/wp-json\/wp\/v2\/pages\/4824\/revisions\/4825"}],"wp:attachment":[{"href":"https:\/\/turboair.com\/de\/wp-json\/wp\/v2\/media?parent=4824"}],"curies":[{"name":"wp","href":"https:\/\/api.w.org\/{rel}","templated":true}]}}