{"id":4822,"date":"2018-07-26T13:27:12","date_gmt":"2018-07-26T11:27:12","guid":{"rendered":"http:\/\/turboair.com\/germany\/?page_id=4822"},"modified":"2018-08-01T18:32:31","modified_gmt":"2018-08-01T16:32:31","slug":"details-und-produktion","status":"publish","type":"page","link":"https:\/\/turboair.com\/de\/details-und-produktion\/","title":{"rendered":"Details und Produktion"},"content":{"rendered":"<p>Die Anwendersicherheit und die Verwendung von getesteten Komponenten stehen an erster Stelle. Elicas Qualit\u00e4tsicherung kontrolliert und garantiert beides und stellt sicher das alle turboair Ger\u00e4te den jeweiligen technischen Normen und Richtlinien entsprechen. Die perfekte Kombination von Edelstahl, Glas und Designdetail finden Sie in jeder Dunstabzugshaube wieder. Benutzerfreundliche Bedienelemente, wie Touch Control, Temperatursensor oder aber gro\u00dffl\u00e4chige waschbare Metallfettfilter sind nur einige Beispiele. Auf turboair Ger\u00e4te k\u00f6nnen Sie sich verlassen: Exclusiv, Sicher und einfach zu Installieren &#8211; ein gutes Preis-Leistungsverh\u00e4ltnis.<\/p>\n","protected":false},"excerpt":{"rendered":"<p>Die Anwendersicherheit und die Verwendung von getesteten Komponenten stehen an erster Stelle. Elicas Qualit\u00e4tsicherung kontrolliert und garantiert beides und stellt sicher das alle turboair Ger\u00e4te den jeweiligen technischen Normen und Richtlinien entsprechen. Die perfekte Kombination von Edelstahl, Glas und Designdetail finden Sie in jeder Dunstabzugshaube wieder. [&hellip;]<\/p>\n","protected":false},"author":7,"featured_media":0,"parent":0,"menu_order":3,"comment_status":"open","ping_status":"open","template":"page_r.php","meta":[],"_links":{"self":[{"href":"https:\/\/turboair.com\/de\/wp-json\/wp\/v2\/pages\/4822"}],"collection":[{"href":"https:\/\/turboair.com\/de\/wp-json\/wp\/v2\/pages"}],"about":[{"href":"https:\/\/turboair.com\/de\/wp-json\/wp\/v2\/types\/page"}],"author":[{"embeddable":true,"href":"https:\/\/turboair.com\/de\/wp-json\/wp\/v2\/users\/7"}],"replies":[{"embeddable":true,"href":"https:\/\/turboair.com\/de\/wp-json\/wp\/v2\/comments?post=4822"}],"version-history":[{"count":1,"href":"https:\/\/turboair.com\/de\/wp-json\/wp\/v2\/pages\/4822\/revisions"}],"predecessor-version":[{"id":4823,"href":"https:\/\/turboair.com\/de\/wp-json\/wp\/v2\/pages\/4822\/revisions\/4823"}],"wp:attachment":[{"href":"https:\/\/turboair.com\/de\/wp-json\/wp\/v2\/media?parent=4822"}],"curies":[{"name":"wp","href":"https:\/\/api.w.org\/{rel}","templated":true}]}}