{"id":4819,"date":"2018-07-26T13:25:44","date_gmt":"2018-07-26T11:25:44","guid":{"rendered":"http:\/\/turboair.com\/germany\/?page_id=4819"},"modified":"2018-08-01T18:33:02","modified_gmt":"2018-08-01T16:33:02","slug":"der-italienische-geist","status":"publish","type":"page","link":"https:\/\/turboair.com\/de\/der-italienische-geist\/","title":{"rendered":"Der Italienische Geist"},"content":{"rendered":"<p>Italien ist das Land der Innovationen, Krativit\u00e4t und Knowhow hinsichtlich Haushaltger\u00e4te. Diesen italienischen Geist finden wir in vielen allt\u00e4glichen Produkten weltweit. Auch in tuboair finden wir diesen italienischen Geist wieder. Ger\u00e4te entwickeln, designen, herstellen und weltweit vertreiben mit dem Ziel langlebige zuverl\u00e4ssige Dunstabzugshauben herzustellen, die jeder K\u00fcche einen individuellen Charakter verleihen. Die Kombination von Tradition, Herstellungs &#8211; Know How, langj\u00e4hrige Erfahrung, st\u00e4ndige Weiterentwicklung und Qualit\u00e4t aus Fabriano hat turboair weltweit bekannt gemacht.<\/p>\n","protected":false},"excerpt":{"rendered":"<p>Italien ist das Land der Innovationen, Krativit\u00e4t und Knowhow hinsichtlich Haushaltger\u00e4te. Diesen italienischen Geist finden wir in vielen allt\u00e4glichen Produkten weltweit. Auch in tuboair finden wir diesen italienischen Geist wieder. Ger\u00e4te entwickeln, designen, herstellen und weltweit vertreiben mit dem Ziel langlebige zuverl\u00e4ssige Dunstabzugshauben herzustellen, die jeder [&hellip;]<\/p>\n","protected":false},"author":7,"featured_media":0,"parent":0,"menu_order":0,"comment_status":"open","ping_status":"open","template":"page_r.php","meta":[],"_links":{"self":[{"href":"https:\/\/turboair.com\/de\/wp-json\/wp\/v2\/pages\/4819"}],"collection":[{"href":"https:\/\/turboair.com\/de\/wp-json\/wp\/v2\/pages"}],"about":[{"href":"https:\/\/turboair.com\/de\/wp-json\/wp\/v2\/types\/page"}],"author":[{"embeddable":true,"href":"https:\/\/turboair.com\/de\/wp-json\/wp\/v2\/users\/7"}],"replies":[{"embeddable":true,"href":"https:\/\/turboair.com\/de\/wp-json\/wp\/v2\/comments?post=4819"}],"version-history":[{"count":1,"href":"https:\/\/turboair.com\/de\/wp-json\/wp\/v2\/pages\/4819\/revisions"}],"predecessor-version":[{"id":4820,"href":"https:\/\/turboair.com\/de\/wp-json\/wp\/v2\/pages\/4819\/revisions\/4820"}],"wp:attachment":[{"href":"https:\/\/turboair.com\/de\/wp-json\/wp\/v2\/media?parent=4819"}],"curies":[{"name":"wp","href":"https:\/\/api.w.org\/{rel}","templated":true}]}}