{"id":4807,"date":"2018-07-26T13:14:09","date_gmt":"2018-07-26T11:14:09","guid":{"rendered":"http:\/\/turboair.com\/germany\/?page_id=4807"},"modified":"2018-08-01T18:32:49","modified_gmt":"2018-08-01T16:32:49","slug":"tradition","status":"publish","type":"page","link":"https:\/\/turboair.com\/de\/tradition\/","title":{"rendered":"Tradition"},"content":{"rendered":"<p>Turboair ist eine Marke der Elica Gruppe, die eine lange Tradition als Dunstabzugshaubenhersteller hat. Gegr\u00fcndet vor \u00fcber 35 Jahren in Fabriano, Elica ist bekannt als OEM Hersteller im weltweiten Haushaltsger\u00e4te Gesch\u00e4ft. Turboair ist eine Marke der Eica Gruppe, dem weltweit f\u00fchrenden Dunstabzughaubenproduzent. Robustheit, sorgf\u00e4ltige Materialbeschaffung und Zuverl\u00e4ssigkeit gepaart mit italienischem Design stehen f\u00fcr die Wiedererkennung der Marke turboair. Intergrietes Design, klassisch und benutzerfreudlich zu steuern \u00fcber Drucktasten oder elektronisch. Die Verwendung von Motoren aus der Elica Gruppe garantieren die Leistung der Dunstabz\u00fcge. Die Reinigung und Wartung der Dunstabz\u00fcge ist einfach. Das Design wertet die K\u00fcche auf. Das Licht beleuchtet die Kochfl\u00e4che und hat einen angenehmen Ton. Turboair ist ein Beispiel f\u00fcr italienische Excellence, weltweit pr\u00e4sent in Millionen von K\u00fcchen ein Leben lang.<\/p>\n","protected":false},"excerpt":{"rendered":"<p>Turboair ist eine Marke der Elica Gruppe, die eine lange Tradition als Dunstabzugshaubenhersteller hat. Gegr\u00fcndet vor \u00fcber 35 Jahren in Fabriano, Elica ist bekannt als OEM Hersteller im weltweiten Haushaltsger\u00e4te Gesch\u00e4ft. Turboair ist eine Marke der Eica Gruppe, dem weltweit f\u00fchrenden Dunstabzughaubenproduzent. Robustheit, sorgf\u00e4ltige Materialbeschaffung und [&hellip;]<\/p>\n","protected":false},"author":7,"featured_media":0,"parent":0,"menu_order":0,"comment_status":"open","ping_status":"open","template":"page_r.php","meta":[],"_links":{"self":[{"href":"https:\/\/turboair.com\/de\/wp-json\/wp\/v2\/pages\/4807"}],"collection":[{"href":"https:\/\/turboair.com\/de\/wp-json\/wp\/v2\/pages"}],"about":[{"href":"https:\/\/turboair.com\/de\/wp-json\/wp\/v2\/types\/page"}],"author":[{"embeddable":true,"href":"https:\/\/turboair.com\/de\/wp-json\/wp\/v2\/users\/7"}],"replies":[{"embeddable":true,"href":"https:\/\/turboair.com\/de\/wp-json\/wp\/v2\/comments?post=4807"}],"version-history":[{"count":1,"href":"https:\/\/turboair.com\/de\/wp-json\/wp\/v2\/pages\/4807\/revisions"}],"predecessor-version":[{"id":4808,"href":"https:\/\/turboair.com\/de\/wp-json\/wp\/v2\/pages\/4807\/revisions\/4808"}],"wp:attachment":[{"href":"https:\/\/turboair.com\/de\/wp-json\/wp\/v2\/media?parent=4807"}],"curies":[{"name":"wp","href":"https:\/\/api.w.org\/{rel}","templated":true}]}}