{"id":4805,"date":"2018-07-26T12:14:45","date_gmt":"2018-07-26T10:14:45","guid":{"rendered":"http:\/\/turboair.com\/germany\/?page_id=4805"},"modified":"2018-08-01T18:32:46","modified_gmt":"2018-08-01T16:32:46","slug":"ueber-turboair","status":"publish","type":"page","link":"https:\/\/turboair.com\/de\/ueber-turboair\/","title":{"rendered":"\u00dcber Turboair"},"content":{"rendered":"<p>Turboair steht f\u00fcr Solide italienische Technik<\/p>\n<p>Seit \u00fcber 35 Jahren stehen diese drei Worte weltweit f\u00fcr unsere Marke turboair. Die Werte dr\u00fccken sich in Entwicklung, Design, Kowhow, technische Details, Qualit\u00e4t und Innovation aus. Entwickelt von Elica, dem weltweit f\u00fchrenden Dunstabzugshauben Hersteller.<\/p>\n<p>Alles im Hinblick auf unser Ziel: Excellence of Air.<\/p>\n","protected":false},"excerpt":{"rendered":"<p>Turboair steht f\u00fcr Solide italienische Technik Seit \u00fcber 35 Jahren stehen diese drei Worte weltweit f\u00fcr unsere Marke turboair. Die Werte dr\u00fccken sich in Entwicklung, Design, Kowhow, technische Details, Qualit\u00e4t und Innovation aus. Entwickelt von Elica, dem weltweit f\u00fchrenden Dunstabzugshauben Hersteller. Alles im Hinblick auf unser [&hellip;]<\/p>\n","protected":false},"author":7,"featured_media":0,"parent":0,"menu_order":0,"comment_status":"open","ping_status":"open","template":"page_r.php","meta":[],"_links":{"self":[{"href":"https:\/\/turboair.com\/de\/wp-json\/wp\/v2\/pages\/4805"}],"collection":[{"href":"https:\/\/turboair.com\/de\/wp-json\/wp\/v2\/pages"}],"about":[{"href":"https:\/\/turboair.com\/de\/wp-json\/wp\/v2\/types\/page"}],"author":[{"embeddable":true,"href":"https:\/\/turboair.com\/de\/wp-json\/wp\/v2\/users\/7"}],"replies":[{"embeddable":true,"href":"https:\/\/turboair.com\/de\/wp-json\/wp\/v2\/comments?post=4805"}],"version-history":[{"count":2,"href":"https:\/\/turboair.com\/de\/wp-json\/wp\/v2\/pages\/4805\/revisions"}],"predecessor-version":[{"id":4809,"href":"https:\/\/turboair.com\/de\/wp-json\/wp\/v2\/pages\/4805\/revisions\/4809"}],"wp:attachment":[{"href":"https:\/\/turboair.com\/de\/wp-json\/wp\/v2\/media?parent=4805"}],"curies":[{"name":"wp","href":"https:\/\/api.w.org\/{rel}","templated":true}]}}